{"id":606,"date":"2024-03-28T08:36:04","date_gmt":"2024-03-28T01:36:04","guid":{"rendered":"https:\/\/blog.runtogether.vn\/?page_id=606"},"modified":"2024-03-30T10:34:11","modified_gmt":"2024-03-30T03:34:11","slug":"lien-he-hop-tac","status":"publish","type":"page","link":"https:\/\/blog.runtogether.vn\/en\/lien-he-hop-tac\/","title":{"rendered":"Li\u00ean h\u1ec7 h\u1ee3p t\u00e1c"},"content":{"rendered":"<div data-elementor-type=\"wp-page\" data-elementor-id=\"606\" class=\"elementor elementor-606\" data-elementor-post-type=\"page\">\n\t\t\t\t<div class=\"elementor-element elementor-element-712e75e e-flex e-con-boxed e-con e-parent\" data-id=\"712e75e\" data-element_type=\"container\" data-settings=\"{&quot;background_background&quot;:&quot;classic&quot;,&quot;content_width&quot;:&quot;boxed&quot;}\" data-core-v316-plus=\"true\">\n\t\t\t\t\t<div class=\"e-con-inner\">\n\t\t\t\t<div class=\"elementor-element elementor-element-9614371 elementor-widget elementor-widget-spacer\" data-id=\"9614371\" data-element_type=\"widget\" data-widget_type=\"spacer.default\">\n\t\t\t\t<div class=\"elementor-widget-container\">\n\t\t\t<style>\/*! elementor - v3.19.0 - 28-02-2024 *\/\n.elementor-column .elementor-spacer-inner{height:var(--spacer-size)}.e-con{--container-widget-width:100%}.e-con-inner>.elementor-widget-spacer,.e-con>.elementor-widget-spacer{width:var(--container-widget-width,var(--spacer-size));--align-self:var(--container-widget-align-self,initial);--flex-shrink:0}.e-con-inner>.elementor-widget-spacer>.elementor-widget-container,.e-con>.elementor-widget-spacer>.elementor-widget-container{height:100%;width:100%}.e-con-inner>.elementor-widget-spacer>.elementor-widget-container>.elementor-spacer,.e-con>.elementor-widget-spacer>.elementor-widget-container>.elementor-spacer{height:100%}.e-con-inner>.elementor-widget-spacer>.elementor-widget-container>.elementor-spacer>.elementor-spacer-inner,.e-con>.elementor-widget-spacer>.elementor-widget-container>.elementor-spacer>.elementor-spacer-inner{height:var(--container-widget-height,var(--spacer-size))}.e-con-inner>.elementor-widget-spacer.elementor-widget-empty,.e-con>.elementor-widget-spacer.elementor-widget-empty{position:relative;min-height:22px;min-width:22px}.e-con-inner>.elementor-widget-spacer.elementor-widget-empty .elementor-widget-empty-icon,.e-con>.elementor-widget-spacer.elementor-widget-empty .elementor-widget-empty-icon{position:absolute;top:0;bottom:0;left:0;right:0;margin:auto;padding:0;width:22px;height:22px}<\/style>\t\t<div class=\"elementor-spacer\">\n\t\t\t<div class=\"elementor-spacer-inner\"><\/div>\n\t\t<\/div>\n\t\t\t\t<\/div>\n\t\t\t\t<\/div>\n\t\t\t\t<div class=\"elementor-element elementor-element-e3a26c0 elementor-align-center elementor-widget elementor-widget-breadcrumbs\" data-id=\"e3a26c0\" data-element_type=\"widget\" data-widget_type=\"breadcrumbs.default\">\n\t\t\t\t<div class=\"elementor-widget-container\">\n\t\t\t<link rel=\"stylesheet\" href=\"https:\/\/blog.runtogether.vn\/wp-content\/plugins\/elementor-pro\/assets\/css\/widget-theme-elements.min.css\"><div id=\"breadcrumbs\"><span><span><a href=\"https:\/\/blog.runtogether.vn\/en\/\">Trang ch\u1ee7<\/a><\/span><\/span><\/div>\t\t<\/div>\n\t\t\t\t<\/div>\n\t\t\t\t<div class=\"elementor-element elementor-element-936a11c elementor-widget elementor-widget-spacer\" data-id=\"936a11c\" data-element_type=\"widget\" data-widget_type=\"spacer.default\">\n\t\t\t\t<div class=\"elementor-widget-container\">\n\t\t\t\t\t<div class=\"elementor-spacer\">\n\t\t\t<div class=\"elementor-spacer-inner\"><\/div>\n\t\t<\/div>\n\t\t\t\t<\/div>\n\t\t\t\t<\/div>\n\t\t\t\t\t<\/div>\n\t\t\t\t<\/div>\n\t\t<div class=\"elementor-element elementor-element-2e9fccb e-flex e-con-boxed e-con e-parent\" data-id=\"2e9fccb\" data-element_type=\"container\" data-settings=\"{&quot;content_width&quot;:&quot;boxed&quot;}\" data-core-v316-plus=\"true\">\n\t\t\t\t\t<div class=\"e-con-inner\">\n\t\t\t\t<div class=\"elementor-element elementor-element-99ce044 elementor-widget elementor-widget-heading\" data-id=\"99ce044\" data-element_type=\"widget\" data-widget_type=\"heading.default\">\n\t\t\t\t<div class=\"elementor-widget-container\">\n\t\t\t<style>\/*! elementor - v3.19.0 - 28-02-2024 *\/\n.elementor-heading-title{padding:0;margin:0;line-height:1}.elementor-widget-heading .elementor-heading-title[class*=elementor-size-]>a{color:inherit;font-size:inherit;line-height:inherit}.elementor-widget-heading .elementor-heading-title.elementor-size-small{font-size:15px}.elementor-widget-heading .elementor-heading-title.elementor-size-medium{font-size:19px}.elementor-widget-heading .elementor-heading-title.elementor-size-large{font-size:29px}.elementor-widget-heading .elementor-heading-title.elementor-size-xl{font-size:39px}.elementor-widget-heading .elementor-heading-title.elementor-size-xxl{font-size:59px}<\/style><h2 class=\"elementor-heading-title elementor-size-default\">Li\u00ean h\u1ec7 h\u1ee3p t\u00e1c<\/h2>\t\t<\/div>\n\t\t\t\t<\/div>\n\t\t<div class=\"elementor-element elementor-element-2d23d93 e-flex e-con-boxed e-con e-child\" data-id=\"2d23d93\" data-element_type=\"container\" data-settings=\"{&quot;content_width&quot;:&quot;boxed&quot;}\">\n\t\t\t\t\t<div class=\"e-con-inner\">\n\t\t\t\t<div class=\"elementor-element elementor-element-ab653fd elementor-widget elementor-widget-spacer\" data-id=\"ab653fd\" data-element_type=\"widget\" data-widget_type=\"spacer.default\">\n\t\t\t\t<div class=\"elementor-widget-container\">\n\t\t\t\t\t<div class=\"elementor-spacer\">\n\t\t\t<div class=\"elementor-spacer-inner\"><\/div>\n\t\t<\/div>\n\t\t\t\t<\/div>\n\t\t\t\t<\/div>\n\t\t\t\t<div class=\"elementor-element elementor-element-fc97310 elementor-widget elementor-widget-image\" data-id=\"fc97310\" data-element_type=\"widget\" data-widget_type=\"image.default\">\n\t\t\t\t<div class=\"elementor-widget-container\">\n\t\t\t<style>\/*! elementor - v3.19.0 - 28-02-2024 *\/\n.elementor-widget-image{text-align:center}.elementor-widget-image a{display:inline-block}.elementor-widget-image a img[src$=\".svg\"]{width:48px}.elementor-widget-image img{vertical-align:middle;display:inline-block}<\/style>\t\t\t\t\t\t\t\t\t\t<img fetchpriority=\"high\" decoding=\"async\" width=\"712\" height=\"2000\" src=\"https:\/\/blog.runtogether.vn\/wp-content\/uploads\/2024\/03\/lien-he-hop-tac.webp\" class=\"attachment-full size-full wp-image-609\" alt=\"\" srcset=\"https:\/\/blog.runtogether.vn\/wp-content\/uploads\/2024\/03\/lien-he-hop-tac.webp 712w, https:\/\/blog.runtogether.vn\/wp-content\/uploads\/2024\/03\/lien-he-hop-tac-107x300.webp 107w, https:\/\/blog.runtogether.vn\/wp-content\/uploads\/2024\/03\/lien-he-hop-tac-365x1024.webp 365w, https:\/\/blog.runtogether.vn\/wp-content\/uploads\/2024\/03\/lien-he-hop-tac-547x1536.webp 547w\" sizes=\"(max-width: 712px) 100vw, 712px\" \/>\t\t\t\t\t\t\t\t\t\t\t\t\t<\/div>\n\t\t\t\t<\/div>\n\t\t\t\t<div class=\"elementor-element elementor-element-5f07c89 elementor-widget elementor-widget-heading\" data-id=\"5f07c89\" data-element_type=\"widget\" data-widget_type=\"heading.default\">\n\t\t\t\t<div class=\"elementor-widget-container\">\n\t\t\t<h5 class=\"elementor-heading-title elementor-size-default\">\u0110I\u1ec0U KI\u1ec6N TR\u1ede TH\u00c0NH \u0110\u1ea0I L\u00dd C\u1ee6A RUN TOGETHER<\/h5>\t\t<\/div>\n\t\t\t\t<\/div>\n\t\t\t\t<div class=\"elementor-element elementor-element-4f5ee3c elementor-widget elementor-widget-text-editor\" data-id=\"4f5ee3c\" data-element_type=\"widget\" data-widget_type=\"text-editor.default\">\n\t\t\t\t<div class=\"elementor-widget-container\">\n\t\t\t<style>\/*! elementor - v3.19.0 - 28-02-2024 *\/\n.elementor-widget-text-editor.elementor-drop-cap-view-stacked .elementor-drop-cap{background-color:#69727d;color:#fff}.elementor-widget-text-editor.elementor-drop-cap-view-framed .elementor-drop-cap{color:#69727d;border:3px solid;background-color:transparent}.elementor-widget-text-editor:not(.elementor-drop-cap-view-default) .elementor-drop-cap{margin-top:8px}.elementor-widget-text-editor:not(.elementor-drop-cap-view-default) .elementor-drop-cap-letter{width:1em;height:1em}.elementor-widget-text-editor .elementor-drop-cap{float:left;text-align:center;line-height:1;font-size:50px}.elementor-widget-text-editor .elementor-drop-cap-letter{display:inline-block}<\/style>\t\t\t\t<p style=\"font-weight: 400;\"><strong>1. V\u1ec1 m\u1eb7t b\u1eb1ng<\/strong><br \/>&#8211; \u1ede g\u1ea7n ho\u1eb7c \u1edf ngay khu v\u1ef1c t\u1eadp trung d\u00e2n c\u01b0, \u0111\u00f4ng ng\u01b0\u1eddi qua l\u1ea1i.<br \/>&#8211; Di\u1ec7n t\u00edch &gt;= 12m\u00b2 ho\u1eb7c 4m\u00b2 (kios, s\u1ea1p trong ch\u1ee3).<br \/>&#8211; Chi\u1ec1u ngang &gt;= 3m ho\u1eb7c 2m (kios, s\u1ea1p trong ch\u1ee3).<br \/>&#8211; Kho h\u00e0ng &gt;= 500 \u0111\u00f4i v\u00e0 quy\u1ec1n s\u1eed d\u1ee5ng &gt;= 02 n\u0103m k\u1ec3 t\u1eeb ng\u00e0y k\u00fd H\u0110 v\u1edbi Run Together<br \/>&#8211; Kho\u1ea3ng c\u00e1ch h\u1ee3p l\u00fd tr\u01b0\u1edbc khi m\u1edf \u0111\u1ea1i l\u00fd m\u1edbi g\u1ea7n \u0111\u1ea1i l\u00fd c\u0169 do c\u00f4ng ty xem x\u00e9t.<br \/><strong>2. Kh\u1ea3 n\u0103ng t\u00e0i ch\u00ednh:<\/strong><br \/>&#8211; C\u00f3 v\u1ed1n t\u1ed1i thi\u1ec3u \u0111\u1ec3 mua l\u00f4 h\u00e0ng \u0111\u1ea7u theo quy \u0111\u1ecbnh.<br \/>&#8211; \u0110\u1ea1i l\u00fd thu\u1ed9c c\u00e1c th\u00e0nh ph\u1ed1, th\u1ecb x\u00e3: 80 tri\u1ec7u \u0111\u1ed3ng.<br \/>&#8211; \u0110\u1ea1i l\u00fd thu\u1ed9c c\u00e1c th\u1ecb tr\u1ea5n, huy\u1ec7n l\u1ecb kh\u00e1c: 50 tri\u1ec7u \u0111\u1ed3ng<br \/>&#8211; Ph\u01b0\u01a1ng th\u1ee9c thanh to\u00e1n: thanh to\u00e1n 100% ngay khi nh\u1eadn h\u00e0ng.<br \/><strong>3. V\u1ec1 nh\u00e2n l\u1ef1c:<\/strong><br \/>&#8211; C\u00f3 \u00edt nh\u1ea5t 01 ng\u01b0\u1eddi th\u01b0\u1eddng xuy\u00ean b\u00e1n h\u00e0ng.<br \/><strong>4. Kinh nghi\u1ec7m kinh doanh:\u00a0<\/strong><br \/>&#8211; C\u00f3 kinh nghi\u1ec7m kinh doanh gi\u00e0y d\u00e9p. C\u00e1c \u0111i\u1ec3m b\u00e1n l\u1ebb gi\u00e0y d\u00e9p \u0111\u1ea1t \u0111\u1ee7 c\u00e1c \u0111i\u1ec1u ki\u1ec7n (m\u1eb7t b\u1eb1ng, t\u00e0i ch\u00ednh, nh\u00e2n l\u1ef1c).<br \/><strong>5. V\u1ec1 v\u1ea5n \u0111\u1ec1 m\u1edf th\u00eam \u0111\u1ecba \u0111i\u1ec3m:<\/strong><br \/>&#8211; \u0110\u1ed1i v\u1edbi Qu\u00fd kh\u00e1ch h\u00e0ng \u0111ang l\u00e0 \u0111\u1ea1i l\u00fd c\u1ee7a Run Together m\u00e0 mu\u1ed1n m\u1edf th\u00eam \u0111i\u1ec3m b\u00e1n ph\u1ea3i th\u1ecfa thu\u1eadn b\u1eb1ng v\u0103n b\u1ea3n v\u00e0 c\u00f3 s\u1ef1 \u0111\u1ed3ng \u00fd c\u1ee7a Run Together.\u00a0<br \/>6. Vi\u1ec7c b\u00e1n h\u00e0ng Online s\u1ea3n ph\u1ea9m Run Together tr\u00ean c\u00e1c trang th\u01b0\u01a1ng m\u1ea1i \u0111i\u1ec7n t\u1eed, m\u1ea1ng x\u00e3 h\u1ed9i:<br \/>&#8211; \u0110\u1ed1i v\u1edbi Qu\u00fd kh\u00e1ch h\u00e0ng \u0111ang l\u00e0 \u0111\u1ea1i l\u00fd c\u1ee7a Run Together mu\u1ed1n b\u00e1n h\u00e0ng Online s\u1ea3n ph\u1ea9m Run Together tr\u00ean c\u00e1c trang th\u01b0\u01a1ng m\u1ea1i \u0111i\u1ec7n t\u1eed, m\u1ea1ng x\u00e3 h\u1ed9i ph\u1ea3i \u0111\u01b0\u1ee3c s\u1ef1 \u0111\u1ed3ng \u00fd b\u1eb1ng v\u0103n b\u1ea3n c\u1ee7a c\u00f4ng ty.<\/p>\t\t\t\t\t\t<\/div>\n\t\t\t\t<\/div>\n\t\t\t\t<div class=\"elementor-element elementor-element-50ec98e elementor-widget elementor-widget-text-editor\" data-id=\"50ec98e\" data-element_type=\"widget\" data-widget_type=\"text-editor.default\">\n\t\t\t\t<div class=\"elementor-widget-container\">\n\t\t\t\t\t\t\t<p><strong>Li\u00ean h\u1ec7 h\u1ee3p t\u00e1c:<\/strong><br \/>N\u1ebfu b\u1ea1n quan t\u00e2m \u0111\u1ebfn vi\u1ec7c h\u1ee3p t\u00e1c c\u00f9ng Run Together, vui l\u00f2ng li\u00ean h\u1ec7 v\u1edbi ch\u00fang t\u00f4i theo th\u00f4ng tin sau:<br \/>Hotline: <span style=\"color: #99cc00;\"><a style=\"color: #99cc00;\" href=\"tel:05665088890\">056.650.8889<\/a><\/span><br \/>Run Together lu\u00f4n ch\u00e0o \u0111\u00f3n c\u00e1c \u0111\u1ed1i t\u00e1c ti\u1ec1m n\u0103ng, c\u00f9ng \u0111\u1ed3ng h\u00e0nh ph\u00e1t tri\u1ec3n v\u00e0 mang \u0111\u1ebfn nh\u1eefng s\u1ea3n ph\u1ea9m t\u1ed1t nh\u1ea5t cho kh\u00e1ch h\u00e0ng. H\u00e3y li\u00ean h\u1ec7 v\u1edbi ch\u00fang t\u00f4i ngay h\u00f4m nay \u0111\u1ec3 bi\u1ebft th\u00eam th\u00f4ng tin chi ti\u1ebft!<\/p>\t\t\t\t\t\t<\/div>\n\t\t\t\t<\/div>\n\t\t\t\t<div class=\"elementor-element elementor-element-914069b elementor-widget elementor-widget-spacer\" data-id=\"914069b\" data-element_type=\"widget\" data-widget_type=\"spacer.default\">\n\t\t\t\t<div class=\"elementor-widget-container\">\n\t\t\t\t\t<div class=\"elementor-spacer\">\n\t\t\t<div class=\"elementor-spacer-inner\"><\/div>\n\t\t<\/div>\n\t\t\t\t<\/div>\n\t\t\t\t<\/div>\n\t\t\t\t\t<\/div>\n\t\t\t\t<\/div>\n\t\t\t\t\t<\/div>\n\t\t\t\t<\/div>\n\t\t\t\t<\/div>","protected":false},"excerpt":{"rendered":"<p>Li\u00ean h\u1ec7 h\u1ee3p t\u00e1c \u0110I\u1ec0U KI\u1ec6N TR\u1ede TH\u00c0NH \u0110\u1ea0I L\u00dd C\u1ee6A RUN TOGETHER 1. V\u1ec1 m\u1eb7t b\u1eb1ng&#8211; \u1ede g\u1ea7n ho\u1eb7c \u1edf ngay khu v\u1ef1c t\u1eadp trung d\u00e2n c\u01b0, \u0111\u00f4ng ng\u01b0\u1eddi qua l\u1ea1i.&#8211; Di\u1ec7n t\u00edch &gt;= 12m\u00b2 ho\u1eb7c 4m\u00b2 (kios, s\u1ea1p trong ch\u1ee3).&#8211; Chi\u1ec1u ngang &gt;= 3m ho\u1eb7c 2m (kios, s\u1ea1p trong ch\u1ee3).&#8211; Kho h\u00e0ng &gt;= [&hellip;]<\/p>","protected":false},"author":3,"featured_media":0,"parent":0,"menu_order":0,"comment_status":"closed","ping_status":"closed","template":"","meta":{"footnotes":""},"class_list":["post-606","page","type-page","status-publish","hentry"],"yoast_head":"<!-- This site is optimized with the Yoast SEO plugin v24.2 - https:\/\/yoast.com\/wordpress\/plugins\/seo\/ -->\n<title>Li\u00ean h\u1ec7 h\u1ee3p t\u00e1c - Blog Runtogether<\/title>\n<meta name=\"robots\" content=\"index, follow, max-snippet:-1, max-image-preview:large, max-video-preview:-1\" \/>\n<link rel=\"canonical\" href=\"https:\/\/blog.runtogether.vn\/en\/lien-he-hop-tac\/\" \/>\n<meta property=\"og:locale\" content=\"en_US\" \/>\n<meta property=\"og:type\" content=\"article\" \/>\n<meta property=\"og:title\" content=\"Li\u00ean h\u1ec7 h\u1ee3p t\u00e1c - Blog Runtogether\" \/>\n<meta property=\"og:description\" content=\"Li\u00ean h\u1ec7 h\u1ee3p t\u00e1c \u0110I\u1ec0U KI\u1ec6N TR\u1ede TH\u00c0NH \u0110\u1ea0I L\u00dd C\u1ee6A RUN TOGETHER 1. V\u1ec1 m\u1eb7t b\u1eb1ng&#8211; \u1ede g\u1ea7n ho\u1eb7c \u1edf ngay khu v\u1ef1c t\u1eadp trung d\u00e2n c\u01b0, \u0111\u00f4ng ng\u01b0\u1eddi qua l\u1ea1i.&#8211; Di\u1ec7n t\u00edch &gt;= 12m\u00b2 ho\u1eb7c 4m\u00b2 (kios, s\u1ea1p trong ch\u1ee3).&#8211; Chi\u1ec1u ngang &gt;= 3m ho\u1eb7c 2m (kios, s\u1ea1p trong ch\u1ee3).&#8211; Kho h\u00e0ng &gt;= [&hellip;]\" \/>\n<meta property=\"og:url\" content=\"https:\/\/blog.runtogether.vn\/en\/lien-he-hop-tac\/\" \/>\n<meta property=\"og:site_name\" content=\"Blog Runtogether\" \/>\n<meta property=\"article:modified_time\" content=\"2024-03-30T03:34:11+00:00\" \/>\n<meta property=\"og:image\" content=\"https:\/\/blog.runtogether.vn\/wp-content\/uploads\/2024\/03\/lien-he-hop-tac.webp\" \/>\n<meta name=\"twitter:card\" content=\"summary_large_image\" \/>\n<meta name=\"twitter:label1\" content=\"Est. reading time\" \/>\n\t<meta name=\"twitter:data1\" content=\"3 minutes\" \/>\n<script type=\"application\/ld+json\" class=\"yoast-schema-graph\">{\"@context\":\"https:\/\/schema.org\",\"@graph\":[{\"@type\":\"WebPage\",\"@id\":\"https:\/\/blog.runtogether.vn\/lien-he-hop-tac\/\",\"url\":\"https:\/\/blog.runtogether.vn\/lien-he-hop-tac\/\",\"name\":\"Li\u00ean h\u1ec7 h\u1ee3p t\u00e1c - Blog Runtogether\",\"isPartOf\":{\"@id\":\"https:\/\/blog.runtogether.vn\/#website\"},\"primaryImageOfPage\":{\"@id\":\"https:\/\/blog.runtogether.vn\/lien-he-hop-tac\/#primaryimage\"},\"image\":{\"@id\":\"https:\/\/blog.runtogether.vn\/lien-he-hop-tac\/#primaryimage\"},\"thumbnailUrl\":\"https:\/\/blog.runtogether.vn\/wp-content\/uploads\/2024\/03\/lien-he-hop-tac.webp\",\"datePublished\":\"2024-03-28T01:36:04+00:00\",\"dateModified\":\"2024-03-30T03:34:11+00:00\",\"breadcrumb\":{\"@id\":\"https:\/\/blog.runtogether.vn\/lien-he-hop-tac\/#breadcrumb\"},\"inLanguage\":\"en-US\",\"potentialAction\":[{\"@type\":\"ReadAction\",\"target\":[\"https:\/\/blog.runtogether.vn\/lien-he-hop-tac\/\"]}]},{\"@type\":\"ImageObject\",\"inLanguage\":\"en-US\",\"@id\":\"https:\/\/blog.runtogether.vn\/lien-he-hop-tac\/#primaryimage\",\"url\":\"https:\/\/blog.runtogether.vn\/wp-content\/uploads\/2024\/03\/lien-he-hop-tac.webp\",\"contentUrl\":\"https:\/\/blog.runtogether.vn\/wp-content\/uploads\/2024\/03\/lien-he-hop-tac.webp\"},{\"@type\":\"BreadcrumbList\",\"@id\":\"https:\/\/blog.runtogether.vn\/lien-he-hop-tac\/#breadcrumb\",\"itemListElement\":[{\"@type\":\"ListItem\",\"position\":1,\"name\":\"Trang ch\u1ee7\",\"item\":\"https:\/\/blog.runtogether.vn\/\"},{\"@type\":\"ListItem\",\"position\":2,\"name\":\"Li\u00ean h\u1ec7 h\u1ee3p t\u00e1c\"}]},{\"@type\":\"WebSite\",\"@id\":\"https:\/\/blog.runtogether.vn\/#website\",\"url\":\"https:\/\/blog.runtogether.vn\/\",\"name\":\"Blog Runtogether\",\"description\":\"\",\"publisher\":{\"@id\":\"https:\/\/blog.runtogether.vn\/#organization\"},\"potentialAction\":[{\"@type\":\"SearchAction\",\"target\":{\"@type\":\"EntryPoint\",\"urlTemplate\":\"https:\/\/blog.runtogether.vn\/?s={search_term_string}\"},\"query-input\":{\"@type\":\"PropertyValueSpecification\",\"valueRequired\":true,\"valueName\":\"search_term_string\"}}],\"inLanguage\":\"en-US\"},{\"@type\":\"Organization\",\"@id\":\"https:\/\/blog.runtogether.vn\/#organization\",\"name\":\"Blog Runtogether\",\"url\":\"https:\/\/blog.runtogether.vn\/\",\"logo\":{\"@type\":\"ImageObject\",\"inLanguage\":\"en-US\",\"@id\":\"https:\/\/blog.runtogether.vn\/#\/schema\/logo\/image\/\",\"url\":\"https:\/\/blog.runtogether.vn\/wp-content\/uploads\/2024\/03\/300x300.png\",\"contentUrl\":\"https:\/\/blog.runtogether.vn\/wp-content\/uploads\/2024\/03\/300x300.png\",\"width\":300,\"height\":300,\"caption\":\"Blog Runtogether\"},\"image\":{\"@id\":\"https:\/\/blog.runtogether.vn\/#\/schema\/logo\/image\/\"}}]}<\/script>\n<!-- \/ Yoast SEO plugin. -->","yoast_head_json":{"title":"Li\u00ean h\u1ec7 h\u1ee3p t\u00e1c - Blog Runtogether","robots":{"index":"index","follow":"follow","max-snippet":"max-snippet:-1","max-image-preview":"max-image-preview:large","max-video-preview":"max-video-preview:-1"},"canonical":"https:\/\/blog.runtogether.vn\/en\/lien-he-hop-tac\/","og_locale":"en_US","og_type":"article","og_title":"Li\u00ean h\u1ec7 h\u1ee3p t\u00e1c - Blog Runtogether","og_description":"Li\u00ean h\u1ec7 h\u1ee3p t\u00e1c \u0110I\u1ec0U KI\u1ec6N TR\u1ede TH\u00c0NH \u0110\u1ea0I L\u00dd C\u1ee6A RUN TOGETHER 1. V\u1ec1 m\u1eb7t b\u1eb1ng&#8211; \u1ede g\u1ea7n ho\u1eb7c \u1edf ngay khu v\u1ef1c t\u1eadp trung d\u00e2n c\u01b0, \u0111\u00f4ng ng\u01b0\u1eddi qua l\u1ea1i.&#8211; Di\u1ec7n t\u00edch &gt;= 12m\u00b2 ho\u1eb7c 4m\u00b2 (kios, s\u1ea1p trong ch\u1ee3).&#8211; Chi\u1ec1u ngang &gt;= 3m ho\u1eb7c 2m (kios, s\u1ea1p trong ch\u1ee3).&#8211; Kho h\u00e0ng &gt;= [&hellip;]","og_url":"https:\/\/blog.runtogether.vn\/en\/lien-he-hop-tac\/","og_site_name":"Blog Runtogether","article_modified_time":"2024-03-30T03:34:11+00:00","og_image":[{"url":"https:\/\/blog.runtogether.vn\/wp-content\/uploads\/2024\/03\/lien-he-hop-tac.webp","type":"","width":"","height":""}],"twitter_card":"summary_large_image","twitter_misc":{"Est. reading time":"3 minutes"},"schema":{"@context":"https:\/\/schema.org","@graph":[{"@type":"WebPage","@id":"https:\/\/blog.runtogether.vn\/lien-he-hop-tac\/","url":"https:\/\/blog.runtogether.vn\/lien-he-hop-tac\/","name":"Li\u00ean h\u1ec7 h\u1ee3p t\u00e1c - Blog Runtogether","isPartOf":{"@id":"https:\/\/blog.runtogether.vn\/#website"},"primaryImageOfPage":{"@id":"https:\/\/blog.runtogether.vn\/lien-he-hop-tac\/#primaryimage"},"image":{"@id":"https:\/\/blog.runtogether.vn\/lien-he-hop-tac\/#primaryimage"},"thumbnailUrl":"https:\/\/blog.runtogether.vn\/wp-content\/uploads\/2024\/03\/lien-he-hop-tac.webp","datePublished":"2024-03-28T01:36:04+00:00","dateModified":"2024-03-30T03:34:11+00:00","breadcrumb":{"@id":"https:\/\/blog.runtogether.vn\/lien-he-hop-tac\/#breadcrumb"},"inLanguage":"en-US","potentialAction":[{"@type":"ReadAction","target":["https:\/\/blog.runtogether.vn\/lien-he-hop-tac\/"]}]},{"@type":"ImageObject","inLanguage":"en-US","@id":"https:\/\/blog.runtogether.vn\/lien-he-hop-tac\/#primaryimage","url":"https:\/\/blog.runtogether.vn\/wp-content\/uploads\/2024\/03\/lien-he-hop-tac.webp","contentUrl":"https:\/\/blog.runtogether.vn\/wp-content\/uploads\/2024\/03\/lien-he-hop-tac.webp"},{"@type":"BreadcrumbList","@id":"https:\/\/blog.runtogether.vn\/lien-he-hop-tac\/#breadcrumb","itemListElement":[{"@type":"ListItem","position":1,"name":"Trang ch\u1ee7","item":"https:\/\/blog.runtogether.vn\/"},{"@type":"ListItem","position":2,"name":"Li\u00ean h\u1ec7 h\u1ee3p t\u00e1c"}]},{"@type":"WebSite","@id":"https:\/\/blog.runtogether.vn\/#website","url":"https:\/\/blog.runtogether.vn\/","name":"Blog Runtogether","description":"","publisher":{"@id":"https:\/\/blog.runtogether.vn\/#organization"},"potentialAction":[{"@type":"SearchAction","target":{"@type":"EntryPoint","urlTemplate":"https:\/\/blog.runtogether.vn\/?s={search_term_string}"},"query-input":{"@type":"PropertyValueSpecification","valueRequired":true,"valueName":"search_term_string"}}],"inLanguage":"en-US"},{"@type":"Organization","@id":"https:\/\/blog.runtogether.vn\/#organization","name":"Blog Runtogether","url":"https:\/\/blog.runtogether.vn\/","logo":{"@type":"ImageObject","inLanguage":"en-US","@id":"https:\/\/blog.runtogether.vn\/#\/schema\/logo\/image\/","url":"https:\/\/blog.runtogether.vn\/wp-content\/uploads\/2024\/03\/300x300.png","contentUrl":"https:\/\/blog.runtogether.vn\/wp-content\/uploads\/2024\/03\/300x300.png","width":300,"height":300,"caption":"Blog Runtogether"},"image":{"@id":"https:\/\/blog.runtogether.vn\/#\/schema\/logo\/image\/"}}]}},"_links":{"self":[{"href":"https:\/\/blog.runtogether.vn\/en\/wp-json\/wp\/v2\/pages\/606","targetHints":{"allow":["GET"]}}],"collection":[{"href":"https:\/\/blog.runtogether.vn\/en\/wp-json\/wp\/v2\/pages"}],"about":[{"href":"https:\/\/blog.runtogether.vn\/en\/wp-json\/wp\/v2\/types\/page"}],"author":[{"embeddable":true,"href":"https:\/\/blog.runtogether.vn\/en\/wp-json\/wp\/v2\/users\/3"}],"replies":[{"embeddable":true,"href":"https:\/\/blog.runtogether.vn\/en\/wp-json\/wp\/v2\/comments?post=606"}],"version-history":[{"count":0,"href":"https:\/\/blog.runtogether.vn\/en\/wp-json\/wp\/v2\/pages\/606\/revisions"}],"wp:attachment":[{"href":"https:\/\/blog.runtogether.vn\/en\/wp-json\/wp\/v2\/media?parent=606"}],"curies":[{"name":"wp","href":"https:\/\/api.w.org\/{rel}","templated":true}]}}