{"id":597,"date":"2024-03-28T08:23:10","date_gmt":"2024-03-28T01:23:10","guid":{"rendered":"https:\/\/blog.runtogether.vn\/?page_id=597"},"modified":"2024-03-30T10:30:26","modified_gmt":"2024-03-30T03:30:26","slug":"chinh-sach-doi-size","status":"publish","type":"page","link":"https:\/\/blog.runtogether.vn\/en\/chinh-sach-doi-size\/","title":{"rendered":"Ch\u00ednh s\u00e1ch \u0111\u1ed5i Size"},"content":{"rendered":"<div data-elementor-type=\"wp-page\" data-elementor-id=\"597\" class=\"elementor elementor-597\" data-elementor-post-type=\"page\">\n\t\t\t\t<div class=\"elementor-element elementor-element-33f6f28 e-flex e-con-boxed e-con e-parent\" data-id=\"33f6f28\" data-element_type=\"container\" data-settings=\"{&quot;background_background&quot;:&quot;classic&quot;,&quot;content_width&quot;:&quot;boxed&quot;}\" data-core-v316-plus=\"true\">\n\t\t\t\t\t<div class=\"e-con-inner\">\n\t\t\t\t<div class=\"elementor-element elementor-element-da2aa73 elementor-widget elementor-widget-spacer\" data-id=\"da2aa73\" data-element_type=\"widget\" data-widget_type=\"spacer.default\">\n\t\t\t\t<div class=\"elementor-widget-container\">\n\t\t\t<style>\/*! elementor - v3.19.0 - 28-02-2024 *\/\n.elementor-column .elementor-spacer-inner{height:var(--spacer-size)}.e-con{--container-widget-width:100%}.e-con-inner>.elementor-widget-spacer,.e-con>.elementor-widget-spacer{width:var(--container-widget-width,var(--spacer-size));--align-self:var(--container-widget-align-self,initial);--flex-shrink:0}.e-con-inner>.elementor-widget-spacer>.elementor-widget-container,.e-con>.elementor-widget-spacer>.elementor-widget-container{height:100%;width:100%}.e-con-inner>.elementor-widget-spacer>.elementor-widget-container>.elementor-spacer,.e-con>.elementor-widget-spacer>.elementor-widget-container>.elementor-spacer{height:100%}.e-con-inner>.elementor-widget-spacer>.elementor-widget-container>.elementor-spacer>.elementor-spacer-inner,.e-con>.elementor-widget-spacer>.elementor-widget-container>.elementor-spacer>.elementor-spacer-inner{height:var(--container-widget-height,var(--spacer-size))}.e-con-inner>.elementor-widget-spacer.elementor-widget-empty,.e-con>.elementor-widget-spacer.elementor-widget-empty{position:relative;min-height:22px;min-width:22px}.e-con-inner>.elementor-widget-spacer.elementor-widget-empty .elementor-widget-empty-icon,.e-con>.elementor-widget-spacer.elementor-widget-empty .elementor-widget-empty-icon{position:absolute;top:0;bottom:0;left:0;right:0;margin:auto;padding:0;width:22px;height:22px}<\/style>\t\t<div class=\"elementor-spacer\">\n\t\t\t<div class=\"elementor-spacer-inner\"><\/div>\n\t\t<\/div>\n\t\t\t\t<\/div>\n\t\t\t\t<\/div>\n\t\t\t\t<div class=\"elementor-element elementor-element-4162e95 elementor-align-center elementor-widget elementor-widget-breadcrumbs\" data-id=\"4162e95\" data-element_type=\"widget\" data-widget_type=\"breadcrumbs.default\">\n\t\t\t\t<div class=\"elementor-widget-container\">\n\t\t\t<link rel=\"stylesheet\" href=\"https:\/\/blog.runtogether.vn\/wp-content\/plugins\/elementor-pro\/assets\/css\/widget-theme-elements.min.css\"><div id=\"breadcrumbs\"><span><span><a href=\"https:\/\/blog.runtogether.vn\/en\/\">Trang ch\u1ee7<\/a><\/span><\/span><\/div>\t\t<\/div>\n\t\t\t\t<\/div>\n\t\t\t\t<div class=\"elementor-element elementor-element-403ff5b elementor-widget elementor-widget-spacer\" data-id=\"403ff5b\" data-element_type=\"widget\" data-widget_type=\"spacer.default\">\n\t\t\t\t<div class=\"elementor-widget-container\">\n\t\t\t\t\t<div class=\"elementor-spacer\">\n\t\t\t<div class=\"elementor-spacer-inner\"><\/div>\n\t\t<\/div>\n\t\t\t\t<\/div>\n\t\t\t\t<\/div>\n\t\t\t\t\t<\/div>\n\t\t\t\t<\/div>\n\t\t<div class=\"elementor-element elementor-element-4facb96 e-flex e-con-boxed e-con e-parent\" data-id=\"4facb96\" data-element_type=\"container\" data-settings=\"{&quot;content_width&quot;:&quot;boxed&quot;}\" data-core-v316-plus=\"true\">\n\t\t\t\t\t<div class=\"e-con-inner\">\n\t\t\t\t<div class=\"elementor-element elementor-element-514a43c elementor-widget elementor-widget-heading\" data-id=\"514a43c\" data-element_type=\"widget\" data-widget_type=\"heading.default\">\n\t\t\t\t<div class=\"elementor-widget-container\">\n\t\t\t<style>\/*! elementor - v3.19.0 - 28-02-2024 *\/\n.elementor-heading-title{padding:0;margin:0;line-height:1}.elementor-widget-heading .elementor-heading-title[class*=elementor-size-]>a{color:inherit;font-size:inherit;line-height:inherit}.elementor-widget-heading .elementor-heading-title.elementor-size-small{font-size:15px}.elementor-widget-heading .elementor-heading-title.elementor-size-medium{font-size:19px}.elementor-widget-heading .elementor-heading-title.elementor-size-large{font-size:29px}.elementor-widget-heading .elementor-heading-title.elementor-size-xl{font-size:39px}.elementor-widget-heading .elementor-heading-title.elementor-size-xxl{font-size:59px}<\/style><h2 class=\"elementor-heading-title elementor-size-default\">Ch\u00ednh s\u00e1ch \u0111\u1ed5i Size<\/h2>\t\t<\/div>\n\t\t\t\t<\/div>\n\t\t<div class=\"elementor-element elementor-element-a4d9785 e-flex e-con-boxed e-con e-child\" data-id=\"a4d9785\" data-element_type=\"container\" data-settings=\"{&quot;content_width&quot;:&quot;boxed&quot;}\">\n\t\t\t\t\t<div class=\"e-con-inner\">\n\t\t\t\t<div class=\"elementor-element elementor-element-dc6418d elementor-widget elementor-widget-text-editor\" data-id=\"dc6418d\" data-element_type=\"widget\" data-widget_type=\"text-editor.default\">\n\t\t\t\t<div class=\"elementor-widget-container\">\n\t\t\t<style>\/*! elementor - v3.19.0 - 28-02-2024 *\/\n.elementor-widget-text-editor.elementor-drop-cap-view-stacked .elementor-drop-cap{background-color:#69727d;color:#fff}.elementor-widget-text-editor.elementor-drop-cap-view-framed .elementor-drop-cap{color:#69727d;border:3px solid;background-color:transparent}.elementor-widget-text-editor:not(.elementor-drop-cap-view-default) .elementor-drop-cap{margin-top:8px}.elementor-widget-text-editor:not(.elementor-drop-cap-view-default) .elementor-drop-cap-letter{width:1em;height:1em}.elementor-widget-text-editor .elementor-drop-cap{float:left;text-align:center;line-height:1;font-size:50px}.elementor-widget-text-editor .elementor-drop-cap-letter{display:inline-block}<\/style>\t\t\t\t<p><strong>\u0110\u1ec3 \u0111\u1ea3m b\u1ea3o qu\u00fd kh\u00e1ch c\u00f3 nh\u1eefng tr\u1ea3i nghi\u1ec7m mua s\u1eafm s\u1ea3n ph\u1ea9m ch\u1ea5t l\u01b0\u1ee3ng v\u00e0 phong c\u00e1ch ph\u1ee5c v\u1ee5 t\u1ed1t nh\u1ea5t, Run Together c\u00f3 nh\u1eefng ch\u00ednh s\u00e1ch ph\u00f9 h\u1ee3p khi kh\u00e1ch h\u00e0ng c\u00f3 nhu c\u1ea7u \u0111\u1ed5i size s\u1ea3n ph\u1ea9m.<\/strong><\/p>\t\t\t\t\t\t<\/div>\n\t\t\t\t<\/div>\n\t\t\t\t<div class=\"elementor-element elementor-element-a428a5b elementor-widget elementor-widget-image\" data-id=\"a428a5b\" data-element_type=\"widget\" data-widget_type=\"image.default\">\n\t\t\t\t<div class=\"elementor-widget-container\">\n\t\t\t<style>\/*! elementor - v3.19.0 - 28-02-2024 *\/\n.elementor-widget-image{text-align:center}.elementor-widget-image a{display:inline-block}.elementor-widget-image a img[src$=\".svg\"]{width:48px}.elementor-widget-image img{vertical-align:middle;display:inline-block}<\/style>\t\t\t\t\t\t\t\t\t\t<img fetchpriority=\"high\" decoding=\"async\" width=\"906\" height=\"1500\" src=\"https:\/\/blog.runtogether.vn\/wp-content\/uploads\/2024\/03\/chinh-sach-doi-size-giay-run.webp\" class=\"attachment-full size-full wp-image-599\" alt=\"\" srcset=\"https:\/\/blog.runtogether.vn\/wp-content\/uploads\/2024\/03\/chinh-sach-doi-size-giay-run.webp 906w, https:\/\/blog.runtogether.vn\/wp-content\/uploads\/2024\/03\/chinh-sach-doi-size-giay-run-181x300.webp 181w, https:\/\/blog.runtogether.vn\/wp-content\/uploads\/2024\/03\/chinh-sach-doi-size-giay-run-618x1024.webp 618w, https:\/\/blog.runtogether.vn\/wp-content\/uploads\/2024\/03\/chinh-sach-doi-size-giay-run-768x1272.webp 768w\" sizes=\"(max-width: 906px) 100vw, 906px\" \/>\t\t\t\t\t\t\t\t\t\t\t\t\t<\/div>\n\t\t\t\t<\/div>\n\t\t\t\t<div class=\"elementor-element elementor-element-b4a6c19 elementor-widget elementor-widget-text-editor\" data-id=\"b4a6c19\" data-element_type=\"widget\" data-widget_type=\"text-editor.default\">\n\t\t\t\t<div class=\"elementor-widget-container\">\n\t\t\t\t\t\t\t<p><strong>1. \u0110i\u1ec1u ki\u1ec7n \u0111\u1ed5i size s\u1ea3n ph\u1ea9m:<\/strong><\/p><ul dir=\"ltr\"><li>S\u1ea3n ph\u1ea9m \u0111\u1ed5i size c\u00f2n m\u1edbi 100%, ch\u01b0a qua s\u1eed d\u1ee5ng ho\u1eb7c gi\u1eb7t t\u1ea9y, nguy\u00ean phi\u1ebfu b\u1ea3o h\u00e0nh c\u00f9ng tem nh\u00e3n s\u1ea3n ph\u1ea9m, kh\u00f4ng b\u1ecb d\u01a1 b\u1ea9n ho\u1eb7c tr\u1ea7y x\u01b0\u1edbc.<\/li><li>Kh\u00e1ch h\u00e0ng ph\u1ea3i c\u00f3 ho\u00e1 \u0111\u01a1n giao h\u00e0ng (phi\u1ebfu giao h\u00e0ng ho\u1eb7c email x\u00e1c nh\u1eadn \u0111\u01a1n h\u00e0ng).<\/li><li>Kh\u00f4ng \u0111\u1ed5i size \u0111\u1ed1i v\u1edbi m\u1ed9t s\u1ed1 tr\u01b0\u1eddng h\u1ee3p: kh\u00f4ng \u00e1p d\u1ee5ng \u0111\u1ed5i tr\u1ea3 &#8211; b\u1ea3o h\u00e0nh, ph\u1ee5 ki\u1ec7n t\u1eb7ng k\u00e8m, ho\u1eb7c s\u1ea3n ph\u1ea9m thu\u1ed9c ch\u01b0\u01a1ng tr\u00ecnh SALE gi\u1ea3m gi\u00e1.<\/li><li>Kh\u00f4ng c\u00f3 ch\u00ednh s\u00e1ch \u0111\u1ed5i m\u1eabu theo nhu c\u1ea7u v\u00e0 kh\u00f4ng tr\u1ea3 h\u00e0ng ho\u00e0n ti\u1ec1n.<\/li><li>Ch\u1ec9 \u00e1p d\u1ee5ng \u0111\u1ed5i duy nh\u1ea5t \u00a0m\u1ed9t l\u1ea7n cho m\u1ed9t s\u1ea3n ph\u1ea9m.<\/li><li>Ch\u1ec9 \u00e1p d\u1ee5ng \u0111\u1ed5i sang s\u1ea3n ph\u1ea9m kh\u00e1c trong tr\u01b0\u1eddng h\u1ee3p \u0111\u00e3 h\u1ebft size, h\u1ebft m\u00e0u c\u1ee7a s\u1ea3n ph\u1ea9m c\u1ea7n \u0111\u1ed5i, s\u1ea3n ph\u1ea9m m\u1edbi ph\u1ea3i c\u00f3 gi\u00e1 tr\u1ecb l\u1edbn h\u01a1n ho\u1eb7c b\u1eb1ng s\u1ea3n ph\u1ea9m tr\u01b0\u1edbc \u0111\u00f3 (kh\u00e1ch h\u00e0ng s\u1ebd b\u00f9 ti\u1ec1n ch\u00eanh l\u1ec7ch n\u1ebfu gi\u00e1 tr\u1ecb cao h\u01a1n v\u00e0 s\u1ebd kh\u00f4ng \u0111\u01b0\u1ee3c ho\u00e0n l\u1ea1i ti\u1ec1n ch\u00eanh l\u1ec7ch n\u1ebfu gi\u00e1 tr\u1ecb th\u1ea5p h\u01a1n).<\/li><\/ul><p><strong>2. Th\u1eddi h\u1ea1n \u0111\u1ed5i size s\u1ea3n ph\u1ea9m:<\/strong><\/p><ul><li>Trong v\u00f2ng th\u1eddi gian 7 ng\u00e0y k\u1ec3 t\u1eeb ng\u00e0y Qu\u00fd kh\u00e1ch h\u00e0ng nh\u1eadn h\u00e0ng \u0111\u1ec3 y\u00eau c\u1ea7u \u0111\u1ed5i size s\u1ea3n ph\u1ea9m.\u00a0<\/li><li>N\u1ebfu th\u1eddi gian v\u01b0\u1ee3t qu\u00e1 quy \u0111\u1ecbnh Run Together s\u1ebd kh\u00f4ng nh\u1eadn \u0111\u1ed5i size v\u1edbi b\u1ea5t k\u1ef3 l\u00fd do n\u00e0o.<\/li><\/ul><p><strong>3. Th\u1eddi h\u1ea1n th\u1ef1c hi\u1ec7n ho\u00e0n tr\u1ea3 s\u1ea3n ph\u1ea9m cho kh\u00e1ch h\u00e0ng:<\/strong><\/p><ul><li>Ngay sau khi nh\u1eadn \u0111\u01b0\u1ee3c s\u1ea3n ph\u1ea9m \u0111\u1ed5i t\u1eeb Qu\u00fd kh\u00e1ch h\u00e0ng, Run Together s\u1ebd ti\u1ebfn h\u00e0nh \u0111\u00e1nh gi\u00e1 s\u1ea3n ph\u1ea9m v\u00e0 th\u00f4ng b\u00e1o k\u1ebft qu\u1ea3 v\u00e0 ph\u01b0\u01a1ng \u00e1n gi\u1ea3i quy\u1ebft \u0111\u1ed5i size \u0111\u1ebfn kh\u00e1ch h\u00e0ng (n\u1ebfu c\u00f3) trong v\u00f2ng 7 ng\u00e0y.<\/li><\/ul><p><strong>4. H\u01b0\u1edbng d\u1eabn g\u1eedi h\u00e0ng \u0111\u1ed5i size s\u1ea3n ph\u1ea9m:<\/strong><\/p><ul><li>Qu\u00fd kh\u00e1ch g\u1eedi h\u00e0ng \u0111\u1ed5i tr\u1ea3 v\u1ec1 \u0111\u1ecba ch\u1ec9 81 Nguy\u1ec5n Hi\u1ec1n, KDC 91B, ph\u01b0\u1eddng An Kh\u00e1nh, qu\u1eadn Ninh Ki\u1ec1u, th\u00e0nh ph\u1ed1 C\u1ea7n Th\u01a1, S\u0110T: <span style=\"color: #99cc00;\"><a style=\"color: #99cc00;\" href=\"tel:05665088890\">056.650.8889<\/a><\/span><\/li><li>Th\u00f4ng tin d\u00e1n b\u00ean ngo\u00e0i h\u1ed9p ghi m\u00e3 \u0111\u01a1n h\u00e0ng.<\/li><li>Qu\u00fd kh\u00e1ch vui l\u00f2ng ch\u1ecdn cho ng\u01b0\u1eddi nh\u1eadn xem h\u00e0ng tr\u01b0\u1edbc.<\/li><\/ul><p><strong>5. Chi ph\u00ed g\u1edfi h\u00e0ng \u0111\u1ed5i size v\u1ec1 kho Run Together:\u00a0<\/strong><\/p><ul><li>Qu\u00fd kh\u00e1ch h\u00e0ng g\u1eedi s\u1ea3n ph\u1ea9m v\u1ec1 kho \u0111\u1ec3 \u0111\u1ed5i size, chi ph\u00ed v\u1eadn chuy\u1ec3n c\u1ea3 hai chi\u1ec1u s\u1ebd do qu\u00fd kh\u00e1ch h\u00e0ng thanh to\u00e1n.<\/li><\/ul><p>N\u1ebfu qu\u00fd kh\u00e1ch c\u00f3 b\u1ea5t k\u1ef3 c\u00e2u h\u1ecfi ho\u1eb7c c\u1ea7n h\u1ed7 tr\u1ee3 th\u00eam, vui l\u00f2ng li\u00ean h\u1ec7 v\u1edbi Run Together qua s\u1ed1 hotline t\u01b0 v\u1ea5n online: <span style=\"color: #99cc00;\"><a style=\"color: #99cc00;\" href=\"tel:05665088890\">056.650.8889<\/a><\/span>.\u00a0<\/p><p>C\u1ea3m \u01a1n Qu\u00fd kh\u00e1ch h\u00e0ng \u0111\u00e3 l\u1ef1a ch\u1ecdn Run Together, ch\u00fang t\u00f4i mong mu\u1ed1n \u0111\u01b0\u1ee3c \u0111\u1ed3ng h\u00e0nh c\u00f9ng b\u1ea1n trong nh\u1eefng b\u01b0\u1edbc ch\u1ea1y \u0111\u1ea7y s\u1ee9c kh\u1ecfe v\u00e0 ni\u1ec1m vui!<\/p>\t\t\t\t\t\t<\/div>\n\t\t\t\t<\/div>\n\t\t\t\t<div class=\"elementor-element elementor-element-86abe56 elementor-widget elementor-widget-spacer\" data-id=\"86abe56\" data-element_type=\"widget\" data-widget_type=\"spacer.default\">\n\t\t\t\t<div class=\"elementor-widget-container\">\n\t\t\t\t\t<div class=\"elementor-spacer\">\n\t\t\t<div class=\"elementor-spacer-inner\"><\/div>\n\t\t<\/div>\n\t\t\t\t<\/div>\n\t\t\t\t<\/div>\n\t\t\t\t\t<\/div>\n\t\t\t\t<\/div>\n\t\t\t\t\t<\/div>\n\t\t\t\t<\/div>\n\t\t\t\t<\/div>","protected":false},"excerpt":{"rendered":"<p>Ch\u00ednh s\u00e1ch \u0111\u1ed5i Size \u0110\u1ec3 \u0111\u1ea3m b\u1ea3o qu\u00fd kh\u00e1ch c\u00f3 nh\u1eefng tr\u1ea3i nghi\u1ec7m mua s\u1eafm s\u1ea3n ph\u1ea9m ch\u1ea5t l\u01b0\u1ee3ng v\u00e0 phong c\u00e1ch ph\u1ee5c v\u1ee5 t\u1ed1t nh\u1ea5t, Run Together c\u00f3 nh\u1eefng ch\u00ednh s\u00e1ch ph\u00f9 h\u1ee3p khi kh\u00e1ch h\u00e0ng c\u00f3 nhu c\u1ea7u \u0111\u1ed5i size s\u1ea3n ph\u1ea9m. 1. \u0110i\u1ec1u ki\u1ec7n \u0111\u1ed5i size s\u1ea3n ph\u1ea9m: S\u1ea3n ph\u1ea9m \u0111\u1ed5i size [&hellip;]<\/p>","protected":false},"author":3,"featured_media":0,"parent":0,"menu_order":0,"comment_status":"closed","ping_status":"closed","template":"","meta":{"footnotes":""},"class_list":["post-597","page","type-page","status-publish","hentry"],"yoast_head":"<!-- This site is optimized with the Yoast SEO plugin v24.2 - https:\/\/yoast.com\/wordpress\/plugins\/seo\/ -->\n<title>Ch\u00ednh s\u00e1ch \u0111\u1ed5i Size - Blog Runtogether<\/title>\n<meta name=\"robots\" content=\"index, follow, max-snippet:-1, max-image-preview:large, max-video-preview:-1\" \/>\n<link rel=\"canonical\" href=\"https:\/\/blog.runtogether.vn\/en\/chinh-sach-doi-size\/\" \/>\n<meta property=\"og:locale\" content=\"en_US\" \/>\n<meta property=\"og:type\" content=\"article\" \/>\n<meta property=\"og:title\" content=\"Ch\u00ednh s\u00e1ch \u0111\u1ed5i Size - Blog Runtogether\" \/>\n<meta property=\"og:description\" content=\"Ch\u00ednh s\u00e1ch \u0111\u1ed5i Size \u0110\u1ec3 \u0111\u1ea3m b\u1ea3o qu\u00fd kh\u00e1ch c\u00f3 nh\u1eefng tr\u1ea3i nghi\u1ec7m mua s\u1eafm s\u1ea3n ph\u1ea9m ch\u1ea5t l\u01b0\u1ee3ng v\u00e0 phong c\u00e1ch ph\u1ee5c v\u1ee5 t\u1ed1t nh\u1ea5t, Run Together c\u00f3 nh\u1eefng ch\u00ednh s\u00e1ch ph\u00f9 h\u1ee3p khi kh\u00e1ch h\u00e0ng c\u00f3 nhu c\u1ea7u \u0111\u1ed5i size s\u1ea3n ph\u1ea9m. 1. \u0110i\u1ec1u ki\u1ec7n \u0111\u1ed5i size s\u1ea3n ph\u1ea9m: S\u1ea3n ph\u1ea9m \u0111\u1ed5i size [&hellip;]\" \/>\n<meta property=\"og:url\" content=\"https:\/\/blog.runtogether.vn\/en\/chinh-sach-doi-size\/\" \/>\n<meta property=\"og:site_name\" content=\"Blog Runtogether\" \/>\n<meta property=\"article:modified_time\" content=\"2024-03-30T03:30:26+00:00\" \/>\n<meta property=\"og:image\" content=\"https:\/\/blog.runtogether.vn\/wp-content\/uploads\/2024\/03\/chinh-sach-doi-size-giay-run.webp\" \/>\n<meta name=\"twitter:card\" content=\"summary_large_image\" \/>\n<meta name=\"twitter:label1\" content=\"Est. reading time\" \/>\n\t<meta name=\"twitter:data1\" content=\"3 minutes\" \/>\n<script type=\"application\/ld+json\" class=\"yoast-schema-graph\">{\"@context\":\"https:\/\/schema.org\",\"@graph\":[{\"@type\":\"WebPage\",\"@id\":\"https:\/\/blog.runtogether.vn\/chinh-sach-doi-size\/\",\"url\":\"https:\/\/blog.runtogether.vn\/chinh-sach-doi-size\/\",\"name\":\"Ch\u00ednh s\u00e1ch \u0111\u1ed5i Size - Blog Runtogether\",\"isPartOf\":{\"@id\":\"https:\/\/blog.runtogether.vn\/#website\"},\"primaryImageOfPage\":{\"@id\":\"https:\/\/blog.runtogether.vn\/chinh-sach-doi-size\/#primaryimage\"},\"image\":{\"@id\":\"https:\/\/blog.runtogether.vn\/chinh-sach-doi-size\/#primaryimage\"},\"thumbnailUrl\":\"https:\/\/blog.runtogether.vn\/wp-content\/uploads\/2024\/03\/chinh-sach-doi-size-giay-run.webp\",\"datePublished\":\"2024-03-28T01:23:10+00:00\",\"dateModified\":\"2024-03-30T03:30:26+00:00\",\"breadcrumb\":{\"@id\":\"https:\/\/blog.runtogether.vn\/chinh-sach-doi-size\/#breadcrumb\"},\"inLanguage\":\"en-US\",\"potentialAction\":[{\"@type\":\"ReadAction\",\"target\":[\"https:\/\/blog.runtogether.vn\/chinh-sach-doi-size\/\"]}]},{\"@type\":\"ImageObject\",\"inLanguage\":\"en-US\",\"@id\":\"https:\/\/blog.runtogether.vn\/chinh-sach-doi-size\/#primaryimage\",\"url\":\"https:\/\/blog.runtogether.vn\/wp-content\/uploads\/2024\/03\/chinh-sach-doi-size-giay-run.webp\",\"contentUrl\":\"https:\/\/blog.runtogether.vn\/wp-content\/uploads\/2024\/03\/chinh-sach-doi-size-giay-run.webp\"},{\"@type\":\"BreadcrumbList\",\"@id\":\"https:\/\/blog.runtogether.vn\/chinh-sach-doi-size\/#breadcrumb\",\"itemListElement\":[{\"@type\":\"ListItem\",\"position\":1,\"name\":\"Trang ch\u1ee7\",\"item\":\"https:\/\/blog.runtogether.vn\/\"},{\"@type\":\"ListItem\",\"position\":2,\"name\":\"Ch\u00ednh s\u00e1ch \u0111\u1ed5i Size\"}]},{\"@type\":\"WebSite\",\"@id\":\"https:\/\/blog.runtogether.vn\/#website\",\"url\":\"https:\/\/blog.runtogether.vn\/\",\"name\":\"Blog Runtogether\",\"description\":\"\",\"publisher\":{\"@id\":\"https:\/\/blog.runtogether.vn\/#organization\"},\"potentialAction\":[{\"@type\":\"SearchAction\",\"target\":{\"@type\":\"EntryPoint\",\"urlTemplate\":\"https:\/\/blog.runtogether.vn\/?s={search_term_string}\"},\"query-input\":{\"@type\":\"PropertyValueSpecification\",\"valueRequired\":true,\"valueName\":\"search_term_string\"}}],\"inLanguage\":\"en-US\"},{\"@type\":\"Organization\",\"@id\":\"https:\/\/blog.runtogether.vn\/#organization\",\"name\":\"Blog Runtogether\",\"url\":\"https:\/\/blog.runtogether.vn\/\",\"logo\":{\"@type\":\"ImageObject\",\"inLanguage\":\"en-US\",\"@id\":\"https:\/\/blog.runtogether.vn\/#\/schema\/logo\/image\/\",\"url\":\"https:\/\/blog.runtogether.vn\/wp-content\/uploads\/2024\/03\/300x300.png\",\"contentUrl\":\"https:\/\/blog.runtogether.vn\/wp-content\/uploads\/2024\/03\/300x300.png\",\"width\":300,\"height\":300,\"caption\":\"Blog Runtogether\"},\"image\":{\"@id\":\"https:\/\/blog.runtogether.vn\/#\/schema\/logo\/image\/\"}}]}<\/script>\n<!-- \/ Yoast SEO plugin. -->","yoast_head_json":{"title":"Ch\u00ednh s\u00e1ch \u0111\u1ed5i Size - Blog Runtogether","robots":{"index":"index","follow":"follow","max-snippet":"max-snippet:-1","max-image-preview":"max-image-preview:large","max-video-preview":"max-video-preview:-1"},"canonical":"https:\/\/blog.runtogether.vn\/en\/chinh-sach-doi-size\/","og_locale":"en_US","og_type":"article","og_title":"Ch\u00ednh s\u00e1ch \u0111\u1ed5i Size - Blog Runtogether","og_description":"Ch\u00ednh s\u00e1ch \u0111\u1ed5i Size \u0110\u1ec3 \u0111\u1ea3m b\u1ea3o qu\u00fd kh\u00e1ch c\u00f3 nh\u1eefng tr\u1ea3i nghi\u1ec7m mua s\u1eafm s\u1ea3n ph\u1ea9m ch\u1ea5t l\u01b0\u1ee3ng v\u00e0 phong c\u00e1ch ph\u1ee5c v\u1ee5 t\u1ed1t nh\u1ea5t, Run Together c\u00f3 nh\u1eefng ch\u00ednh s\u00e1ch ph\u00f9 h\u1ee3p khi kh\u00e1ch h\u00e0ng c\u00f3 nhu c\u1ea7u \u0111\u1ed5i size s\u1ea3n ph\u1ea9m. 1. \u0110i\u1ec1u ki\u1ec7n \u0111\u1ed5i size s\u1ea3n ph\u1ea9m: S\u1ea3n ph\u1ea9m \u0111\u1ed5i size [&hellip;]","og_url":"https:\/\/blog.runtogether.vn\/en\/chinh-sach-doi-size\/","og_site_name":"Blog Runtogether","article_modified_time":"2024-03-30T03:30:26+00:00","og_image":[{"url":"https:\/\/blog.runtogether.vn\/wp-content\/uploads\/2024\/03\/chinh-sach-doi-size-giay-run.webp","type":"","width":"","height":""}],"twitter_card":"summary_large_image","twitter_misc":{"Est. reading time":"3 minutes"},"schema":{"@context":"https:\/\/schema.org","@graph":[{"@type":"WebPage","@id":"https:\/\/blog.runtogether.vn\/chinh-sach-doi-size\/","url":"https:\/\/blog.runtogether.vn\/chinh-sach-doi-size\/","name":"Ch\u00ednh s\u00e1ch \u0111\u1ed5i Size - Blog Runtogether","isPartOf":{"@id":"https:\/\/blog.runtogether.vn\/#website"},"primaryImageOfPage":{"@id":"https:\/\/blog.runtogether.vn\/chinh-sach-doi-size\/#primaryimage"},"image":{"@id":"https:\/\/blog.runtogether.vn\/chinh-sach-doi-size\/#primaryimage"},"thumbnailUrl":"https:\/\/blog.runtogether.vn\/wp-content\/uploads\/2024\/03\/chinh-sach-doi-size-giay-run.webp","datePublished":"2024-03-28T01:23:10+00:00","dateModified":"2024-03-30T03:30:26+00:00","breadcrumb":{"@id":"https:\/\/blog.runtogether.vn\/chinh-sach-doi-size\/#breadcrumb"},"inLanguage":"en-US","potentialAction":[{"@type":"ReadAction","target":["https:\/\/blog.runtogether.vn\/chinh-sach-doi-size\/"]}]},{"@type":"ImageObject","inLanguage":"en-US","@id":"https:\/\/blog.runtogether.vn\/chinh-sach-doi-size\/#primaryimage","url":"https:\/\/blog.runtogether.vn\/wp-content\/uploads\/2024\/03\/chinh-sach-doi-size-giay-run.webp","contentUrl":"https:\/\/blog.runtogether.vn\/wp-content\/uploads\/2024\/03\/chinh-sach-doi-size-giay-run.webp"},{"@type":"BreadcrumbList","@id":"https:\/\/blog.runtogether.vn\/chinh-sach-doi-size\/#breadcrumb","itemListElement":[{"@type":"ListItem","position":1,"name":"Trang ch\u1ee7","item":"https:\/\/blog.runtogether.vn\/"},{"@type":"ListItem","position":2,"name":"Ch\u00ednh s\u00e1ch \u0111\u1ed5i Size"}]},{"@type":"WebSite","@id":"https:\/\/blog.runtogether.vn\/#website","url":"https:\/\/blog.runtogether.vn\/","name":"Blog Runtogether","description":"","publisher":{"@id":"https:\/\/blog.runtogether.vn\/#organization"},"potentialAction":[{"@type":"SearchAction","target":{"@type":"EntryPoint","urlTemplate":"https:\/\/blog.runtogether.vn\/?s={search_term_string}"},"query-input":{"@type":"PropertyValueSpecification","valueRequired":true,"valueName":"search_term_string"}}],"inLanguage":"en-US"},{"@type":"Organization","@id":"https:\/\/blog.runtogether.vn\/#organization","name":"Blog Runtogether","url":"https:\/\/blog.runtogether.vn\/","logo":{"@type":"ImageObject","inLanguage":"en-US","@id":"https:\/\/blog.runtogether.vn\/#\/schema\/logo\/image\/","url":"https:\/\/blog.runtogether.vn\/wp-content\/uploads\/2024\/03\/300x300.png","contentUrl":"https:\/\/blog.runtogether.vn\/wp-content\/uploads\/2024\/03\/300x300.png","width":300,"height":300,"caption":"Blog Runtogether"},"image":{"@id":"https:\/\/blog.runtogether.vn\/#\/schema\/logo\/image\/"}}]}},"_links":{"self":[{"href":"https:\/\/blog.runtogether.vn\/en\/wp-json\/wp\/v2\/pages\/597","targetHints":{"allow":["GET"]}}],"collection":[{"href":"https:\/\/blog.runtogether.vn\/en\/wp-json\/wp\/v2\/pages"}],"about":[{"href":"https:\/\/blog.runtogether.vn\/en\/wp-json\/wp\/v2\/types\/page"}],"author":[{"embeddable":true,"href":"https:\/\/blog.runtogether.vn\/en\/wp-json\/wp\/v2\/users\/3"}],"replies":[{"embeddable":true,"href":"https:\/\/blog.runtogether.vn\/en\/wp-json\/wp\/v2\/comments?post=597"}],"version-history":[{"count":0,"href":"https:\/\/blog.runtogether.vn\/en\/wp-json\/wp\/v2\/pages\/597\/revisions"}],"wp:attachment":[{"href":"https:\/\/blog.runtogether.vn\/en\/wp-json\/wp\/v2\/media?parent=597"}],"curies":[{"name":"wp","href":"https:\/\/api.w.org\/{rel}","templated":true}]}}