{"id":560,"date":"2024-03-27T17:04:23","date_gmt":"2024-03-27T10:04:23","guid":{"rendered":"https:\/\/blog.runtogether.vn\/?page_id=560"},"modified":"2024-03-29T19:41:09","modified_gmt":"2024-03-29T12:41:09","slug":"huong-dan-cach-chon-size","status":"publish","type":"page","link":"https:\/\/blog.runtogether.vn\/en\/huong-dan-cach-chon-size\/","title":{"rendered":"H\u01b0\u1edbng d\u1eabn c\u00e1ch ch\u1ecdn Size"},"content":{"rendered":"<div data-elementor-type=\"wp-page\" data-elementor-id=\"560\" class=\"elementor elementor-560\" data-elementor-post-type=\"page\">\n\t\t\t\t<div class=\"elementor-element elementor-element-348a31c e-flex e-con-boxed e-con e-parent\" data-id=\"348a31c\" data-element_type=\"container\" data-settings=\"{&quot;background_background&quot;:&quot;classic&quot;,&quot;content_width&quot;:&quot;boxed&quot;}\" data-core-v316-plus=\"true\">\n\t\t\t\t\t<div class=\"e-con-inner\">\n\t\t\t\t<div class=\"elementor-element elementor-element-166381d elementor-widget elementor-widget-spacer\" data-id=\"166381d\" data-element_type=\"widget\" data-widget_type=\"spacer.default\">\n\t\t\t\t<div class=\"elementor-widget-container\">\n\t\t\t<style>\/*! elementor - v3.19.0 - 28-02-2024 *\/\n.elementor-column .elementor-spacer-inner{height:var(--spacer-size)}.e-con{--container-widget-width:100%}.e-con-inner>.elementor-widget-spacer,.e-con>.elementor-widget-spacer{width:var(--container-widget-width,var(--spacer-size));--align-self:var(--container-widget-align-self,initial);--flex-shrink:0}.e-con-inner>.elementor-widget-spacer>.elementor-widget-container,.e-con>.elementor-widget-spacer>.elementor-widget-container{height:100%;width:100%}.e-con-inner>.elementor-widget-spacer>.elementor-widget-container>.elementor-spacer,.e-con>.elementor-widget-spacer>.elementor-widget-container>.elementor-spacer{height:100%}.e-con-inner>.elementor-widget-spacer>.elementor-widget-container>.elementor-spacer>.elementor-spacer-inner,.e-con>.elementor-widget-spacer>.elementor-widget-container>.elementor-spacer>.elementor-spacer-inner{height:var(--container-widget-height,var(--spacer-size))}.e-con-inner>.elementor-widget-spacer.elementor-widget-empty,.e-con>.elementor-widget-spacer.elementor-widget-empty{position:relative;min-height:22px;min-width:22px}.e-con-inner>.elementor-widget-spacer.elementor-widget-empty .elementor-widget-empty-icon,.e-con>.elementor-widget-spacer.elementor-widget-empty .elementor-widget-empty-icon{position:absolute;top:0;bottom:0;left:0;right:0;margin:auto;padding:0;width:22px;height:22px}<\/style>\t\t<div class=\"elementor-spacer\">\n\t\t\t<div class=\"elementor-spacer-inner\"><\/div>\n\t\t<\/div>\n\t\t\t\t<\/div>\n\t\t\t\t<\/div>\n\t\t\t\t<div class=\"elementor-element elementor-element-c84e35d elementor-align-center elementor-widget elementor-widget-breadcrumbs\" data-id=\"c84e35d\" data-element_type=\"widget\" data-widget_type=\"breadcrumbs.default\">\n\t\t\t\t<div class=\"elementor-widget-container\">\n\t\t\t<link rel=\"stylesheet\" href=\"https:\/\/blog.runtogether.vn\/wp-content\/plugins\/elementor-pro\/assets\/css\/widget-theme-elements.min.css\"><div id=\"breadcrumbs\"><span><span><a href=\"https:\/\/blog.runtogether.vn\/en\/\">Trang ch\u1ee7<\/a><\/span><\/span><\/div>\t\t<\/div>\n\t\t\t\t<\/div>\n\t\t\t\t<div class=\"elementor-element elementor-element-868e1ab elementor-widget elementor-widget-spacer\" data-id=\"868e1ab\" data-element_type=\"widget\" data-widget_type=\"spacer.default\">\n\t\t\t\t<div class=\"elementor-widget-container\">\n\t\t\t\t\t<div class=\"elementor-spacer\">\n\t\t\t<div class=\"elementor-spacer-inner\"><\/div>\n\t\t<\/div>\n\t\t\t\t<\/div>\n\t\t\t\t<\/div>\n\t\t\t\t\t<\/div>\n\t\t\t\t<\/div>\n\t\t<div class=\"elementor-element elementor-element-f7a876b e-flex e-con-boxed e-con e-parent\" data-id=\"f7a876b\" data-element_type=\"container\" data-settings=\"{&quot;content_width&quot;:&quot;boxed&quot;}\" data-core-v316-plus=\"true\">\n\t\t\t\t\t<div class=\"e-con-inner\">\n\t\t\t\t<div class=\"elementor-element elementor-element-a4ae99e elementor-widget elementor-widget-heading\" data-id=\"a4ae99e\" data-element_type=\"widget\" data-widget_type=\"heading.default\">\n\t\t\t\t<div class=\"elementor-widget-container\">\n\t\t\t<style>\/*! elementor - v3.19.0 - 28-02-2024 *\/\n.elementor-heading-title{padding:0;margin:0;line-height:1}.elementor-widget-heading .elementor-heading-title[class*=elementor-size-]>a{color:inherit;font-size:inherit;line-height:inherit}.elementor-widget-heading .elementor-heading-title.elementor-size-small{font-size:15px}.elementor-widget-heading .elementor-heading-title.elementor-size-medium{font-size:19px}.elementor-widget-heading .elementor-heading-title.elementor-size-large{font-size:29px}.elementor-widget-heading .elementor-heading-title.elementor-size-xl{font-size:39px}.elementor-widget-heading .elementor-heading-title.elementor-size-xxl{font-size:59px}<\/style><h2 class=\"elementor-heading-title elementor-size-default\">H\u01b0\u1edbng d\u1eabn c\u00e1ch ch\u1ecdn Size<\/h2>\t\t<\/div>\n\t\t\t\t<\/div>\n\t\t<div class=\"elementor-element elementor-element-06f282a e-flex e-con-boxed e-con e-child\" data-id=\"06f282a\" data-element_type=\"container\" data-settings=\"{&quot;content_width&quot;:&quot;boxed&quot;}\">\n\t\t\t\t\t<div class=\"e-con-inner\">\n\t\t\t\t<div class=\"elementor-element elementor-element-0909055 elementor-widget elementor-widget-text-editor\" data-id=\"0909055\" data-element_type=\"widget\" data-widget_type=\"text-editor.default\">\n\t\t\t\t<div class=\"elementor-widget-container\">\n\t\t\t<style>\/*! elementor - v3.19.0 - 28-02-2024 *\/\n.elementor-widget-text-editor.elementor-drop-cap-view-stacked .elementor-drop-cap{background-color:#69727d;color:#fff}.elementor-widget-text-editor.elementor-drop-cap-view-framed .elementor-drop-cap{color:#69727d;border:3px solid;background-color:transparent}.elementor-widget-text-editor:not(.elementor-drop-cap-view-default) .elementor-drop-cap{margin-top:8px}.elementor-widget-text-editor:not(.elementor-drop-cap-view-default) .elementor-drop-cap-letter{width:1em;height:1em}.elementor-widget-text-editor .elementor-drop-cap{float:left;text-align:center;line-height:1;font-size:50px}.elementor-widget-text-editor .elementor-drop-cap-letter{display:inline-block}<\/style>\t\t\t\t<p><strong>\u0110\u1ec3 ch\u1ecdn \u0111\u01b0\u1ee3c \u0111\u00f4i gi\u00e0y c\u00f3 size ph\u00f9 h\u1ee3p v\u1edbi ch\u00e2n c\u1ee7a m\u00ecnh, tr\u01b0\u1edbc h\u1ebft b\u1ea1n c\u1ea7n n\u1eafm \u0111\u01b0\u1ee3c c\u00e1ch \u0111o size ch\u00e2n \u1ee9ng v\u1edbi size gi\u00e0y nh\u01b0 sau:<\/strong><\/p>\t\t\t\t\t\t<\/div>\n\t\t\t\t<\/div>\n\t\t\t\t<div class=\"elementor-element elementor-element-b48beb7 elementor-widget elementor-widget-image\" data-id=\"b48beb7\" data-element_type=\"widget\" data-widget_type=\"image.default\">\n\t\t\t\t<div class=\"elementor-widget-container\">\n\t\t\t<style>\/*! elementor - v3.19.0 - 28-02-2024 *\/\n.elementor-widget-image{text-align:center}.elementor-widget-image a{display:inline-block}.elementor-widget-image a img[src$=\".svg\"]{width:48px}.elementor-widget-image img{vertical-align:middle;display:inline-block}<\/style>\t\t\t\t\t\t\t\t\t\t<img fetchpriority=\"high\" decoding=\"async\" width=\"838\" height=\"1500\" src=\"https:\/\/blog.runtogether.vn\/wp-content\/uploads\/2024\/03\/huong-dan-chon-size-giay.webp\" class=\"attachment-full size-full wp-image-562\" alt=\"\" srcset=\"https:\/\/blog.runtogether.vn\/wp-content\/uploads\/2024\/03\/huong-dan-chon-size-giay.webp 838w, https:\/\/blog.runtogether.vn\/wp-content\/uploads\/2024\/03\/huong-dan-chon-size-giay-168x300.webp 168w, https:\/\/blog.runtogether.vn\/wp-content\/uploads\/2024\/03\/huong-dan-chon-size-giay-572x1024.webp 572w, https:\/\/blog.runtogether.vn\/wp-content\/uploads\/2024\/03\/huong-dan-chon-size-giay-768x1375.webp 768w\" sizes=\"(max-width: 838px) 100vw, 838px\" \/>\t\t\t\t\t\t\t\t\t\t\t\t\t<\/div>\n\t\t\t\t<\/div>\n\t\t\t\t<div class=\"elementor-element elementor-element-0ddad98 elementor-widget elementor-widget-text-editor\" data-id=\"0ddad98\" data-element_type=\"widget\" data-widget_type=\"text-editor.default\">\n\t\t\t\t<div class=\"elementor-widget-container\">\n\t\t\t\t\t\t\t<p style=\"font-weight: 400;\"><strong>B\u01b0\u1edbc 1: Chu\u1ea9n b\u1ecb d\u1ee5ng c\u1ee5<\/strong><\/p><p style=\"font-weight: 400;\">B\u1ea1n c\u1ea7n chu\u1ea9n b\u1ecb m\u1ed9t t\u1edd gi\u1ea5y tr\u1eafng c\u00f3 k\u00edch th\u01b0\u1edbc l\u1edbn h\u01a1n b\u00e0n ch\u00e2n c\u1ee7a m\u00ecnh, m\u1ed9t chi\u1ebfc b\u00fat v\u00e0 m\u1ed9t chi\u1ebfc th\u01b0\u1edbc k\u1ebb.<\/p><p style=\"font-weight: 400;\"><strong>B\u01b0\u1edbc 2: \u0110o k\u00edch th\u01b0\u1edbc b\u00e0n ch\u00e2n<\/strong><\/p><p style=\"font-weight: 400;\">&#8211; \u0110\u1ea7u ti\u00ean, b\u1ea1n \u0111\u1eb7t t\u1edd gi\u1ea5y tr\u1eafng \u0111\u00e3 chu\u1ea9n b\u1ecb xu\u1ed1ng s\u00e0n ph\u1eb3ng, sau \u0111\u00f3 \u0111\u1eb7t ch\u00e2n l\u00ean v\u00e0 gi\u1eef ch\u00e2n m\u1ed9t c\u00e1ch ch\u1eafc ch\u1eafn \u1edf y\u00ean tr\u00ean t\u1edd gi\u1ea5y \u0111\u00f3.\u00a0<\/p><p style=\"font-weight: 400;\">&#8211; D\u00f9ng b\u00fat \u0111\u1ec3 v\u1ebd l\u1ea1i khung c\u1ee7a b\u00e0n ch\u00e2n, \u0111\u1ec3 x\u00e1c \u0111\u1ecbnh \u0111\u01b0\u1ee3c r\u00f5 r\u00e0ng, b\u1ea1n h\u00e3y \u0111\u1eb7t b\u00fat th\u1eb3ng \u0111\u00fang v\u00e0 vu\u00f4ng g\u00f3c v\u1edbi t\u1edd gi\u1ea5y. V\u1ea1ch ch\u00ednh x\u00e1c theo \u0111\u00fang khu\u00f4n h\u00ecnh c\u1ee7a b\u00e0n ch\u00e2n.\u00a0<\/p><p style=\"font-weight: 400;\">&#8211; B\u1ea1n c\u1ea7n ph\u1ea3i ch\u1eafc ch\u1eafn l\u00e0 kh\u00f4ng \u0111\u01b0\u1ee3c x\u00ea d\u1ecbch ch\u00e2n trong khi t\u1ea1m ngh\u1ec9 \u0111\u01b0\u1eddng v\u1ebd c\u1ee7a m\u00ecnh. Ti\u1ebfn h\u00e0nh \u0111o k\u00edch th\u01b0\u1edbc c\u1ee7a b\u00e0n ch\u00e2n.<\/p><p style=\"font-weight: 400;\"><strong>B\u01b0\u1edbc 3: Ph\u00e1c th\u1ea3o b\u00e0n ch\u00e2n b\u1eb1ng \u0111\u01b0\u1eddng th\u1eb3ng<\/strong><\/p><p style=\"font-weight: 400;\">S\u1eed d\u1ee5ng th\u01b0\u1edbc k\u1ebb, v\u1ebd m\u1ed9t \u0111\u01b0\u1eddng th\u1eb3ng b\u00ean c\u1ea1nh m\u1ed7i m\u1eb7t b\u00e0n ch\u00e2n: C\u1ea1nh ng\u00f3n ch\u00e2n, g\u00f3t ch\u00e2n v\u00e0 hai b\u00ean.<\/p><p style=\"font-weight: 400;\"><strong>B\u01b0\u1edbc 4: \u0110o chi\u1ec1u d\u00e0i v\u00e0 \u0111\u1ed9 r\u1ed9ng c\u1ee7a b\u00e0n ch\u00e2n<\/strong><\/p><p style=\"font-weight: 400;\">S\u1eed d\u1ee5ng th\u01b0\u1edbc k\u1ebb, \u0111o chi\u1ec1u d\u00e0i v\u00e0 chi\u1ec1u r\u1ed9ng c\u1ee7a h\u00ecnh vu\u00f4ng m\u00e0 b\u1ea1n v\u1eeba v\u1ebd bao quanh h\u00ecnh b\u00e0n ch\u00e2n sau \u0111\u00f3 ghi l\u1ea1i s\u1ed1 li\u1ec7u v\u1eeba \u0111o \u0111\u01b0\u1ee3c.<\/p>\t\t\t\t\t\t<\/div>\n\t\t\t\t<\/div>\n\t\t\t\t<div class=\"elementor-element elementor-element-1fe0b91 elementor-widget elementor-widget-heading\" data-id=\"1fe0b91\" data-element_type=\"widget\" data-widget_type=\"heading.default\">\n\t\t\t\t<div class=\"elementor-widget-container\">\n\t\t\t<h4 class=\"elementor-heading-title elementor-size-default\">B\u1ea3ng size gi\u00e0y Run Together<\/h4>\t\t<\/div>\n\t\t\t\t<\/div>\n\t\t\t\t<div class=\"elementor-element elementor-element-9220aaf elementor-widget elementor-widget-text-editor\" data-id=\"9220aaf\" data-element_type=\"widget\" data-widget_type=\"text-editor.default\">\n\t\t\t\t<div class=\"elementor-widget-container\">\n\t\t\t\t\t\t\t<p><span style=\"color: #4c4c4c;\">D\u01b0\u1edbi \u0111\u00e2y l\u00e0 c\u00e1ch ch\u1ecdn size gi\u00e0y Run Together, sau khi \u0111o ch\u00e2n v\u00e0 \u00e1p d\u1ee5ng quy \u0111\u1ed5i size gi\u00e0y \u0111\u1ec3 c\u00f3 th\u1ec3 ch\u1ecdn sao cho ph\u00f9 h\u1ee3p nh\u1ea5t:<\/span><\/p>\t\t\t\t\t\t<\/div>\n\t\t\t\t<\/div>\n\t\t\t\t<div class=\"elementor-element elementor-element-0ebf9bf elementor-widget__width-initial elementor-widget elementor-widget-html\" data-id=\"0ebf9bf\" data-element_type=\"widget\" data-widget_type=\"html.default\">\n\t\t\t\t<div class=\"elementor-widget-container\">\n\t\t\t\r\n<table >\r\n    <thead>\r\n        <tr>\r\n            <th>Chi\u1ec1u d\u00e0i b\u00e0n ch\u00e2n chu\u1ea9n <br> (mm)<\/th>\r\n            <th>Chi\u1ec1u d\u00e0i b\u00e0n ch\u00e2n <br> T\u1ed1i thi\u1ec3u - T\u1ed1i \u0111a  <br> (mm)<\/th>\r\n            <th>RUN TOGETHER  <br>  Size EU<\/th>\r\n        <\/tr>\r\n    <\/thead>\r\n    <tbody >\r\n        <tr>\r\n            <td>220<\/td>\r\n            <td>214 - 220<\/td>\r\n            <td>35<\/td>\r\n        <\/tr>\r\n        <tr>\r\n            <td>227<\/td>\r\n            <td>221 - 227<\/td>\r\n            <td>36<\/td>\r\n        <\/tr>\r\n        <tr>\r\n            <td>233<\/td>\r\n            <td>228 - 233<\/td>\r\n            <td>37<\/td>\r\n        <\/tr>\r\n        <tr>\r\n            <td>240<\/td>\r\n            <td>234 - 240<\/td>\r\n            <td>38<\/td>\r\n        <\/tr>\r\n        <tr>\r\n            <td>247<\/td>\r\n            <td>241 - 247 <\/td>\r\n            <td>39<\/td>\r\n        <\/tr>\r\n        <tr>\r\n            <td>253<\/td>\r\n            <td>248 - 253<\/td>\r\n            <td>40<\/td>\r\n        <\/tr>\r\n        <tr>\r\n            <td>260<\/td>\r\n            <td>254 - 260<\/td>\r\n            <td>41<\/td>\r\n        <\/tr>\r\n        <tr>\r\n            <td>267<\/td>\r\n            <td>261 - 267<\/td>\r\n            <td>42<\/td>\r\n        <\/tr>\r\n        <tr>\r\n            <td>273<\/td>\r\n            <td>268 - 273<\/td>\r\n            <td>43<\/td>\r\n        <\/tr>\r\n        <tr>\r\n            <td>280<\/td>\r\n            <td>274 - 280<\/td>\r\n            <td>44<\/td>\r\n        <\/tr>\r\n        <tr>\r\n            <td>287<\/td>\r\n            <td>281 - 287<\/td>\r\n            <td>45<\/td>\r\n        <\/tr>\r\n        <tr>\r\n            <td>294<\/td>\r\n            <td>288 - 294<\/td>\r\n            <td>46<\/td>\r\n        <\/tr>\r\n        <tr>\r\n            <td>301<\/td>\r\n            <td>295 - 301<\/td>\r\n            <td>47<\/td>\r\n        <\/tr>\r\n        \r\n        <!-- Add more rows as needed -->\r\n    <\/tbody>\r\n<\/table>\r\n\r\n\t\t<\/div>\n\t\t\t\t<\/div>\n\t\t\t\t<div class=\"elementor-element elementor-element-12e0e83 elementor-widget elementor-widget-text-editor\" data-id=\"12e0e83\" data-element_type=\"widget\" data-widget_type=\"text-editor.default\">\n\t\t\t\t<div class=\"elementor-widget-container\">\n\t\t\t\t\t\t\t<p>Th\u00f4ng s\u1ed1 b\u1ea3ng size c\u00f3 th\u1ec3 ch\u00eanh l\u1ec7ch do t\u00f9y t\u1eebng k\u00edch c\u1ee1 ch\u00e2n. Qu\u00fd kh\u00e1ch h\u00e0ng\u00a0c\u00f3 th\u1ec3 d\u1ef1a v\u00e0o size b\u1ea3n th\u00e2n s\u1eed d\u1ee5ng ho\u1eb7c size th\u1eed t\u1ea1i c\u1eeda h\u00e0ng Run Together \u0111\u1ec3 tham kh\u1ea3o.\u00a0<\/p>\t\t\t\t\t\t<\/div>\n\t\t\t\t<\/div>\n\t\t\t\t<div class=\"elementor-element elementor-element-98c359c elementor-widget elementor-widget-spacer\" data-id=\"98c359c\" data-element_type=\"widget\" data-widget_type=\"spacer.default\">\n\t\t\t\t<div class=\"elementor-widget-container\">\n\t\t\t\t\t<div class=\"elementor-spacer\">\n\t\t\t<div class=\"elementor-spacer-inner\"><\/div>\n\t\t<\/div>\n\t\t\t\t<\/div>\n\t\t\t\t<\/div>\n\t\t\t\t\t<\/div>\n\t\t\t\t<\/div>\n\t\t\t\t\t<\/div>\n\t\t\t\t<\/div>\n\t\t\t\t<\/div>","protected":false},"excerpt":{"rendered":"<p>H\u01b0\u1edbng d\u1eabn c\u00e1ch ch\u1ecdn Size \u0110\u1ec3 ch\u1ecdn \u0111\u01b0\u1ee3c \u0111\u00f4i gi\u00e0y c\u00f3 size ph\u00f9 h\u1ee3p v\u1edbi ch\u00e2n c\u1ee7a m\u00ecnh, tr\u01b0\u1edbc h\u1ebft b\u1ea1n c\u1ea7n n\u1eafm \u0111\u01b0\u1ee3c c\u00e1ch \u0111o size ch\u00e2n \u1ee9ng v\u1edbi size gi\u00e0y nh\u01b0 sau: B\u01b0\u1edbc 1: Chu\u1ea9n b\u1ecb d\u1ee5ng c\u1ee5 B\u1ea1n c\u1ea7n chu\u1ea9n b\u1ecb m\u1ed9t t\u1edd gi\u1ea5y tr\u1eafng c\u00f3 k\u00edch th\u01b0\u1edbc l\u1edbn h\u01a1n b\u00e0n ch\u00e2n [&hellip;]<\/p>","protected":false},"author":3,"featured_media":0,"parent":0,"menu_order":0,"comment_status":"closed","ping_status":"closed","template":"","meta":{"footnotes":""},"class_list":["post-560","page","type-page","status-publish","hentry"],"yoast_head":"<!-- This site is optimized with the Yoast SEO plugin v24.2 - https:\/\/yoast.com\/wordpress\/plugins\/seo\/ -->\n<title>H\u01b0\u1edbng d\u1eabn c\u00e1ch ch\u1ecdn Size - Blog Runtogether<\/title>\n<meta name=\"robots\" content=\"index, follow, max-snippet:-1, max-image-preview:large, max-video-preview:-1\" \/>\n<link rel=\"canonical\" href=\"https:\/\/blog.runtogether.vn\/en\/huong-dan-cach-chon-size\/\" \/>\n<meta property=\"og:locale\" content=\"en_US\" \/>\n<meta property=\"og:type\" content=\"article\" \/>\n<meta property=\"og:title\" content=\"H\u01b0\u1edbng d\u1eabn c\u00e1ch ch\u1ecdn Size - Blog Runtogether\" \/>\n<meta property=\"og:description\" content=\"H\u01b0\u1edbng d\u1eabn c\u00e1ch ch\u1ecdn Size \u0110\u1ec3 ch\u1ecdn \u0111\u01b0\u1ee3c \u0111\u00f4i gi\u00e0y c\u00f3 size ph\u00f9 h\u1ee3p v\u1edbi ch\u00e2n c\u1ee7a m\u00ecnh, tr\u01b0\u1edbc h\u1ebft b\u1ea1n c\u1ea7n n\u1eafm \u0111\u01b0\u1ee3c c\u00e1ch \u0111o size ch\u00e2n \u1ee9ng v\u1edbi size gi\u00e0y nh\u01b0 sau: B\u01b0\u1edbc 1: Chu\u1ea9n b\u1ecb d\u1ee5ng c\u1ee5 B\u1ea1n c\u1ea7n chu\u1ea9n b\u1ecb m\u1ed9t t\u1edd gi\u1ea5y tr\u1eafng c\u00f3 k\u00edch th\u01b0\u1edbc l\u1edbn h\u01a1n b\u00e0n ch\u00e2n [&hellip;]\" \/>\n<meta property=\"og:url\" content=\"https:\/\/blog.runtogether.vn\/en\/huong-dan-cach-chon-size\/\" \/>\n<meta property=\"og:site_name\" content=\"Blog Runtogether\" \/>\n<meta property=\"article:modified_time\" content=\"2024-03-29T12:41:09+00:00\" \/>\n<meta property=\"og:image\" content=\"https:\/\/blog.runtogether.vn\/wp-content\/uploads\/2024\/03\/huong-dan-chon-size-giay.webp\" \/>\n<meta name=\"twitter:card\" content=\"summary_large_image\" \/>\n<meta name=\"twitter:label1\" content=\"Est. reading time\" \/>\n\t<meta name=\"twitter:data1\" content=\"3 minutes\" \/>\n<script type=\"application\/ld+json\" class=\"yoast-schema-graph\">{\"@context\":\"https:\/\/schema.org\",\"@graph\":[{\"@type\":\"WebPage\",\"@id\":\"https:\/\/blog.runtogether.vn\/huong-dan-cach-chon-size\/\",\"url\":\"https:\/\/blog.runtogether.vn\/huong-dan-cach-chon-size\/\",\"name\":\"H\u01b0\u1edbng d\u1eabn c\u00e1ch ch\u1ecdn Size - Blog Runtogether\",\"isPartOf\":{\"@id\":\"https:\/\/blog.runtogether.vn\/#website\"},\"primaryImageOfPage\":{\"@id\":\"https:\/\/blog.runtogether.vn\/huong-dan-cach-chon-size\/#primaryimage\"},\"image\":{\"@id\":\"https:\/\/blog.runtogether.vn\/huong-dan-cach-chon-size\/#primaryimage\"},\"thumbnailUrl\":\"https:\/\/blog.runtogether.vn\/wp-content\/uploads\/2024\/03\/huong-dan-chon-size-giay.webp\",\"datePublished\":\"2024-03-27T10:04:23+00:00\",\"dateModified\":\"2024-03-29T12:41:09+00:00\",\"breadcrumb\":{\"@id\":\"https:\/\/blog.runtogether.vn\/huong-dan-cach-chon-size\/#breadcrumb\"},\"inLanguage\":\"en-US\",\"potentialAction\":[{\"@type\":\"ReadAction\",\"target\":[\"https:\/\/blog.runtogether.vn\/huong-dan-cach-chon-size\/\"]}]},{\"@type\":\"ImageObject\",\"inLanguage\":\"en-US\",\"@id\":\"https:\/\/blog.runtogether.vn\/huong-dan-cach-chon-size\/#primaryimage\",\"url\":\"https:\/\/blog.runtogether.vn\/wp-content\/uploads\/2024\/03\/huong-dan-chon-size-giay.webp\",\"contentUrl\":\"https:\/\/blog.runtogether.vn\/wp-content\/uploads\/2024\/03\/huong-dan-chon-size-giay.webp\"},{\"@type\":\"BreadcrumbList\",\"@id\":\"https:\/\/blog.runtogether.vn\/huong-dan-cach-chon-size\/#breadcrumb\",\"itemListElement\":[{\"@type\":\"ListItem\",\"position\":1,\"name\":\"Trang ch\u1ee7\",\"item\":\"https:\/\/blog.runtogether.vn\/\"},{\"@type\":\"ListItem\",\"position\":2,\"name\":\"H\u01b0\u1edbng d\u1eabn c\u00e1ch ch\u1ecdn Size\"}]},{\"@type\":\"WebSite\",\"@id\":\"https:\/\/blog.runtogether.vn\/#website\",\"url\":\"https:\/\/blog.runtogether.vn\/\",\"name\":\"Blog Runtogether\",\"description\":\"\",\"publisher\":{\"@id\":\"https:\/\/blog.runtogether.vn\/#organization\"},\"potentialAction\":[{\"@type\":\"SearchAction\",\"target\":{\"@type\":\"EntryPoint\",\"urlTemplate\":\"https:\/\/blog.runtogether.vn\/?s={search_term_string}\"},\"query-input\":{\"@type\":\"PropertyValueSpecification\",\"valueRequired\":true,\"valueName\":\"search_term_string\"}}],\"inLanguage\":\"en-US\"},{\"@type\":\"Organization\",\"@id\":\"https:\/\/blog.runtogether.vn\/#organization\",\"name\":\"Blog Runtogether\",\"url\":\"https:\/\/blog.runtogether.vn\/\",\"logo\":{\"@type\":\"ImageObject\",\"inLanguage\":\"en-US\",\"@id\":\"https:\/\/blog.runtogether.vn\/#\/schema\/logo\/image\/\",\"url\":\"https:\/\/blog.runtogether.vn\/wp-content\/uploads\/2024\/03\/300x300.png\",\"contentUrl\":\"https:\/\/blog.runtogether.vn\/wp-content\/uploads\/2024\/03\/300x300.png\",\"width\":300,\"height\":300,\"caption\":\"Blog Runtogether\"},\"image\":{\"@id\":\"https:\/\/blog.runtogether.vn\/#\/schema\/logo\/image\/\"}}]}<\/script>\n<!-- \/ Yoast SEO plugin. -->","yoast_head_json":{"title":"H\u01b0\u1edbng d\u1eabn c\u00e1ch ch\u1ecdn Size - Blog Runtogether","robots":{"index":"index","follow":"follow","max-snippet":"max-snippet:-1","max-image-preview":"max-image-preview:large","max-video-preview":"max-video-preview:-1"},"canonical":"https:\/\/blog.runtogether.vn\/en\/huong-dan-cach-chon-size\/","og_locale":"en_US","og_type":"article","og_title":"H\u01b0\u1edbng d\u1eabn c\u00e1ch ch\u1ecdn Size - Blog Runtogether","og_description":"H\u01b0\u1edbng d\u1eabn c\u00e1ch ch\u1ecdn Size \u0110\u1ec3 ch\u1ecdn \u0111\u01b0\u1ee3c \u0111\u00f4i gi\u00e0y c\u00f3 size ph\u00f9 h\u1ee3p v\u1edbi ch\u00e2n c\u1ee7a m\u00ecnh, tr\u01b0\u1edbc h\u1ebft b\u1ea1n c\u1ea7n n\u1eafm \u0111\u01b0\u1ee3c c\u00e1ch \u0111o size ch\u00e2n \u1ee9ng v\u1edbi size gi\u00e0y nh\u01b0 sau: B\u01b0\u1edbc 1: Chu\u1ea9n b\u1ecb d\u1ee5ng c\u1ee5 B\u1ea1n c\u1ea7n chu\u1ea9n b\u1ecb m\u1ed9t t\u1edd gi\u1ea5y tr\u1eafng c\u00f3 k\u00edch th\u01b0\u1edbc l\u1edbn h\u01a1n b\u00e0n ch\u00e2n [&hellip;]","og_url":"https:\/\/blog.runtogether.vn\/en\/huong-dan-cach-chon-size\/","og_site_name":"Blog Runtogether","article_modified_time":"2024-03-29T12:41:09+00:00","og_image":[{"url":"https:\/\/blog.runtogether.vn\/wp-content\/uploads\/2024\/03\/huong-dan-chon-size-giay.webp","type":"","width":"","height":""}],"twitter_card":"summary_large_image","twitter_misc":{"Est. reading time":"3 minutes"},"schema":{"@context":"https:\/\/schema.org","@graph":[{"@type":"WebPage","@id":"https:\/\/blog.runtogether.vn\/huong-dan-cach-chon-size\/","url":"https:\/\/blog.runtogether.vn\/huong-dan-cach-chon-size\/","name":"H\u01b0\u1edbng d\u1eabn c\u00e1ch ch\u1ecdn Size - Blog Runtogether","isPartOf":{"@id":"https:\/\/blog.runtogether.vn\/#website"},"primaryImageOfPage":{"@id":"https:\/\/blog.runtogether.vn\/huong-dan-cach-chon-size\/#primaryimage"},"image":{"@id":"https:\/\/blog.runtogether.vn\/huong-dan-cach-chon-size\/#primaryimage"},"thumbnailUrl":"https:\/\/blog.runtogether.vn\/wp-content\/uploads\/2024\/03\/huong-dan-chon-size-giay.webp","datePublished":"2024-03-27T10:04:23+00:00","dateModified":"2024-03-29T12:41:09+00:00","breadcrumb":{"@id":"https:\/\/blog.runtogether.vn\/huong-dan-cach-chon-size\/#breadcrumb"},"inLanguage":"en-US","potentialAction":[{"@type":"ReadAction","target":["https:\/\/blog.runtogether.vn\/huong-dan-cach-chon-size\/"]}]},{"@type":"ImageObject","inLanguage":"en-US","@id":"https:\/\/blog.runtogether.vn\/huong-dan-cach-chon-size\/#primaryimage","url":"https:\/\/blog.runtogether.vn\/wp-content\/uploads\/2024\/03\/huong-dan-chon-size-giay.webp","contentUrl":"https:\/\/blog.runtogether.vn\/wp-content\/uploads\/2024\/03\/huong-dan-chon-size-giay.webp"},{"@type":"BreadcrumbList","@id":"https:\/\/blog.runtogether.vn\/huong-dan-cach-chon-size\/#breadcrumb","itemListElement":[{"@type":"ListItem","position":1,"name":"Trang ch\u1ee7","item":"https:\/\/blog.runtogether.vn\/"},{"@type":"ListItem","position":2,"name":"H\u01b0\u1edbng d\u1eabn c\u00e1ch ch\u1ecdn Size"}]},{"@type":"WebSite","@id":"https:\/\/blog.runtogether.vn\/#website","url":"https:\/\/blog.runtogether.vn\/","name":"Blog Runtogether","description":"","publisher":{"@id":"https:\/\/blog.runtogether.vn\/#organization"},"potentialAction":[{"@type":"SearchAction","target":{"@type":"EntryPoint","urlTemplate":"https:\/\/blog.runtogether.vn\/?s={search_term_string}"},"query-input":{"@type":"PropertyValueSpecification","valueRequired":true,"valueName":"search_term_string"}}],"inLanguage":"en-US"},{"@type":"Organization","@id":"https:\/\/blog.runtogether.vn\/#organization","name":"Blog Runtogether","url":"https:\/\/blog.runtogether.vn\/","logo":{"@type":"ImageObject","inLanguage":"en-US","@id":"https:\/\/blog.runtogether.vn\/#\/schema\/logo\/image\/","url":"https:\/\/blog.runtogether.vn\/wp-content\/uploads\/2024\/03\/300x300.png","contentUrl":"https:\/\/blog.runtogether.vn\/wp-content\/uploads\/2024\/03\/300x300.png","width":300,"height":300,"caption":"Blog Runtogether"},"image":{"@id":"https:\/\/blog.runtogether.vn\/#\/schema\/logo\/image\/"}}]}},"_links":{"self":[{"href":"https:\/\/blog.runtogether.vn\/en\/wp-json\/wp\/v2\/pages\/560","targetHints":{"allow":["GET"]}}],"collection":[{"href":"https:\/\/blog.runtogether.vn\/en\/wp-json\/wp\/v2\/pages"}],"about":[{"href":"https:\/\/blog.runtogether.vn\/en\/wp-json\/wp\/v2\/types\/page"}],"author":[{"embeddable":true,"href":"https:\/\/blog.runtogether.vn\/en\/wp-json\/wp\/v2\/users\/3"}],"replies":[{"embeddable":true,"href":"https:\/\/blog.runtogether.vn\/en\/wp-json\/wp\/v2\/comments?post=560"}],"version-history":[{"count":0,"href":"https:\/\/blog.runtogether.vn\/en\/wp-json\/wp\/v2\/pages\/560\/revisions"}],"wp:attachment":[{"href":"https:\/\/blog.runtogether.vn\/en\/wp-json\/wp\/v2\/media?parent=560"}],"curies":[{"name":"wp","href":"https:\/\/api.w.org\/{rel}","templated":true}]}}