{"id":536,"date":"2024-03-27T16:06:24","date_gmt":"2024-03-27T09:06:24","guid":{"rendered":"https:\/\/blog.runtogether.vn\/?page_id=536"},"modified":"2024-03-30T10:19:26","modified_gmt":"2024-03-30T03:19:26","slug":"chinh-sach-bao-hanh","status":"publish","type":"page","link":"https:\/\/blog.runtogether.vn\/en\/chinh-sach-bao-hanh\/","title":{"rendered":"Ch\u00ednh s\u00e1ch b\u1ea3o h\u00e0nh &#8211; Run Together Shop"},"content":{"rendered":"<div data-elementor-type=\"wp-page\" data-elementor-id=\"536\" class=\"elementor elementor-536\" data-elementor-post-type=\"page\">\n\t\t\t\t<div class=\"elementor-element elementor-element-cb35311 e-flex e-con-boxed e-con e-parent\" data-id=\"cb35311\" data-element_type=\"container\" data-settings=\"{&quot;background_background&quot;:&quot;classic&quot;,&quot;content_width&quot;:&quot;boxed&quot;}\" data-core-v316-plus=\"true\">\n\t\t\t\t\t<div class=\"e-con-inner\">\n\t\t\t\t<div class=\"elementor-element elementor-element-2c0af0c elementor-widget elementor-widget-spacer\" data-id=\"2c0af0c\" data-element_type=\"widget\" data-widget_type=\"spacer.default\">\n\t\t\t\t<div class=\"elementor-widget-container\">\n\t\t\t<style>\/*! elementor - v3.19.0 - 28-02-2024 *\/\n.elementor-column .elementor-spacer-inner{height:var(--spacer-size)}.e-con{--container-widget-width:100%}.e-con-inner>.elementor-widget-spacer,.e-con>.elementor-widget-spacer{width:var(--container-widget-width,var(--spacer-size));--align-self:var(--container-widget-align-self,initial);--flex-shrink:0}.e-con-inner>.elementor-widget-spacer>.elementor-widget-container,.e-con>.elementor-widget-spacer>.elementor-widget-container{height:100%;width:100%}.e-con-inner>.elementor-widget-spacer>.elementor-widget-container>.elementor-spacer,.e-con>.elementor-widget-spacer>.elementor-widget-container>.elementor-spacer{height:100%}.e-con-inner>.elementor-widget-spacer>.elementor-widget-container>.elementor-spacer>.elementor-spacer-inner,.e-con>.elementor-widget-spacer>.elementor-widget-container>.elementor-spacer>.elementor-spacer-inner{height:var(--container-widget-height,var(--spacer-size))}.e-con-inner>.elementor-widget-spacer.elementor-widget-empty,.e-con>.elementor-widget-spacer.elementor-widget-empty{position:relative;min-height:22px;min-width:22px}.e-con-inner>.elementor-widget-spacer.elementor-widget-empty .elementor-widget-empty-icon,.e-con>.elementor-widget-spacer.elementor-widget-empty .elementor-widget-empty-icon{position:absolute;top:0;bottom:0;left:0;right:0;margin:auto;padding:0;width:22px;height:22px}<\/style>\t\t<div class=\"elementor-spacer\">\n\t\t\t<div class=\"elementor-spacer-inner\"><\/div>\n\t\t<\/div>\n\t\t\t\t<\/div>\n\t\t\t\t<\/div>\n\t\t\t\t<div class=\"elementor-element elementor-element-1d7e99f elementor-align-center elementor-widget elementor-widget-breadcrumbs\" data-id=\"1d7e99f\" data-element_type=\"widget\" data-widget_type=\"breadcrumbs.default\">\n\t\t\t\t<div class=\"elementor-widget-container\">\n\t\t\t<link rel=\"stylesheet\" href=\"https:\/\/blog.runtogether.vn\/wp-content\/plugins\/elementor-pro\/assets\/css\/widget-theme-elements.min.css\"><div id=\"breadcrumbs\"><span><span><a href=\"https:\/\/blog.runtogether.vn\/en\/\">Trang ch\u1ee7<\/a><\/span><\/span><\/div>\t\t<\/div>\n\t\t\t\t<\/div>\n\t\t\t\t<div class=\"elementor-element elementor-element-3eb13a1 elementor-widget elementor-widget-spacer\" data-id=\"3eb13a1\" data-element_type=\"widget\" data-widget_type=\"spacer.default\">\n\t\t\t\t<div class=\"elementor-widget-container\">\n\t\t\t\t\t<div class=\"elementor-spacer\">\n\t\t\t<div class=\"elementor-spacer-inner\"><\/div>\n\t\t<\/div>\n\t\t\t\t<\/div>\n\t\t\t\t<\/div>\n\t\t\t\t\t<\/div>\n\t\t\t\t<\/div>\n\t\t<div class=\"elementor-element elementor-element-4b089db e-flex e-con-boxed e-con e-parent\" data-id=\"4b089db\" data-element_type=\"container\" data-settings=\"{&quot;content_width&quot;:&quot;boxed&quot;}\" data-core-v316-plus=\"true\">\n\t\t\t\t\t<div class=\"e-con-inner\">\n\t\t\t\t<div class=\"elementor-element elementor-element-573024e elementor-widget elementor-widget-heading\" data-id=\"573024e\" data-element_type=\"widget\" data-widget_type=\"heading.default\">\n\t\t\t\t<div class=\"elementor-widget-container\">\n\t\t\t<style>\/*! elementor - v3.19.0 - 28-02-2024 *\/\n.elementor-heading-title{padding:0;margin:0;line-height:1}.elementor-widget-heading .elementor-heading-title[class*=elementor-size-]>a{color:inherit;font-size:inherit;line-height:inherit}.elementor-widget-heading .elementor-heading-title.elementor-size-small{font-size:15px}.elementor-widget-heading .elementor-heading-title.elementor-size-medium{font-size:19px}.elementor-widget-heading .elementor-heading-title.elementor-size-large{font-size:29px}.elementor-widget-heading .elementor-heading-title.elementor-size-xl{font-size:39px}.elementor-widget-heading .elementor-heading-title.elementor-size-xxl{font-size:59px}<\/style><h2 class=\"elementor-heading-title elementor-size-default\">Ch\u00ednh s\u00e1ch b\u1ea3o h\u00e0nh<\/h2>\t\t<\/div>\n\t\t\t\t<\/div>\n\t\t<div class=\"elementor-element elementor-element-c947483 e-flex e-con-boxed e-con e-child\" data-id=\"c947483\" data-element_type=\"container\" data-settings=\"{&quot;content_width&quot;:&quot;boxed&quot;}\">\n\t\t\t\t\t<div class=\"e-con-inner\">\n\t\t\t\t<div class=\"elementor-element elementor-element-ab979a0 elementor-widget elementor-widget-text-editor\" data-id=\"ab979a0\" data-element_type=\"widget\" data-widget_type=\"text-editor.default\">\n\t\t\t\t<div class=\"elementor-widget-container\">\n\t\t\t<style>\/*! elementor - v3.19.0 - 28-02-2024 *\/\n.elementor-widget-text-editor.elementor-drop-cap-view-stacked .elementor-drop-cap{background-color:#69727d;color:#fff}.elementor-widget-text-editor.elementor-drop-cap-view-framed .elementor-drop-cap{color:#69727d;border:3px solid;background-color:transparent}.elementor-widget-text-editor:not(.elementor-drop-cap-view-default) .elementor-drop-cap{margin-top:8px}.elementor-widget-text-editor:not(.elementor-drop-cap-view-default) .elementor-drop-cap-letter{width:1em;height:1em}.elementor-widget-text-editor .elementor-drop-cap{float:left;text-align:center;line-height:1;font-size:50px}.elementor-widget-text-editor .elementor-drop-cap-letter{display:inline-block}<\/style>\t\t\t\t<p><strong>Run Together lu\u00f4n n\u1ed7 l\u1ef1c mang \u0111\u1ebfn tr\u1ea3i nghi\u1ec7m s\u1ea3n ph\u1ea9m tuy\u1ec7t v\u1eddi d\u00e0nh cho kh\u00e1ch h\u00e0ng t\u1eeb s\u1ef1 \u0111a d\u1ea1ng s\u1ea3n ph\u1ea9m, m\u1eabu m\u00e3 th\u1eddi trang, c\u1eeda h\u00e0ng hi\u1ec7n \u0111\u1ea1i, sang tr\u1ecdng v\u00e0 nh\u1eefng d\u1ecbch v\u1ee5 h\u1eadu m\u00e3i kh\u00f4ng ng\u1eebng \u0111\u01b0\u1ee3c ho\u00e0n thi\u1ec7n. Theo \u0111\u00f3, Run Together \u0111\u00e3 c\u1ea3i ti\u1ebfn v\u00e0 \u00e1p d\u1ee5ng ch\u00ednh s\u00e1ch b\u1ea3o h\u00e0nh m\u1edbi d\u00e0nh cho t\u1ea5t c\u1ea3 kh\u00e1ch h\u00e0ng mua s\u1eafm c\u1ee7a Run Together.<\/strong><\/p>\t\t\t\t\t\t<\/div>\n\t\t\t\t<\/div>\n\t\t\t\t<div class=\"elementor-element elementor-element-65fe5fe elementor-widget elementor-widget-image\" data-id=\"65fe5fe\" data-element_type=\"widget\" data-widget_type=\"image.default\">\n\t\t\t\t<div class=\"elementor-widget-container\">\n\t\t\t<style>\/*! elementor - v3.19.0 - 28-02-2024 *\/\n.elementor-widget-image{text-align:center}.elementor-widget-image a{display:inline-block}.elementor-widget-image a img[src$=\".svg\"]{width:48px}.elementor-widget-image img{vertical-align:middle;display:inline-block}<\/style>\t\t\t\t\t\t\t\t\t\t<img fetchpriority=\"high\" decoding=\"async\" width=\"783\" height=\"1800\" src=\"https:\/\/blog.runtogether.vn\/wp-content\/uploads\/2024\/03\/chinh-sach-bao-hanh.webp\" class=\"attachment-full size-full wp-image-538\" alt=\"\" srcset=\"https:\/\/blog.runtogether.vn\/wp-content\/uploads\/2024\/03\/chinh-sach-bao-hanh.webp 783w, https:\/\/blog.runtogether.vn\/wp-content\/uploads\/2024\/03\/chinh-sach-bao-hanh-131x300.webp 131w, https:\/\/blog.runtogether.vn\/wp-content\/uploads\/2024\/03\/chinh-sach-bao-hanh-445x1024.webp 445w, https:\/\/blog.runtogether.vn\/wp-content\/uploads\/2024\/03\/chinh-sach-bao-hanh-768x1766.webp 768w, https:\/\/blog.runtogether.vn\/wp-content\/uploads\/2024\/03\/chinh-sach-bao-hanh-668x1536.webp 668w\" sizes=\"(max-width: 783px) 100vw, 783px\" \/>\t\t\t\t\t\t\t\t\t\t\t\t\t<\/div>\n\t\t\t\t<\/div>\n\t\t\t\t<div class=\"elementor-element elementor-element-02c2a78 elementor-widget elementor-widget-text-editor\" data-id=\"02c2a78\" data-element_type=\"widget\" data-widget_type=\"text-editor.default\">\n\t\t\t\t<div class=\"elementor-widget-container\">\n\t\t\t\t\t\t\t<p><strong>1. \u0110i\u1ec1u ki\u1ec7n \u00e1p d\u1ee5ng v\u00e0 th\u1eddi gian b\u1ea3o h\u00e0nh:<\/strong><\/p><p>\u0110i\u1ec1u ki\u1ec7n \u00e1p d\u1ee5ng:<\/p><ul><li>Trong th\u1eddi gian b\u1ea3o h\u00e0nh Kh\u00e1ch h\u00e0ng c\u00f3 nhu c\u1ea7u b\u1ea3o h\u00e0nh s\u1ea3n ph\u1ea9m th\u00ec s\u1ebd mi\u1ec5n ph\u00ed b\u1ea3o h\u00e0nh v\u1edbi c\u00e1c tr\u01b0\u1eddng h\u1ee3p sau:<\/li><\/ul><p style=\"padding-left: 40px;\">+ L\u1ed7i do nh\u00e0 s\u1ea3n xu\u1ea5t: h\u1edf keo, \u0111\u1ee9t ch\u1ec9, bung h\u1ecda ti\u1ebft logo.<\/p><ul><li>Th\u1eddi gian h\u1ed7 tr\u1ee3 b\u1ea3o h\u00e0nh t\u00ednh t\u1eeb ng\u00e0y nh\u1eadn h\u00e0ng:<\/li><\/ul><p style=\"padding-left: 40px;\">+ B\u1ea3o h\u00e0nh tr\u1ecdn \u0111\u1eddi v\u1edbi l\u1ed7i bong keo (v\u1eadt t\u01b0 c\u1ee7a s\u1ea3n ph\u1ea9m \u0111\u1ee7 \u0111i\u1ec1u ki\u1ec7n t\u00e1i ch\u1ebf kh\u00f4ng b\u1ecb r\u00e1ch, tr\u00f3c si&#8230;).<\/p><p style=\"padding-left: 40px;\">+ V\u1edbi c\u00e1c l\u1ed7i kh\u00e1c th\u1eddi gian b\u1ea3o h\u00e0nh 3 th\u00e1ng.<\/p><ul><li>Khi b\u1ea3o h\u00e0nh kh\u00e1ch h\u00e0ng ph\u1ea3i cung c\u1ea5p h\u00f3a \u0111\u01a1n ho\u1eb7c mail x\u00e1c nh\u1eadn giao h\u00e0ng ho\u1eb7c phi\u1ebfu b\u1ea3o h\u00e0nh c\u1ee7a s\u1ea3n ph\u1ea9m.<\/li><li>Th\u1eddi gian x\u1eed l\u00fd b\u1ea3o h\u00e0nh:<\/li><\/ul><p style=\"padding-left: 40px;\">+ Trong v\u00f2ng 15 ng\u00e0y l\u00e0m vi\u1ec7c, v\u1edbi \u0111i\u1ec1u ki\u1ec7n c\u00f2n s\u1ea3n ph\u1ea9m \u1edf kho.<\/p><p style=\"padding-left: 40px;\">+ Trong v\u00f2ng 30 ng\u00e0y l\u00e0m vi\u1ec7c, n\u1ebfu s\u1ea3n ph\u1ea9m \u0111\u00e3 h\u1ebft trong th\u1eddi \u0111i\u1ec3m b\u1ea3o h\u00e0nh.<\/p><ul><li>Kh\u00f4ng h\u1ed7 tr\u1ee3 \u0111\u1ed1i v\u1edbi nh\u1eefng s\u1ea3n ph\u1ea9m c\u00f3 th\u00f4ng b\u00e1o: kh\u00f4ng \u00e1p d\u1ee5ng \u0111\u1ed5i tr\u1ea3 &#8211; b\u1ea3o h\u00e0nh.<\/li><\/ul><p><strong>2. C\u00e1ch th\u1ee9c ti\u1ebfp nh\u1eadn b\u1ea3o h\u00e0nh:<\/strong><\/p><ul><li>B\u01b0\u1edbc 1: Nh\u1eafn tin v\u00e0o Fanpage Gi\u00e0y C\u00f4ng Ngh\u1ec7 Run Together: <span style=\"color: #99cc00;\"><a class=\"custom-link\" style=\"color: #99cc00;\" href=\"https:\/\/www.facebook.com\/GiayRuntogetherVietNam\">https:\/\/www.facebook.com\/GiayCongNgheRunTogether<\/a><a class=\"custom-link-small\" style=\"color: #99cc00;\" href=\"https:\/\/www.facebook.com\/GiayRuntogetherVietNam\">Click here\u00a0<\/a><\/span><\/li><li>B\u01b0\u1edbc 2: Cung c\u1ea5p S\u0110T + h\u00ecnh \u1ea3nh ho\u00e1 \u0111\u01a1n mua h\u00e0ng c\u00f3 bao g\u1ed3m s\u1ea3n ph\u1ea9m<\/li><li>B\u01b0\u1edbc 3: Run Together s\u1ebd li\u00ean h\u1ec7 l\u1ea1i h\u1ed7 tr\u1ee3 qu\u00fd kh\u00e1ch s\u1edbm nh\u1ea5t c\u00f3 th\u1ec3.<\/li><\/ul><p><strong>L\u01b0u \u00fd:<\/strong><\/p><ul><li>\u0110\u1ed1i v\u1edbi s\u1ea3n ph\u1ea9m \u00e1o v\u00e0 ph\u1ee5 ki\u1ec7n, Run Together kh\u00f4ng \u00e1p d\u1ee5ng ch\u00ednh s\u00e1ch b\u1ea3o h\u00e0nh, mong kh\u00e1ch h\u00e0ng th\u00f4ng c\u1ea3m.<\/li><li>V\u1edbi l\u1ed7i bong keo, Run Together s\u1ebd h\u1ed7 tr\u1ee3 chi ph\u00ed v\u1eadn chuy\u1ec3n trong 90 ng\u00e0y \u0111\u1ea7u mua h\u00e0ng, sau th\u1eddi gian tr\u00ean kh\u00e1ch h\u00e0ng s\u1ebd chi tr\u1ea3 ph\u00ed v\u1eadn chuy\u1ec3n hai chi\u1ec1u.<\/li><li>Tr\u01b0\u1edbc khi g\u1eedi gi\u00e0y v\u1ec1 Run Together \u0111\u1ec3 b\u1ea3o h\u00e0nh, qu\u00fd kh\u00e1ch vui l\u00f2ng gi\u1eef gi\u00e0y s\u1ea1ch s\u1ebd tr\u01b0\u1edbc khi g\u1eedi \u0111\u1ec3 vi\u1ec7c b\u1ea3o h\u00e0nh \u0111\u01b0\u1ee3c x\u1eed l\u00fd nhanh v\u00e0 thu\u1eadn ti\u1ec7n h\u01a1n.<\/li><\/ul>\t\t\t\t\t\t<\/div>\n\t\t\t\t<\/div>\n\t\t\t\t<div class=\"elementor-element elementor-element-6083edb elementor-widget elementor-widget-spacer\" data-id=\"6083edb\" data-element_type=\"widget\" data-widget_type=\"spacer.default\">\n\t\t\t\t<div class=\"elementor-widget-container\">\n\t\t\t\t\t<div class=\"elementor-spacer\">\n\t\t\t<div class=\"elementor-spacer-inner\"><\/div>\n\t\t<\/div>\n\t\t\t\t<\/div>\n\t\t\t\t<\/div>\n\t\t\t\t\t<\/div>\n\t\t\t\t<\/div>\n\t\t\t\t\t<\/div>\n\t\t\t\t<\/div>\n\t\t\t\t<\/div>","protected":false},"excerpt":{"rendered":"<p>Ch\u00ednh s\u00e1ch b\u1ea3o h\u00e0nh Run Together lu\u00f4n n\u1ed7 l\u1ef1c mang \u0111\u1ebfn tr\u1ea3i nghi\u1ec7m s\u1ea3n ph\u1ea9m tuy\u1ec7t v\u1eddi d\u00e0nh cho kh\u00e1ch h\u00e0ng t\u1eeb s\u1ef1 \u0111a d\u1ea1ng s\u1ea3n ph\u1ea9m, m\u1eabu m\u00e3 th\u1eddi trang, c\u1eeda h\u00e0ng hi\u1ec7n \u0111\u1ea1i, sang tr\u1ecdng v\u00e0 nh\u1eefng d\u1ecbch v\u1ee5 h\u1eadu m\u00e3i kh\u00f4ng ng\u1eebng \u0111\u01b0\u1ee3c ho\u00e0n thi\u1ec7n. Theo \u0111\u00f3, Run Together \u0111\u00e3 c\u1ea3i ti\u1ebfn [&hellip;]<\/p>","protected":false},"author":3,"featured_media":0,"parent":0,"menu_order":0,"comment_status":"closed","ping_status":"closed","template":"","meta":{"footnotes":""},"class_list":["post-536","page","type-page","status-publish","hentry"],"yoast_head":"<!-- This site is optimized with the Yoast SEO plugin v24.2 - https:\/\/yoast.com\/wordpress\/plugins\/seo\/ -->\n<title>Ch\u00ednh s\u00e1ch b\u1ea3o h\u00e0nh - Run Together Shop - Blog Runtogether<\/title>\n<meta name=\"robots\" content=\"index, follow, max-snippet:-1, max-image-preview:large, max-video-preview:-1\" \/>\n<link rel=\"canonical\" href=\"https:\/\/blog.runtogether.vn\/en\/chinh-sach-bao-hanh\/\" \/>\n<meta property=\"og:locale\" content=\"en_US\" \/>\n<meta property=\"og:type\" content=\"article\" \/>\n<meta property=\"og:title\" content=\"Ch\u00ednh s\u00e1ch b\u1ea3o h\u00e0nh - Run Together Shop - Blog Runtogether\" \/>\n<meta property=\"og:description\" content=\"Ch\u00ednh s\u00e1ch b\u1ea3o h\u00e0nh Run Together lu\u00f4n n\u1ed7 l\u1ef1c mang \u0111\u1ebfn tr\u1ea3i nghi\u1ec7m s\u1ea3n ph\u1ea9m tuy\u1ec7t v\u1eddi d\u00e0nh cho kh\u00e1ch h\u00e0ng t\u1eeb s\u1ef1 \u0111a d\u1ea1ng s\u1ea3n ph\u1ea9m, m\u1eabu m\u00e3 th\u1eddi trang, c\u1eeda h\u00e0ng hi\u1ec7n \u0111\u1ea1i, sang tr\u1ecdng v\u00e0 nh\u1eefng d\u1ecbch v\u1ee5 h\u1eadu m\u00e3i kh\u00f4ng ng\u1eebng \u0111\u01b0\u1ee3c ho\u00e0n thi\u1ec7n. Theo \u0111\u00f3, Run Together \u0111\u00e3 c\u1ea3i ti\u1ebfn [&hellip;]\" \/>\n<meta property=\"og:url\" content=\"https:\/\/blog.runtogether.vn\/en\/chinh-sach-bao-hanh\/\" \/>\n<meta property=\"og:site_name\" content=\"Blog Runtogether\" \/>\n<meta property=\"article:modified_time\" content=\"2024-03-30T03:19:26+00:00\" \/>\n<meta property=\"og:image\" content=\"https:\/\/blog.runtogether.vn\/wp-content\/uploads\/2024\/03\/chinh-sach-bao-hanh.webp\" \/>\n<meta name=\"twitter:card\" content=\"summary_large_image\" \/>\n<meta name=\"twitter:label1\" content=\"Est. reading time\" \/>\n\t<meta name=\"twitter:data1\" content=\"3 minutes\" \/>\n<script type=\"application\/ld+json\" class=\"yoast-schema-graph\">{\"@context\":\"https:\/\/schema.org\",\"@graph\":[{\"@type\":\"WebPage\",\"@id\":\"https:\/\/blog.runtogether.vn\/chinh-sach-bao-hanh\/\",\"url\":\"https:\/\/blog.runtogether.vn\/chinh-sach-bao-hanh\/\",\"name\":\"Ch\u00ednh s\u00e1ch b\u1ea3o h\u00e0nh - Run Together Shop - Blog Runtogether\",\"isPartOf\":{\"@id\":\"https:\/\/blog.runtogether.vn\/#website\"},\"primaryImageOfPage\":{\"@id\":\"https:\/\/blog.runtogether.vn\/chinh-sach-bao-hanh\/#primaryimage\"},\"image\":{\"@id\":\"https:\/\/blog.runtogether.vn\/chinh-sach-bao-hanh\/#primaryimage\"},\"thumbnailUrl\":\"https:\/\/blog.runtogether.vn\/wp-content\/uploads\/2024\/03\/chinh-sach-bao-hanh.webp\",\"datePublished\":\"2024-03-27T09:06:24+00:00\",\"dateModified\":\"2024-03-30T03:19:26+00:00\",\"breadcrumb\":{\"@id\":\"https:\/\/blog.runtogether.vn\/chinh-sach-bao-hanh\/#breadcrumb\"},\"inLanguage\":\"en-US\",\"potentialAction\":[{\"@type\":\"ReadAction\",\"target\":[\"https:\/\/blog.runtogether.vn\/chinh-sach-bao-hanh\/\"]}]},{\"@type\":\"ImageObject\",\"inLanguage\":\"en-US\",\"@id\":\"https:\/\/blog.runtogether.vn\/chinh-sach-bao-hanh\/#primaryimage\",\"url\":\"https:\/\/blog.runtogether.vn\/wp-content\/uploads\/2024\/03\/chinh-sach-bao-hanh.webp\",\"contentUrl\":\"https:\/\/blog.runtogether.vn\/wp-content\/uploads\/2024\/03\/chinh-sach-bao-hanh.webp\"},{\"@type\":\"BreadcrumbList\",\"@id\":\"https:\/\/blog.runtogether.vn\/chinh-sach-bao-hanh\/#breadcrumb\",\"itemListElement\":[{\"@type\":\"ListItem\",\"position\":1,\"name\":\"Trang ch\u1ee7\",\"item\":\"https:\/\/blog.runtogether.vn\/\"},{\"@type\":\"ListItem\",\"position\":2,\"name\":\"Ch\u00ednh s\u00e1ch b\u1ea3o h\u00e0nh &#8211; Run Together Shop\"}]},{\"@type\":\"WebSite\",\"@id\":\"https:\/\/blog.runtogether.vn\/#website\",\"url\":\"https:\/\/blog.runtogether.vn\/\",\"name\":\"Blog Runtogether\",\"description\":\"\",\"publisher\":{\"@id\":\"https:\/\/blog.runtogether.vn\/#organization\"},\"potentialAction\":[{\"@type\":\"SearchAction\",\"target\":{\"@type\":\"EntryPoint\",\"urlTemplate\":\"https:\/\/blog.runtogether.vn\/?s={search_term_string}\"},\"query-input\":{\"@type\":\"PropertyValueSpecification\",\"valueRequired\":true,\"valueName\":\"search_term_string\"}}],\"inLanguage\":\"en-US\"},{\"@type\":\"Organization\",\"@id\":\"https:\/\/blog.runtogether.vn\/#organization\",\"name\":\"Blog Runtogether\",\"url\":\"https:\/\/blog.runtogether.vn\/\",\"logo\":{\"@type\":\"ImageObject\",\"inLanguage\":\"en-US\",\"@id\":\"https:\/\/blog.runtogether.vn\/#\/schema\/logo\/image\/\",\"url\":\"https:\/\/blog.runtogether.vn\/wp-content\/uploads\/2024\/03\/300x300.png\",\"contentUrl\":\"https:\/\/blog.runtogether.vn\/wp-content\/uploads\/2024\/03\/300x300.png\",\"width\":300,\"height\":300,\"caption\":\"Blog Runtogether\"},\"image\":{\"@id\":\"https:\/\/blog.runtogether.vn\/#\/schema\/logo\/image\/\"}}]}<\/script>\n<!-- \/ Yoast SEO plugin. -->","yoast_head_json":{"title":"Ch\u00ednh s\u00e1ch b\u1ea3o h\u00e0nh - Run Together Shop - Blog Runtogether","robots":{"index":"index","follow":"follow","max-snippet":"max-snippet:-1","max-image-preview":"max-image-preview:large","max-video-preview":"max-video-preview:-1"},"canonical":"https:\/\/blog.runtogether.vn\/en\/chinh-sach-bao-hanh\/","og_locale":"en_US","og_type":"article","og_title":"Ch\u00ednh s\u00e1ch b\u1ea3o h\u00e0nh - Run Together Shop - Blog Runtogether","og_description":"Ch\u00ednh s\u00e1ch b\u1ea3o h\u00e0nh Run Together lu\u00f4n n\u1ed7 l\u1ef1c mang \u0111\u1ebfn tr\u1ea3i nghi\u1ec7m s\u1ea3n ph\u1ea9m tuy\u1ec7t v\u1eddi d\u00e0nh cho kh\u00e1ch h\u00e0ng t\u1eeb s\u1ef1 \u0111a d\u1ea1ng s\u1ea3n ph\u1ea9m, m\u1eabu m\u00e3 th\u1eddi trang, c\u1eeda h\u00e0ng hi\u1ec7n \u0111\u1ea1i, sang tr\u1ecdng v\u00e0 nh\u1eefng d\u1ecbch v\u1ee5 h\u1eadu m\u00e3i kh\u00f4ng ng\u1eebng \u0111\u01b0\u1ee3c ho\u00e0n thi\u1ec7n. Theo \u0111\u00f3, Run Together \u0111\u00e3 c\u1ea3i ti\u1ebfn [&hellip;]","og_url":"https:\/\/blog.runtogether.vn\/en\/chinh-sach-bao-hanh\/","og_site_name":"Blog Runtogether","article_modified_time":"2024-03-30T03:19:26+00:00","og_image":[{"url":"https:\/\/blog.runtogether.vn\/wp-content\/uploads\/2024\/03\/chinh-sach-bao-hanh.webp","type":"","width":"","height":""}],"twitter_card":"summary_large_image","twitter_misc":{"Est. reading time":"3 minutes"},"schema":{"@context":"https:\/\/schema.org","@graph":[{"@type":"WebPage","@id":"https:\/\/blog.runtogether.vn\/chinh-sach-bao-hanh\/","url":"https:\/\/blog.runtogether.vn\/chinh-sach-bao-hanh\/","name":"Ch\u00ednh s\u00e1ch b\u1ea3o h\u00e0nh - Run Together Shop - Blog Runtogether","isPartOf":{"@id":"https:\/\/blog.runtogether.vn\/#website"},"primaryImageOfPage":{"@id":"https:\/\/blog.runtogether.vn\/chinh-sach-bao-hanh\/#primaryimage"},"image":{"@id":"https:\/\/blog.runtogether.vn\/chinh-sach-bao-hanh\/#primaryimage"},"thumbnailUrl":"https:\/\/blog.runtogether.vn\/wp-content\/uploads\/2024\/03\/chinh-sach-bao-hanh.webp","datePublished":"2024-03-27T09:06:24+00:00","dateModified":"2024-03-30T03:19:26+00:00","breadcrumb":{"@id":"https:\/\/blog.runtogether.vn\/chinh-sach-bao-hanh\/#breadcrumb"},"inLanguage":"en-US","potentialAction":[{"@type":"ReadAction","target":["https:\/\/blog.runtogether.vn\/chinh-sach-bao-hanh\/"]}]},{"@type":"ImageObject","inLanguage":"en-US","@id":"https:\/\/blog.runtogether.vn\/chinh-sach-bao-hanh\/#primaryimage","url":"https:\/\/blog.runtogether.vn\/wp-content\/uploads\/2024\/03\/chinh-sach-bao-hanh.webp","contentUrl":"https:\/\/blog.runtogether.vn\/wp-content\/uploads\/2024\/03\/chinh-sach-bao-hanh.webp"},{"@type":"BreadcrumbList","@id":"https:\/\/blog.runtogether.vn\/chinh-sach-bao-hanh\/#breadcrumb","itemListElement":[{"@type":"ListItem","position":1,"name":"Trang ch\u1ee7","item":"https:\/\/blog.runtogether.vn\/"},{"@type":"ListItem","position":2,"name":"Ch\u00ednh s\u00e1ch b\u1ea3o h\u00e0nh &#8211; Run Together Shop"}]},{"@type":"WebSite","@id":"https:\/\/blog.runtogether.vn\/#website","url":"https:\/\/blog.runtogether.vn\/","name":"Blog Runtogether","description":"","publisher":{"@id":"https:\/\/blog.runtogether.vn\/#organization"},"potentialAction":[{"@type":"SearchAction","target":{"@type":"EntryPoint","urlTemplate":"https:\/\/blog.runtogether.vn\/?s={search_term_string}"},"query-input":{"@type":"PropertyValueSpecification","valueRequired":true,"valueName":"search_term_string"}}],"inLanguage":"en-US"},{"@type":"Organization","@id":"https:\/\/blog.runtogether.vn\/#organization","name":"Blog Runtogether","url":"https:\/\/blog.runtogether.vn\/","logo":{"@type":"ImageObject","inLanguage":"en-US","@id":"https:\/\/blog.runtogether.vn\/#\/schema\/logo\/image\/","url":"https:\/\/blog.runtogether.vn\/wp-content\/uploads\/2024\/03\/300x300.png","contentUrl":"https:\/\/blog.runtogether.vn\/wp-content\/uploads\/2024\/03\/300x300.png","width":300,"height":300,"caption":"Blog Runtogether"},"image":{"@id":"https:\/\/blog.runtogether.vn\/#\/schema\/logo\/image\/"}}]}},"_links":{"self":[{"href":"https:\/\/blog.runtogether.vn\/en\/wp-json\/wp\/v2\/pages\/536","targetHints":{"allow":["GET"]}}],"collection":[{"href":"https:\/\/blog.runtogether.vn\/en\/wp-json\/wp\/v2\/pages"}],"about":[{"href":"https:\/\/blog.runtogether.vn\/en\/wp-json\/wp\/v2\/types\/page"}],"author":[{"embeddable":true,"href":"https:\/\/blog.runtogether.vn\/en\/wp-json\/wp\/v2\/users\/3"}],"replies":[{"embeddable":true,"href":"https:\/\/blog.runtogether.vn\/en\/wp-json\/wp\/v2\/comments?post=536"}],"version-history":[{"count":0,"href":"https:\/\/blog.runtogether.vn\/en\/wp-json\/wp\/v2\/pages\/536\/revisions"}],"wp:attachment":[{"href":"https:\/\/blog.runtogether.vn\/en\/wp-json\/wp\/v2\/media?parent=536"}],"curies":[{"name":"wp","href":"https:\/\/api.w.org\/{rel}","templated":true}]}}