{"id":511,"date":"2024-03-27T15:26:44","date_gmt":"2024-03-27T08:26:44","guid":{"rendered":"https:\/\/blog.runtogether.vn\/?page_id=511"},"modified":"2024-03-27T15:27:26","modified_gmt":"2024-03-27T08:27:26","slug":"huong-dan-kich-hoat-chip-nfc","status":"publish","type":"page","link":"https:\/\/blog.runtogether.vn\/en\/huong-dan-kich-hoat-chip-nfc\/","title":{"rendered":"Ch\u00ednh s\u00e1ch thanh to\u00e1n &#8211; Run Together Shop"},"content":{"rendered":"<div data-elementor-type=\"wp-page\" data-elementor-id=\"511\" class=\"elementor elementor-511\" data-elementor-post-type=\"page\">\n\t\t\t\t<div class=\"elementor-element elementor-element-ba18edb e-flex e-con-boxed e-con e-parent\" data-id=\"ba18edb\" data-element_type=\"container\" data-settings=\"{&quot;background_background&quot;:&quot;classic&quot;,&quot;content_width&quot;:&quot;boxed&quot;}\" data-core-v316-plus=\"true\">\n\t\t\t\t\t<div class=\"e-con-inner\">\n\t\t\t\t<div class=\"elementor-element elementor-element-63609c7 elementor-widget elementor-widget-spacer\" data-id=\"63609c7\" data-element_type=\"widget\" data-widget_type=\"spacer.default\">\n\t\t\t\t<div class=\"elementor-widget-container\">\n\t\t\t<style>\/*! elementor - v3.19.0 - 28-02-2024 *\/\n.elementor-column .elementor-spacer-inner{height:var(--spacer-size)}.e-con{--container-widget-width:100%}.e-con-inner>.elementor-widget-spacer,.e-con>.elementor-widget-spacer{width:var(--container-widget-width,var(--spacer-size));--align-self:var(--container-widget-align-self,initial);--flex-shrink:0}.e-con-inner>.elementor-widget-spacer>.elementor-widget-container,.e-con>.elementor-widget-spacer>.elementor-widget-container{height:100%;width:100%}.e-con-inner>.elementor-widget-spacer>.elementor-widget-container>.elementor-spacer,.e-con>.elementor-widget-spacer>.elementor-widget-container>.elementor-spacer{height:100%}.e-con-inner>.elementor-widget-spacer>.elementor-widget-container>.elementor-spacer>.elementor-spacer-inner,.e-con>.elementor-widget-spacer>.elementor-widget-container>.elementor-spacer>.elementor-spacer-inner{height:var(--container-widget-height,var(--spacer-size))}.e-con-inner>.elementor-widget-spacer.elementor-widget-empty,.e-con>.elementor-widget-spacer.elementor-widget-empty{position:relative;min-height:22px;min-width:22px}.e-con-inner>.elementor-widget-spacer.elementor-widget-empty .elementor-widget-empty-icon,.e-con>.elementor-widget-spacer.elementor-widget-empty .elementor-widget-empty-icon{position:absolute;top:0;bottom:0;left:0;right:0;margin:auto;padding:0;width:22px;height:22px}<\/style>\t\t<div class=\"elementor-spacer\">\n\t\t\t<div class=\"elementor-spacer-inner\"><\/div>\n\t\t<\/div>\n\t\t\t\t<\/div>\n\t\t\t\t<\/div>\n\t\t\t\t<div class=\"elementor-element elementor-element-f213465 elementor-align-center elementor-widget elementor-widget-breadcrumbs\" data-id=\"f213465\" data-element_type=\"widget\" data-widget_type=\"breadcrumbs.default\">\n\t\t\t\t<div class=\"elementor-widget-container\">\n\t\t\t<link rel=\"stylesheet\" href=\"https:\/\/blog.runtogether.vn\/wp-content\/plugins\/elementor-pro\/assets\/css\/widget-theme-elements.min.css\"><div id=\"breadcrumbs\"><span><span><a href=\"https:\/\/blog.runtogether.vn\/en\/\">Trang ch\u1ee7<\/a><\/span><\/span><\/div>\t\t<\/div>\n\t\t\t\t<\/div>\n\t\t\t\t<div class=\"elementor-element elementor-element-f61e42c elementor-widget elementor-widget-spacer\" data-id=\"f61e42c\" data-element_type=\"widget\" data-widget_type=\"spacer.default\">\n\t\t\t\t<div class=\"elementor-widget-container\">\n\t\t\t\t\t<div class=\"elementor-spacer\">\n\t\t\t<div class=\"elementor-spacer-inner\"><\/div>\n\t\t<\/div>\n\t\t\t\t<\/div>\n\t\t\t\t<\/div>\n\t\t\t\t\t<\/div>\n\t\t\t\t<\/div>\n\t\t<div class=\"elementor-element elementor-element-7493626 e-flex e-con-boxed e-con e-parent\" data-id=\"7493626\" data-element_type=\"container\" data-settings=\"{&quot;content_width&quot;:&quot;boxed&quot;}\" data-core-v316-plus=\"true\">\n\t\t\t\t\t<div class=\"e-con-inner\">\n\t\t\t\t<div class=\"elementor-element elementor-element-b1c5ca9 elementor-widget elementor-widget-heading\" data-id=\"b1c5ca9\" data-element_type=\"widget\" data-widget_type=\"heading.default\">\n\t\t\t\t<div class=\"elementor-widget-container\">\n\t\t\t<style>\/*! elementor - v3.19.0 - 28-02-2024 *\/\n.elementor-heading-title{padding:0;margin:0;line-height:1}.elementor-widget-heading .elementor-heading-title[class*=elementor-size-]>a{color:inherit;font-size:inherit;line-height:inherit}.elementor-widget-heading .elementor-heading-title.elementor-size-small{font-size:15px}.elementor-widget-heading .elementor-heading-title.elementor-size-medium{font-size:19px}.elementor-widget-heading .elementor-heading-title.elementor-size-large{font-size:29px}.elementor-widget-heading .elementor-heading-title.elementor-size-xl{font-size:39px}.elementor-widget-heading .elementor-heading-title.elementor-size-xxl{font-size:59px}<\/style><h2 class=\"elementor-heading-title elementor-size-default\">H\u01b0\u1edbng d\u1eabn k\u00edch ho\u1ea1t ch\u00edp NFC<\/h2>\t\t<\/div>\n\t\t\t\t<\/div>\n\t\t\t\t<div class=\"elementor-element elementor-element-b19cbf3 elementor-widget elementor-widget-image\" data-id=\"b19cbf3\" data-element_type=\"widget\" data-widget_type=\"image.default\">\n\t\t\t\t<div class=\"elementor-widget-container\">\n\t\t\t<style>\/*! elementor - v3.19.0 - 28-02-2024 *\/\n.elementor-widget-image{text-align:center}.elementor-widget-image a{display:inline-block}.elementor-widget-image a img[src$=\".svg\"]{width:48px}.elementor-widget-image img{vertical-align:middle;display:inline-block}<\/style>\t\t\t\t\t\t\t\t\t\t<img fetchpriority=\"high\" decoding=\"async\" width=\"1058\" height=\"1500\" src=\"https:\/\/blog.runtogether.vn\/wp-content\/uploads\/2024\/03\/huong-dan.webp\" class=\"attachment-full size-full wp-image-513\" alt=\"\" srcset=\"https:\/\/blog.runtogether.vn\/wp-content\/uploads\/2024\/03\/huong-dan.webp 1058w, https:\/\/blog.runtogether.vn\/wp-content\/uploads\/2024\/03\/huong-dan-212x300.webp 212w, https:\/\/blog.runtogether.vn\/wp-content\/uploads\/2024\/03\/huong-dan-722x1024.webp 722w, https:\/\/blog.runtogether.vn\/wp-content\/uploads\/2024\/03\/huong-dan-768x1089.webp 768w\" sizes=\"(max-width: 1058px) 100vw, 1058px\" \/>\t\t\t\t\t\t\t\t\t\t\t\t\t<\/div>\n\t\t\t\t<\/div>\n\t\t\t\t<div class=\"elementor-element elementor-element-b03993c elementor-widget elementor-widget-spacer\" data-id=\"b03993c\" data-element_type=\"widget\" data-widget_type=\"spacer.default\">\n\t\t\t\t<div class=\"elementor-widget-container\">\n\t\t\t\t\t<div class=\"elementor-spacer\">\n\t\t\t<div class=\"elementor-spacer-inner\"><\/div>\n\t\t<\/div>\n\t\t\t\t<\/div>\n\t\t\t\t<\/div>\n\t\t\t\t\t<\/div>\n\t\t\t\t<\/div>\n\t\t\t\t<\/div>","protected":false},"excerpt":{"rendered":"<p>H\u01b0\u1edbng d\u1eabn k\u00edch ho\u1ea1t ch\u00edp NFC<\/p>","protected":false},"author":3,"featured_media":0,"parent":0,"menu_order":0,"comment_status":"closed","ping_status":"closed","template":"","meta":{"footnotes":""},"class_list":["post-511","page","type-page","status-publish","hentry"],"yoast_head":"<!-- This site is optimized with the Yoast SEO plugin v24.2 - https:\/\/yoast.com\/wordpress\/plugins\/seo\/ -->\n<title>Ch\u00ednh s\u00e1ch thanh to\u00e1n - Run Together Shop - Blog Runtogether<\/title>\n<meta name=\"robots\" content=\"index, follow, max-snippet:-1, max-image-preview:large, max-video-preview:-1\" \/>\n<link rel=\"canonical\" href=\"https:\/\/blog.runtogether.vn\/en\/huong-dan-kich-hoat-chip-nfc\/\" \/>\n<meta property=\"og:locale\" content=\"en_US\" \/>\n<meta property=\"og:type\" content=\"article\" \/>\n<meta property=\"og:title\" content=\"Ch\u00ednh s\u00e1ch thanh to\u00e1n - Run Together Shop - Blog Runtogether\" \/>\n<meta property=\"og:description\" content=\"H\u01b0\u1edbng d\u1eabn k\u00edch ho\u1ea1t ch\u00edp NFC\" \/>\n<meta property=\"og:url\" content=\"https:\/\/blog.runtogether.vn\/en\/huong-dan-kich-hoat-chip-nfc\/\" \/>\n<meta property=\"og:site_name\" content=\"Blog Runtogether\" \/>\n<meta property=\"article:modified_time\" content=\"2024-03-27T08:27:26+00:00\" \/>\n<meta property=\"og:image\" content=\"https:\/\/blog.runtogether.vn\/wp-content\/uploads\/2024\/03\/huong-dan.webp\" \/>\n<meta name=\"twitter:card\" content=\"summary_large_image\" \/>\n<meta name=\"twitter:label1\" content=\"Est. reading time\" \/>\n\t<meta name=\"twitter:data1\" content=\"1 minute\" \/>\n<script type=\"application\/ld+json\" class=\"yoast-schema-graph\">{\"@context\":\"https:\/\/schema.org\",\"@graph\":[{\"@type\":\"WebPage\",\"@id\":\"https:\/\/blog.runtogether.vn\/huong-dan-kich-hoat-chip-nfc\/\",\"url\":\"https:\/\/blog.runtogether.vn\/huong-dan-kich-hoat-chip-nfc\/\",\"name\":\"Ch\u00ednh s\u00e1ch thanh to\u00e1n - Run Together Shop - Blog Runtogether\",\"isPartOf\":{\"@id\":\"https:\/\/blog.runtogether.vn\/#website\"},\"primaryImageOfPage\":{\"@id\":\"https:\/\/blog.runtogether.vn\/huong-dan-kich-hoat-chip-nfc\/#primaryimage\"},\"image\":{\"@id\":\"https:\/\/blog.runtogether.vn\/huong-dan-kich-hoat-chip-nfc\/#primaryimage\"},\"thumbnailUrl\":\"https:\/\/blog.runtogether.vn\/wp-content\/uploads\/2024\/03\/huong-dan.webp\",\"datePublished\":\"2024-03-27T08:26:44+00:00\",\"dateModified\":\"2024-03-27T08:27:26+00:00\",\"breadcrumb\":{\"@id\":\"https:\/\/blog.runtogether.vn\/huong-dan-kich-hoat-chip-nfc\/#breadcrumb\"},\"inLanguage\":\"en-US\",\"potentialAction\":[{\"@type\":\"ReadAction\",\"target\":[\"https:\/\/blog.runtogether.vn\/huong-dan-kich-hoat-chip-nfc\/\"]}]},{\"@type\":\"ImageObject\",\"inLanguage\":\"en-US\",\"@id\":\"https:\/\/blog.runtogether.vn\/huong-dan-kich-hoat-chip-nfc\/#primaryimage\",\"url\":\"https:\/\/blog.runtogether.vn\/wp-content\/uploads\/2024\/03\/huong-dan.webp\",\"contentUrl\":\"https:\/\/blog.runtogether.vn\/wp-content\/uploads\/2024\/03\/huong-dan.webp\"},{\"@type\":\"BreadcrumbList\",\"@id\":\"https:\/\/blog.runtogether.vn\/huong-dan-kich-hoat-chip-nfc\/#breadcrumb\",\"itemListElement\":[{\"@type\":\"ListItem\",\"position\":1,\"name\":\"Trang ch\u1ee7\",\"item\":\"https:\/\/blog.runtogether.vn\/\"},{\"@type\":\"ListItem\",\"position\":2,\"name\":\"Ch\u00ednh s\u00e1ch thanh to\u00e1n &#8211; Run Together Shop\"}]},{\"@type\":\"WebSite\",\"@id\":\"https:\/\/blog.runtogether.vn\/#website\",\"url\":\"https:\/\/blog.runtogether.vn\/\",\"name\":\"Blog Runtogether\",\"description\":\"\",\"publisher\":{\"@id\":\"https:\/\/blog.runtogether.vn\/#organization\"},\"potentialAction\":[{\"@type\":\"SearchAction\",\"target\":{\"@type\":\"EntryPoint\",\"urlTemplate\":\"https:\/\/blog.runtogether.vn\/?s={search_term_string}\"},\"query-input\":{\"@type\":\"PropertyValueSpecification\",\"valueRequired\":true,\"valueName\":\"search_term_string\"}}],\"inLanguage\":\"en-US\"},{\"@type\":\"Organization\",\"@id\":\"https:\/\/blog.runtogether.vn\/#organization\",\"name\":\"Blog Runtogether\",\"url\":\"https:\/\/blog.runtogether.vn\/\",\"logo\":{\"@type\":\"ImageObject\",\"inLanguage\":\"en-US\",\"@id\":\"https:\/\/blog.runtogether.vn\/#\/schema\/logo\/image\/\",\"url\":\"https:\/\/blog.runtogether.vn\/wp-content\/uploads\/2024\/03\/300x300.png\",\"contentUrl\":\"https:\/\/blog.runtogether.vn\/wp-content\/uploads\/2024\/03\/300x300.png\",\"width\":300,\"height\":300,\"caption\":\"Blog Runtogether\"},\"image\":{\"@id\":\"https:\/\/blog.runtogether.vn\/#\/schema\/logo\/image\/\"}}]}<\/script>\n<!-- \/ Yoast SEO plugin. -->","yoast_head_json":{"title":"Ch\u00ednh s\u00e1ch thanh to\u00e1n - Run Together Shop - Blog Runtogether","robots":{"index":"index","follow":"follow","max-snippet":"max-snippet:-1","max-image-preview":"max-image-preview:large","max-video-preview":"max-video-preview:-1"},"canonical":"https:\/\/blog.runtogether.vn\/en\/huong-dan-kich-hoat-chip-nfc\/","og_locale":"en_US","og_type":"article","og_title":"Ch\u00ednh s\u00e1ch thanh to\u00e1n - Run Together Shop - Blog Runtogether","og_description":"H\u01b0\u1edbng d\u1eabn k\u00edch ho\u1ea1t ch\u00edp NFC","og_url":"https:\/\/blog.runtogether.vn\/en\/huong-dan-kich-hoat-chip-nfc\/","og_site_name":"Blog Runtogether","article_modified_time":"2024-03-27T08:27:26+00:00","og_image":[{"url":"https:\/\/blog.runtogether.vn\/wp-content\/uploads\/2024\/03\/huong-dan.webp","type":"","width":"","height":""}],"twitter_card":"summary_large_image","twitter_misc":{"Est. reading time":"1 minute"},"schema":{"@context":"https:\/\/schema.org","@graph":[{"@type":"WebPage","@id":"https:\/\/blog.runtogether.vn\/huong-dan-kich-hoat-chip-nfc\/","url":"https:\/\/blog.runtogether.vn\/huong-dan-kich-hoat-chip-nfc\/","name":"Ch\u00ednh s\u00e1ch thanh to\u00e1n - Run Together Shop - Blog Runtogether","isPartOf":{"@id":"https:\/\/blog.runtogether.vn\/#website"},"primaryImageOfPage":{"@id":"https:\/\/blog.runtogether.vn\/huong-dan-kich-hoat-chip-nfc\/#primaryimage"},"image":{"@id":"https:\/\/blog.runtogether.vn\/huong-dan-kich-hoat-chip-nfc\/#primaryimage"},"thumbnailUrl":"https:\/\/blog.runtogether.vn\/wp-content\/uploads\/2024\/03\/huong-dan.webp","datePublished":"2024-03-27T08:26:44+00:00","dateModified":"2024-03-27T08:27:26+00:00","breadcrumb":{"@id":"https:\/\/blog.runtogether.vn\/huong-dan-kich-hoat-chip-nfc\/#breadcrumb"},"inLanguage":"en-US","potentialAction":[{"@type":"ReadAction","target":["https:\/\/blog.runtogether.vn\/huong-dan-kich-hoat-chip-nfc\/"]}]},{"@type":"ImageObject","inLanguage":"en-US","@id":"https:\/\/blog.runtogether.vn\/huong-dan-kich-hoat-chip-nfc\/#primaryimage","url":"https:\/\/blog.runtogether.vn\/wp-content\/uploads\/2024\/03\/huong-dan.webp","contentUrl":"https:\/\/blog.runtogether.vn\/wp-content\/uploads\/2024\/03\/huong-dan.webp"},{"@type":"BreadcrumbList","@id":"https:\/\/blog.runtogether.vn\/huong-dan-kich-hoat-chip-nfc\/#breadcrumb","itemListElement":[{"@type":"ListItem","position":1,"name":"Trang ch\u1ee7","item":"https:\/\/blog.runtogether.vn\/"},{"@type":"ListItem","position":2,"name":"Ch\u00ednh s\u00e1ch thanh to\u00e1n &#8211; Run Together Shop"}]},{"@type":"WebSite","@id":"https:\/\/blog.runtogether.vn\/#website","url":"https:\/\/blog.runtogether.vn\/","name":"Blog Runtogether","description":"","publisher":{"@id":"https:\/\/blog.runtogether.vn\/#organization"},"potentialAction":[{"@type":"SearchAction","target":{"@type":"EntryPoint","urlTemplate":"https:\/\/blog.runtogether.vn\/?s={search_term_string}"},"query-input":{"@type":"PropertyValueSpecification","valueRequired":true,"valueName":"search_term_string"}}],"inLanguage":"en-US"},{"@type":"Organization","@id":"https:\/\/blog.runtogether.vn\/#organization","name":"Blog Runtogether","url":"https:\/\/blog.runtogether.vn\/","logo":{"@type":"ImageObject","inLanguage":"en-US","@id":"https:\/\/blog.runtogether.vn\/#\/schema\/logo\/image\/","url":"https:\/\/blog.runtogether.vn\/wp-content\/uploads\/2024\/03\/300x300.png","contentUrl":"https:\/\/blog.runtogether.vn\/wp-content\/uploads\/2024\/03\/300x300.png","width":300,"height":300,"caption":"Blog Runtogether"},"image":{"@id":"https:\/\/blog.runtogether.vn\/#\/schema\/logo\/image\/"}}]}},"_links":{"self":[{"href":"https:\/\/blog.runtogether.vn\/en\/wp-json\/wp\/v2\/pages\/511","targetHints":{"allow":["GET"]}}],"collection":[{"href":"https:\/\/blog.runtogether.vn\/en\/wp-json\/wp\/v2\/pages"}],"about":[{"href":"https:\/\/blog.runtogether.vn\/en\/wp-json\/wp\/v2\/types\/page"}],"author":[{"embeddable":true,"href":"https:\/\/blog.runtogether.vn\/en\/wp-json\/wp\/v2\/users\/3"}],"replies":[{"embeddable":true,"href":"https:\/\/blog.runtogether.vn\/en\/wp-json\/wp\/v2\/comments?post=511"}],"version-history":[{"count":0,"href":"https:\/\/blog.runtogether.vn\/en\/wp-json\/wp\/v2\/pages\/511\/revisions"}],"wp:attachment":[{"href":"https:\/\/blog.runtogether.vn\/en\/wp-json\/wp\/v2\/media?parent=511"}],"curies":[{"name":"wp","href":"https:\/\/api.w.org\/{rel}","templated":true}]}}