{"id":467,"date":"2024-03-27T14:59:35","date_gmt":"2024-03-27T07:59:35","guid":{"rendered":"https:\/\/blog.runtogether.vn\/?page_id=467"},"modified":"2024-03-30T10:02:53","modified_gmt":"2024-03-30T03:02:53","slug":"chinh-sach-bao-mat-thong-tin","status":"publish","type":"page","link":"https:\/\/blog.runtogether.vn\/en\/chinh-sach-bao-mat-thong-tin\/","title":{"rendered":"Ch\u00ednh s\u00e1ch b\u1ea3o m\u1eadt &#8211; Run Together Shop"},"content":{"rendered":"<div data-elementor-type=\"wp-page\" data-elementor-id=\"467\" class=\"elementor elementor-467\" data-elementor-post-type=\"page\">\n\t\t\t\t<div class=\"elementor-element elementor-element-34d7e63 e-flex e-con-boxed e-con e-parent\" data-id=\"34d7e63\" data-element_type=\"container\" data-settings=\"{&quot;background_background&quot;:&quot;classic&quot;,&quot;content_width&quot;:&quot;boxed&quot;}\" data-core-v316-plus=\"true\">\n\t\t\t\t\t<div class=\"e-con-inner\">\n\t\t\t\t<div class=\"elementor-element elementor-element-b212fa3 elementor-widget elementor-widget-spacer\" data-id=\"b212fa3\" data-element_type=\"widget\" data-widget_type=\"spacer.default\">\n\t\t\t\t<div class=\"elementor-widget-container\">\n\t\t\t<style>\/*! elementor - v3.19.0 - 28-02-2024 *\/\n.elementor-column .elementor-spacer-inner{height:var(--spacer-size)}.e-con{--container-widget-width:100%}.e-con-inner>.elementor-widget-spacer,.e-con>.elementor-widget-spacer{width:var(--container-widget-width,var(--spacer-size));--align-self:var(--container-widget-align-self,initial);--flex-shrink:0}.e-con-inner>.elementor-widget-spacer>.elementor-widget-container,.e-con>.elementor-widget-spacer>.elementor-widget-container{height:100%;width:100%}.e-con-inner>.elementor-widget-spacer>.elementor-widget-container>.elementor-spacer,.e-con>.elementor-widget-spacer>.elementor-widget-container>.elementor-spacer{height:100%}.e-con-inner>.elementor-widget-spacer>.elementor-widget-container>.elementor-spacer>.elementor-spacer-inner,.e-con>.elementor-widget-spacer>.elementor-widget-container>.elementor-spacer>.elementor-spacer-inner{height:var(--container-widget-height,var(--spacer-size))}.e-con-inner>.elementor-widget-spacer.elementor-widget-empty,.e-con>.elementor-widget-spacer.elementor-widget-empty{position:relative;min-height:22px;min-width:22px}.e-con-inner>.elementor-widget-spacer.elementor-widget-empty .elementor-widget-empty-icon,.e-con>.elementor-widget-spacer.elementor-widget-empty .elementor-widget-empty-icon{position:absolute;top:0;bottom:0;left:0;right:0;margin:auto;padding:0;width:22px;height:22px}<\/style>\t\t<div class=\"elementor-spacer\">\n\t\t\t<div class=\"elementor-spacer-inner\"><\/div>\n\t\t<\/div>\n\t\t\t\t<\/div>\n\t\t\t\t<\/div>\n\t\t\t\t<div class=\"elementor-element elementor-element-6d1c7dd elementor-align-center elementor-widget elementor-widget-breadcrumbs\" data-id=\"6d1c7dd\" data-element_type=\"widget\" data-widget_type=\"breadcrumbs.default\">\n\t\t\t\t<div class=\"elementor-widget-container\">\n\t\t\t<link rel=\"stylesheet\" href=\"https:\/\/blog.runtogether.vn\/wp-content\/plugins\/elementor-pro\/assets\/css\/widget-theme-elements.min.css\"><div id=\"breadcrumbs\"><span><span><a href=\"https:\/\/blog.runtogether.vn\/en\/\">Trang ch\u1ee7<\/a><\/span><\/span><\/div>\t\t<\/div>\n\t\t\t\t<\/div>\n\t\t\t\t<div class=\"elementor-element elementor-element-f2dc285 elementor-widget elementor-widget-spacer\" data-id=\"f2dc285\" data-element_type=\"widget\" data-widget_type=\"spacer.default\">\n\t\t\t\t<div class=\"elementor-widget-container\">\n\t\t\t\t\t<div class=\"elementor-spacer\">\n\t\t\t<div class=\"elementor-spacer-inner\"><\/div>\n\t\t<\/div>\n\t\t\t\t<\/div>\n\t\t\t\t<\/div>\n\t\t\t\t\t<\/div>\n\t\t\t\t<\/div>\n\t\t<div class=\"elementor-element elementor-element-5b3625c e-flex e-con-boxed e-con e-parent\" data-id=\"5b3625c\" data-element_type=\"container\" data-settings=\"{&quot;content_width&quot;:&quot;boxed&quot;}\" data-core-v316-plus=\"true\">\n\t\t\t\t\t<div class=\"e-con-inner\">\n\t\t\t\t<div class=\"elementor-element elementor-element-6cc3df7 elementor-widget elementor-widget-heading\" data-id=\"6cc3df7\" data-element_type=\"widget\" data-widget_type=\"heading.default\">\n\t\t\t\t<div class=\"elementor-widget-container\">\n\t\t\t<style>\/*! elementor - v3.19.0 - 28-02-2024 *\/\n.elementor-heading-title{padding:0;margin:0;line-height:1}.elementor-widget-heading .elementor-heading-title[class*=elementor-size-]>a{color:inherit;font-size:inherit;line-height:inherit}.elementor-widget-heading .elementor-heading-title.elementor-size-small{font-size:15px}.elementor-widget-heading .elementor-heading-title.elementor-size-medium{font-size:19px}.elementor-widget-heading .elementor-heading-title.elementor-size-large{font-size:29px}.elementor-widget-heading .elementor-heading-title.elementor-size-xl{font-size:39px}.elementor-widget-heading .elementor-heading-title.elementor-size-xxl{font-size:59px}<\/style><h2 class=\"elementor-heading-title elementor-size-default\">Ch\u00ednh s\u00e1ch b\u1ea3o m\u1eadt th\u00f4ng tin<\/h2>\t\t<\/div>\n\t\t\t\t<\/div>\n\t\t<div class=\"elementor-element elementor-element-d7734ce e-flex e-con-boxed e-con e-child\" data-id=\"d7734ce\" data-element_type=\"container\" data-settings=\"{&quot;content_width&quot;:&quot;boxed&quot;}\">\n\t\t\t\t\t<div class=\"e-con-inner\">\n\t\t\t\t<div class=\"elementor-element elementor-element-d871dfd elementor-widget__width-inherit elementor-widget elementor-widget-text-editor\" data-id=\"d871dfd\" data-element_type=\"widget\" data-widget_type=\"text-editor.default\">\n\t\t\t\t<div class=\"elementor-widget-container\">\n\t\t\t<style>\/*! elementor - v3.19.0 - 28-02-2024 *\/\n.elementor-widget-text-editor.elementor-drop-cap-view-stacked .elementor-drop-cap{background-color:#69727d;color:#fff}.elementor-widget-text-editor.elementor-drop-cap-view-framed .elementor-drop-cap{color:#69727d;border:3px solid;background-color:transparent}.elementor-widget-text-editor:not(.elementor-drop-cap-view-default) .elementor-drop-cap{margin-top:8px}.elementor-widget-text-editor:not(.elementor-drop-cap-view-default) .elementor-drop-cap-letter{width:1em;height:1em}.elementor-widget-text-editor .elementor-drop-cap{float:left;text-align:center;line-height:1;font-size:50px}.elementor-widget-text-editor .elementor-drop-cap-letter{display:inline-block}<\/style>\t\t\t\t<p>Run Together Shop (\u0111\u01a1n v\u1ecb ch\u1ee7 qu\u1ea3n h\u1ec7 th\u1ed1ng website<span style=\"color: #99cc00;\"> <a style=\"color: #99cc00;\" href=\"https:\/\/www.runtogether.vn\/\">runtogether.vn<\/a><\/span>) cam k\u1ebft t\u00f4n tr\u1ecdng, b\u1ea3o m\u1eadt nh\u1eefng th\u00f4ng tin mang t\u00ednh ri\u00eang t\u01b0 c\u1ee7a b\u1ea1n. Ch\u00fang t\u00f4i hi\u1ec3u r\u1eb1ng b\u1ea1n c\u1ea7n bi\u1ebft ch\u00fang t\u00f4i qu\u1ea3n l\u00fd nh\u1eefng th\u00f4ng tin c\u00e1 nh\u00e2n \u0111\u01b0\u1ee3c t\u1eadp h\u1ee3p t\u1eeb website nh\u01b0 th\u1ebf n\u00e0o. H\u00e3y \u0111\u1ecdc v\u00e0 t\u00ecm hi\u1ec3u v\u1ec1 \u201cCh\u00ednh S\u00e1ch B\u1ea3o M\u1eadt Th\u00f4ng Tin\u201d d\u01b0\u1edbi \u0111\u00e2y tr\u01b0\u1edbc khi truy c\u1eadp nh\u1eefng n\u1ed9i dung kh\u00e1c \u0111\u1ec3 hi\u1ec3u h\u01a1n nh\u1eefng cam k\u1ebft m\u00e0 ch\u00fang t\u00f4i th\u1ef1c hi\u1ec7n, nh\u1eb1m t\u00f4n tr\u1ecdng v\u00e0 b\u1ea3o v\u1ec7 quy\u1ec1n l\u1ee3i c\u1ee7a ng\u01b0\u1eddi d\u00f9ng. Vi\u1ec7c b\u1ea1n truy c\u1eadp, \u0111\u0103ng k\u00fd, s\u1eed d\u1ee5ng website\u00a0<a href=\"https:\/\/runtogether.vn\/\"><span style=\"color: #99cc00;\">runtogether.vn<\/span><\/a>\u00a0c\u00f3 ngh\u0129a r\u1eb1ng b\u1ea1n \u0111\u1ed3ng \u00fd v\u00e0 ch\u1ea5p nh\u1eadn r\u00e0ng bu\u1ed9c b\u1edfi c\u00e1c \u0111i\u1ec1u kho\u1ea3n c\u1ee7a b\u1ea3n quy \u0111\u1ecbnh b\u1ea3o m\u1eadt c\u1ee7a ch\u00fang t\u00f4i.<\/p>\t\t\t\t\t\t<\/div>\n\t\t\t\t<\/div>\n\t\t\t\t<div class=\"elementor-element elementor-element-cf609e4 elementor-widget__width-inherit elementor-widget elementor-widget-text-editor\" data-id=\"cf609e4\" data-element_type=\"widget\" data-widget_type=\"text-editor.default\">\n\t\t\t\t<div class=\"elementor-widget-container\">\n\t\t\t\t\t\t\t<p><b>1. TH\u00d4NG TIN C\u00c1 NH\u00c2N<\/b><\/p><p>Run Together Shop ch\u1ec9 y\u00eau c\u1ea7u c\u00e1c th\u00f4ng tin c\u00e1 nh\u00e2n c\u1ee7a b\u1ea1n nh\u01b0:<\/p><ul><li aria-level=\"1\">H\u1ecd v\u00e0 T\u00ean<\/li><li aria-level=\"1\">S\u1ed1 \u0111i\u1ec7n tho\u1ea1i<\/li><li aria-level=\"1\">\u0110\u1ecba ch\u1ec9 Email<\/li><li aria-level=\"1\">\u0110\u1ecba ch\u1ec9 (d\u00f9ng cho m\u1ee5c \u0111\u00edch qu\u1ea3n l\u00fd \u0111\u01a1n h\u00e0ng, giao nh\u1eadn)<\/li><\/ul><p>C\u00f9ng c\u00e1c th\u00f4ng tin kh\u00f4ng b\u1eaft bu\u1ed9c kh\u00e1c khi b\u1ea1n mu\u1ed1n t\u01b0\u01a1ng t\u00e1c v\u1edbi m\u1ed9t s\u1ed1 n\u1ed9i dung tr\u00ean Run Together Shop. C\u00e1c th\u00f4ng tin c\u00e1 nh\u00e2n c\u1ee7a b\u1ea1n s\u1ebd \u0111\u01b0\u1ee3c Run Together Shop s\u1eed d\u1ee5ng \u0111\u1ec3 nh\u1eadn di\u1ec7n v\u00e0 li\u00ean h\u1ec7 v\u1edbi b\u1ea1n khi c\u1ea7n.<\/p><p><b>2. C\u00c1CH TH\u1ee8C S\u1eec D\u1ee4NG TH\u00d4NG TIN<\/b><\/p><p>Th\u00f4ng th\u01b0\u1eddng, ch\u00fang t\u00f4i s\u1eed d\u1ee5ng c\u00e1c th\u00f4ng tin b\u1ea1n cung c\u1ea5p ch\u1ec9 \u0111\u1ec3 li\u00ean h\u1ec7, h\u1ed3i \u0111\u00e1p nh\u1eefng c\u00e2u h\u1ecfi hay x\u00e1c nh\u1eadn th\u00f4ng tin \u0111\u01a1n h\u00e0ng theo t\u00ean, \u0111\u1ecba ch\u1ec9 v\u00e0 s\u1ed1 \u0111i\u1ec7n tho\u1ea1i m\u00e0 b\u1ea1n \u0111\u00e3 cung c\u1ea5p. Ch\u00fang t\u00f4i cam k\u1ebft th\u00f4ng tin c\u00e1 nh\u00e2n c\u1ee7a b\u1ea1n s\u1ebd kh\u00f4ng b\u1ecb chia s\u1ebb v\u1edbi b\u1ea5t k\u1ef3 m\u1ed9t b\u00ean th\u1ee9 ba n\u00e0o khi ch\u01b0a c\u00f3 s\u1ef1 \u0111\u1ed3ng \u00fd. Ch\u00fang t\u00f4i ch\u1ec9 c\u00f3 th\u1ec3 \u0111\u01b0\u1ee3c ph\u00e9p chia s\u1ebb th\u00f4ng tin v\u1edbi c\u00e1c \u0111\u1ed1i t\u00e1c giao nh\u1eadn ho\u1eb7c v\u1edbi c\u00e1c \u0111\u1ed1i t\u00e1c trong c\u00e1c ch\u01b0\u01a1ng tr\u00ecnh, d\u1ef1 \u00e1n li\u00ean k\u1ebft kh\u00e1c. D\u1eef li\u1ec7u kh\u00e1ch h\u00e0ng c\u1ee7a Run Together Shop c\u00f3 th\u1ec3 \u0111\u01b0\u1ee3c chuy\u1ec3n nh\u01b0\u1ee3ng cho ng\u01b0\u1eddi k\u1ebf th\u1eeba hay ng\u01b0\u1eddi \u0111\u01b0\u1ee3c ch\u1ec9 \u0111\u1ecbnh theo th\u1ecfa thu\u1eadn \u0111\u1ec3 qu\u1ea3n l\u00fd khi c\u00f4ng ty c\u00f3 s\u1ef1 mua b\u00e1n, s\u00e1t nh\u1eadp hay tuy\u00ean b\u1ed1 ph\u00e1 s\u1ea3n.<\/p><p><b>3. \u0110\u1ea2M B\u1ea2O AN TO\u00c0N V\u1edaI C\u00c1C TH\u00d4NG TIN \u0110\u01af\u1ee2C THU TH\u1eacP<\/b><\/p><p>Run Together Shop ch\u1ec9 t\u1eadp h\u1ee3p l\u1ea1i c\u00e1c th\u00f4ng tin c\u00e1 nh\u00e2n c\u1ee7a b\u1ea1n trong ph\u1ea1m vi ph\u00f9 h\u1ee3p v\u00e0 c\u1ea7n thi\u1ebft cho m\u1ee5c \u0111\u00edch c\u1ea3i thi\u1ec7n ch\u1ea5t l\u01b0\u1ee3ng ph\u1ee5c v\u1ee5 c\u0169ng nh\u01b0 n\u00e2ng cao tr\u1ea3i nghi\u1ec7m c\u00e1c d\u1ecbch v\u1ee5 \u0111\u01b0\u1ee3c Run Together Shop cung c\u1ea5p. Ch\u00fang t\u00f4i cam k\u1ebft t\u00f4n tr\u1ecdng v\u00e0 lu\u00f4n duy tr\u00ec c\u00e1c bi\u1ec7n ph\u00e1p th\u00edch h\u1ee3p nh\u1eb1m \u0111\u1ea3m b\u1ea3o t\u00ednh an to\u00e0n, v\u1eb9n nguy\u00ean, \u0111\u1ed9 ch\u00ednh x\u00e1c c\u00f9ng t\u00ednh b\u1ea3o m\u1eadt v\u1ec1 c\u00e1c th\u00f4ng tin m\u00e0 b\u1ea1n \u0111\u00e3 tin t\u01b0\u1edfng \u0111\u1ec3 cung c\u1ea5p cho ch\u00fang t\u00f4i. Ngo\u00e0i ra, Run Together Shop c\u0169ng cam k\u1ebft c\u00f3 nh\u1eefng bi\u1ec7n ph\u00e1p th\u00edch h\u1ee3p nh\u1eb1m \u0111\u1ea3m b\u1ea3o t\u00ednh an to\u00e0n, t\u00ednh b\u1ea3o m\u1eadt v\u1ec1 m\u1ecdi th\u00f4ng tin m\u00e0 b\u1ea1n \u0111\u00e3 cung c\u1ea5p cho ch\u00fang t\u00f4i trong c\u00e1c ch\u01b0\u01a1ng tr\u00ecnh hay s\u1ef1 li\u00ean k\u1ebft v\u1edbi c\u00e1c \u0111\u1ed1i t\u00e1c, c\u00e1c b\u00ean th\u1ee9 ba.<\/p><p><b>4. COOKIES<\/b><\/p><p>Cookies l\u00e0 nh\u1eefng t\u1ec7p nh\u1ecf ph\u00e1t sinh trong qu\u00e1 tr\u00ecnh b\u1ea1n truy c\u1eadp, ho\u1ea1t \u0111\u1ed9ng tr\u00ean Website \u0111\u01b0\u1ee3c Run Together Shop ghi ch\u00e9p l\u1ea1i nh\u1eb1m m\u1ee5c \u0111\u00edch \u0111\u00e1p \u1ee9ng c\u00e1c nhu c\u1ea7u c\u1ee7a ng\u01b0\u1eddi s\u1eed d\u1ee5ng v\u00e0 nhi\u1ec1u m\u1ee5c \u0111\u00edch kh\u00e1c.<\/p><p><b>5. LI\u00caN K\u1ebeT V\u1edaI C\u00c1C WEBSITE KH\u00c1C<\/b><\/p><p>N\u1ebfu b\u1ea1n nh\u1ea5n \u0111\u01b0\u1eddng li\u00ean k\u1ebft sang Website c\u1ee7a b\u00ean th\u1ee9 ba, b\u1ea1n s\u1ebd t\u1ea1m r\u1eddi kh\u1ecfi Run Together Shop \u0111\u1ec3 \u0111\u1ebfn trang Web m\u00e0 b\u1ea1n \u0111\u00e3 ch\u1ecdn. Run Together Shop kh\u00f4ng th\u1ec3 ki\u1ec3m so\u00e1t c\u00e1c ho\u1ea1t \u0111\u1ed9ng c\u1ee7a b\u00ean th\u1ee9 ba v\u00e0 kh\u00f4ng ch\u1ecbu tr\u00e1ch nhi\u1ec7m v\u1ec1 s\u1ef1 an to\u00e0n hay b\u1ea5t k\u1ec3 nh\u1eefng n\u1ed9i dung g\u00ec c\u00f3 tr\u00ean website \u0111\u00f3.<\/p><p><b>6. \u0110I\u1ec0U KHO\u1ea2N THAY \u0110\u1ed4I<\/b><\/p><p>Ch\u00fang t\u00f4i c\u00f3 to\u00e0n quy\u1ec1n thay \u0111\u1ed5i, b\u1ed5 sung n\u1ed9i dung c\u1ee7a c\u00e1c \u0111i\u1ec1u kho\u1ea3n n\u00e0y. B\u1ea1n c\u00f3 th\u1ec3 th\u01b0\u1eddng xuy\u00ean ki\u1ec3m tra nh\u1eb1m n\u1eafm \u0111\u01b0\u1ee3c c\u00e1c \u0111i\u1ec1u kho\u1ea3n thay \u0111\u1ed5i trong \u201cCh\u00ednh S\u00e1ch B\u1ea3o M\u1eadt Th\u00f4ng Tin\u201d c\u1ee7a ch\u00fang t\u00f4i. Th\u00eam v\u00e0o \u0111\u00f3, \u0111\u1ed1i v\u1edbi nh\u1eefng thay \u0111\u1ed5i quan tr\u1ecdng v\u1ec1 c\u00e1ch s\u1eed d\u1ee5ng li\u00ean quan \u0111\u1ebfn c\u00e1c th\u00f4ng tin c\u00e1 nh\u00e2n m\u00e0 b\u1ea1n cung c\u1ea5p cho Run Together Shop, ch\u00fang t\u00f4i s\u1ebd g\u1eedi th\u00f4ng b\u00e1o cho b\u1ea1n b\u1eb1ng Email ho\u1eb7c th\u00f4ng b\u00e1o tr\u00ean c\u00e1c k\u00eanh truy\u1ec1n th\u00f4ng ch\u00ednh th\u1ee9c kh\u00e1c c\u1ee7a Run Together Shop. Trong tr\u01b0\u1eddng h\u1ee3p b\u1ea1n c\u00f3 th\u1eafc m\u1eafc v\u1ec1 c\u00e1c \u0111i\u1ec1u kho\u1ea3n hay c\u00e1ch s\u1eed d\u1ee5ng li\u00ean quan \u0111\u1ebfn c\u00e1c th\u00f4ng tin c\u00e1 nh\u00e2n c\u1ee7a b\u1ea1n t\u1ea1i website<span style=\"color: #99cc00;\">\u00a0<\/span><a href=\"https:\/\/runtogether.vn\/\"><span style=\"color: #99cc00;\">runtogether.vn<\/span><\/a>, xin li\u00ean h\u1ec7 v\u1edbi ch\u00fang t\u00f4i theo \u0111\u1ecba ch\u1ec9 Email:\u00a0<a href=\"mailto:shop@runtogether.vn\"><span style=\"color: #99cc00;\">shop@runtogether.vn<\/span><\/a>.<\/p>\t\t\t\t\t\t<\/div>\n\t\t\t\t<\/div>\n\t\t\t\t<div class=\"elementor-element elementor-element-7a0624d elementor-widget elementor-widget-spacer\" data-id=\"7a0624d\" data-element_type=\"widget\" data-widget_type=\"spacer.default\">\n\t\t\t\t<div class=\"elementor-widget-container\">\n\t\t\t\t\t<div class=\"elementor-spacer\">\n\t\t\t<div class=\"elementor-spacer-inner\"><\/div>\n\t\t<\/div>\n\t\t\t\t<\/div>\n\t\t\t\t<\/div>\n\t\t\t\t\t<\/div>\n\t\t\t\t<\/div>\n\t\t\t\t\t<\/div>\n\t\t\t\t<\/div>\n\t\t\t\t<\/div>","protected":false},"excerpt":{"rendered":"<p>Ch\u00ednh s\u00e1ch b\u1ea3o m\u1eadt th\u00f4ng tin Run Together Shop (\u0111\u01a1n v\u1ecb ch\u1ee7 qu\u1ea3n h\u1ec7 th\u1ed1ng website runtogether.vn) cam k\u1ebft t\u00f4n tr\u1ecdng, b\u1ea3o m\u1eadt nh\u1eefng th\u00f4ng tin mang t\u00ednh ri\u00eang t\u01b0 c\u1ee7a b\u1ea1n. Ch\u00fang t\u00f4i hi\u1ec3u r\u1eb1ng b\u1ea1n c\u1ea7n bi\u1ebft ch\u00fang t\u00f4i qu\u1ea3n l\u00fd nh\u1eefng th\u00f4ng tin c\u00e1 nh\u00e2n \u0111\u01b0\u1ee3c t\u1eadp h\u1ee3p t\u1eeb website nh\u01b0 th\u1ebf [&hellip;]<\/p>","protected":false},"author":3,"featured_media":0,"parent":0,"menu_order":0,"comment_status":"closed","ping_status":"closed","template":"","meta":{"footnotes":""},"class_list":["post-467","page","type-page","status-publish","hentry"],"yoast_head":"<!-- This site is optimized with the Yoast SEO plugin v24.2 - https:\/\/yoast.com\/wordpress\/plugins\/seo\/ -->\n<title>Ch\u00ednh s\u00e1ch b\u1ea3o m\u1eadt - Run Together Shop - Blog Runtogether<\/title>\n<meta name=\"robots\" content=\"index, follow, max-snippet:-1, max-image-preview:large, max-video-preview:-1\" \/>\n<link rel=\"canonical\" href=\"https:\/\/blog.runtogether.vn\/en\/chinh-sach-bao-mat-thong-tin\/\" \/>\n<meta property=\"og:locale\" content=\"en_US\" \/>\n<meta property=\"og:type\" content=\"article\" \/>\n<meta property=\"og:title\" content=\"Ch\u00ednh s\u00e1ch b\u1ea3o m\u1eadt - Run Together Shop - Blog Runtogether\" \/>\n<meta property=\"og:description\" content=\"Ch\u00ednh s\u00e1ch b\u1ea3o m\u1eadt th\u00f4ng tin Run Together Shop (\u0111\u01a1n v\u1ecb ch\u1ee7 qu\u1ea3n h\u1ec7 th\u1ed1ng website runtogether.vn) cam k\u1ebft t\u00f4n tr\u1ecdng, b\u1ea3o m\u1eadt nh\u1eefng th\u00f4ng tin mang t\u00ednh ri\u00eang t\u01b0 c\u1ee7a b\u1ea1n. Ch\u00fang t\u00f4i hi\u1ec3u r\u1eb1ng b\u1ea1n c\u1ea7n bi\u1ebft ch\u00fang t\u00f4i qu\u1ea3n l\u00fd nh\u1eefng th\u00f4ng tin c\u00e1 nh\u00e2n \u0111\u01b0\u1ee3c t\u1eadp h\u1ee3p t\u1eeb website nh\u01b0 th\u1ebf [&hellip;]\" \/>\n<meta property=\"og:url\" content=\"https:\/\/blog.runtogether.vn\/en\/chinh-sach-bao-mat-thong-tin\/\" \/>\n<meta property=\"og:site_name\" content=\"Blog Runtogether\" \/>\n<meta property=\"article:modified_time\" content=\"2024-03-30T03:02:53+00:00\" \/>\n<meta name=\"twitter:card\" content=\"summary_large_image\" \/>\n<meta name=\"twitter:label1\" content=\"Est. reading time\" \/>\n\t<meta name=\"twitter:data1\" content=\"5 minutes\" \/>\n<script type=\"application\/ld+json\" class=\"yoast-schema-graph\">{\"@context\":\"https:\/\/schema.org\",\"@graph\":[{\"@type\":\"WebPage\",\"@id\":\"https:\/\/blog.runtogether.vn\/chinh-sach-bao-mat-thong-tin\/\",\"url\":\"https:\/\/blog.runtogether.vn\/chinh-sach-bao-mat-thong-tin\/\",\"name\":\"Ch\u00ednh s\u00e1ch b\u1ea3o m\u1eadt - Run Together Shop - Blog Runtogether\",\"isPartOf\":{\"@id\":\"https:\/\/blog.runtogether.vn\/#website\"},\"datePublished\":\"2024-03-27T07:59:35+00:00\",\"dateModified\":\"2024-03-30T03:02:53+00:00\",\"breadcrumb\":{\"@id\":\"https:\/\/blog.runtogether.vn\/chinh-sach-bao-mat-thong-tin\/#breadcrumb\"},\"inLanguage\":\"en-US\",\"potentialAction\":[{\"@type\":\"ReadAction\",\"target\":[\"https:\/\/blog.runtogether.vn\/chinh-sach-bao-mat-thong-tin\/\"]}]},{\"@type\":\"BreadcrumbList\",\"@id\":\"https:\/\/blog.runtogether.vn\/chinh-sach-bao-mat-thong-tin\/#breadcrumb\",\"itemListElement\":[{\"@type\":\"ListItem\",\"position\":1,\"name\":\"Trang ch\u1ee7\",\"item\":\"https:\/\/blog.runtogether.vn\/\"},{\"@type\":\"ListItem\",\"position\":2,\"name\":\"Ch\u00ednh s\u00e1ch b\u1ea3o m\u1eadt &#8211; Run Together Shop\"}]},{\"@type\":\"WebSite\",\"@id\":\"https:\/\/blog.runtogether.vn\/#website\",\"url\":\"https:\/\/blog.runtogether.vn\/\",\"name\":\"Blog Runtogether\",\"description\":\"\",\"publisher\":{\"@id\":\"https:\/\/blog.runtogether.vn\/#organization\"},\"potentialAction\":[{\"@type\":\"SearchAction\",\"target\":{\"@type\":\"EntryPoint\",\"urlTemplate\":\"https:\/\/blog.runtogether.vn\/?s={search_term_string}\"},\"query-input\":{\"@type\":\"PropertyValueSpecification\",\"valueRequired\":true,\"valueName\":\"search_term_string\"}}],\"inLanguage\":\"en-US\"},{\"@type\":\"Organization\",\"@id\":\"https:\/\/blog.runtogether.vn\/#organization\",\"name\":\"Blog Runtogether\",\"url\":\"https:\/\/blog.runtogether.vn\/\",\"logo\":{\"@type\":\"ImageObject\",\"inLanguage\":\"en-US\",\"@id\":\"https:\/\/blog.runtogether.vn\/#\/schema\/logo\/image\/\",\"url\":\"https:\/\/blog.runtogether.vn\/wp-content\/uploads\/2024\/03\/300x300.png\",\"contentUrl\":\"https:\/\/blog.runtogether.vn\/wp-content\/uploads\/2024\/03\/300x300.png\",\"width\":300,\"height\":300,\"caption\":\"Blog Runtogether\"},\"image\":{\"@id\":\"https:\/\/blog.runtogether.vn\/#\/schema\/logo\/image\/\"}}]}<\/script>\n<!-- \/ Yoast SEO plugin. -->","yoast_head_json":{"title":"Ch\u00ednh s\u00e1ch b\u1ea3o m\u1eadt - Run Together Shop - Blog Runtogether","robots":{"index":"index","follow":"follow","max-snippet":"max-snippet:-1","max-image-preview":"max-image-preview:large","max-video-preview":"max-video-preview:-1"},"canonical":"https:\/\/blog.runtogether.vn\/en\/chinh-sach-bao-mat-thong-tin\/","og_locale":"en_US","og_type":"article","og_title":"Ch\u00ednh s\u00e1ch b\u1ea3o m\u1eadt - Run Together Shop - Blog Runtogether","og_description":"Ch\u00ednh s\u00e1ch b\u1ea3o m\u1eadt th\u00f4ng tin Run Together Shop (\u0111\u01a1n v\u1ecb ch\u1ee7 qu\u1ea3n h\u1ec7 th\u1ed1ng website runtogether.vn) cam k\u1ebft t\u00f4n tr\u1ecdng, b\u1ea3o m\u1eadt nh\u1eefng th\u00f4ng tin mang t\u00ednh ri\u00eang t\u01b0 c\u1ee7a b\u1ea1n. Ch\u00fang t\u00f4i hi\u1ec3u r\u1eb1ng b\u1ea1n c\u1ea7n bi\u1ebft ch\u00fang t\u00f4i qu\u1ea3n l\u00fd nh\u1eefng th\u00f4ng tin c\u00e1 nh\u00e2n \u0111\u01b0\u1ee3c t\u1eadp h\u1ee3p t\u1eeb website nh\u01b0 th\u1ebf [&hellip;]","og_url":"https:\/\/blog.runtogether.vn\/en\/chinh-sach-bao-mat-thong-tin\/","og_site_name":"Blog Runtogether","article_modified_time":"2024-03-30T03:02:53+00:00","twitter_card":"summary_large_image","twitter_misc":{"Est. reading time":"5 minutes"},"schema":{"@context":"https:\/\/schema.org","@graph":[{"@type":"WebPage","@id":"https:\/\/blog.runtogether.vn\/chinh-sach-bao-mat-thong-tin\/","url":"https:\/\/blog.runtogether.vn\/chinh-sach-bao-mat-thong-tin\/","name":"Ch\u00ednh s\u00e1ch b\u1ea3o m\u1eadt - Run Together Shop - Blog Runtogether","isPartOf":{"@id":"https:\/\/blog.runtogether.vn\/#website"},"datePublished":"2024-03-27T07:59:35+00:00","dateModified":"2024-03-30T03:02:53+00:00","breadcrumb":{"@id":"https:\/\/blog.runtogether.vn\/chinh-sach-bao-mat-thong-tin\/#breadcrumb"},"inLanguage":"en-US","potentialAction":[{"@type":"ReadAction","target":["https:\/\/blog.runtogether.vn\/chinh-sach-bao-mat-thong-tin\/"]}]},{"@type":"BreadcrumbList","@id":"https:\/\/blog.runtogether.vn\/chinh-sach-bao-mat-thong-tin\/#breadcrumb","itemListElement":[{"@type":"ListItem","position":1,"name":"Trang ch\u1ee7","item":"https:\/\/blog.runtogether.vn\/"},{"@type":"ListItem","position":2,"name":"Ch\u00ednh s\u00e1ch b\u1ea3o m\u1eadt &#8211; Run Together Shop"}]},{"@type":"WebSite","@id":"https:\/\/blog.runtogether.vn\/#website","url":"https:\/\/blog.runtogether.vn\/","name":"Blog Runtogether","description":"","publisher":{"@id":"https:\/\/blog.runtogether.vn\/#organization"},"potentialAction":[{"@type":"SearchAction","target":{"@type":"EntryPoint","urlTemplate":"https:\/\/blog.runtogether.vn\/?s={search_term_string}"},"query-input":{"@type":"PropertyValueSpecification","valueRequired":true,"valueName":"search_term_string"}}],"inLanguage":"en-US"},{"@type":"Organization","@id":"https:\/\/blog.runtogether.vn\/#organization","name":"Blog Runtogether","url":"https:\/\/blog.runtogether.vn\/","logo":{"@type":"ImageObject","inLanguage":"en-US","@id":"https:\/\/blog.runtogether.vn\/#\/schema\/logo\/image\/","url":"https:\/\/blog.runtogether.vn\/wp-content\/uploads\/2024\/03\/300x300.png","contentUrl":"https:\/\/blog.runtogether.vn\/wp-content\/uploads\/2024\/03\/300x300.png","width":300,"height":300,"caption":"Blog Runtogether"},"image":{"@id":"https:\/\/blog.runtogether.vn\/#\/schema\/logo\/image\/"}}]}},"_links":{"self":[{"href":"https:\/\/blog.runtogether.vn\/en\/wp-json\/wp\/v2\/pages\/467","targetHints":{"allow":["GET"]}}],"collection":[{"href":"https:\/\/blog.runtogether.vn\/en\/wp-json\/wp\/v2\/pages"}],"about":[{"href":"https:\/\/blog.runtogether.vn\/en\/wp-json\/wp\/v2\/types\/page"}],"author":[{"embeddable":true,"href":"https:\/\/blog.runtogether.vn\/en\/wp-json\/wp\/v2\/users\/3"}],"replies":[{"embeddable":true,"href":"https:\/\/blog.runtogether.vn\/en\/wp-json\/wp\/v2\/comments?post=467"}],"version-history":[{"count":0,"href":"https:\/\/blog.runtogether.vn\/en\/wp-json\/wp\/v2\/pages\/467\/revisions"}],"wp:attachment":[{"href":"https:\/\/blog.runtogether.vn\/en\/wp-json\/wp\/v2\/media?parent=467"}],"curies":[{"name":"wp","href":"https:\/\/api.w.org\/{rel}","templated":true}]}}