{"id":289,"date":"2024-03-27T14:21:51","date_gmt":"2024-03-27T07:21:51","guid":{"rendered":"https:\/\/blog.runtogether.vn\/?page_id=289"},"modified":"2024-03-30T09:45:04","modified_gmt":"2024-03-30T02:45:04","slug":"chinh-sach-doi-tra","status":"publish","type":"page","link":"https:\/\/blog.runtogether.vn\/en\/chinh-sach-doi-tra\/","title":{"rendered":"Ch\u00ednh s\u00e1ch \u0111\u1ed5i tr\u1ea3 &#8211; Run Together Shop"},"content":{"rendered":"<div data-elementor-type=\"wp-page\" data-elementor-id=\"289\" class=\"elementor elementor-289\" data-elementor-post-type=\"page\">\n\t\t\t\t<div class=\"elementor-element elementor-element-d3dbabe e-flex e-con-boxed e-con e-parent\" data-id=\"d3dbabe\" data-element_type=\"container\" data-settings=\"{&quot;background_background&quot;:&quot;classic&quot;,&quot;content_width&quot;:&quot;boxed&quot;}\" data-core-v316-plus=\"true\">\n\t\t\t\t\t<div class=\"e-con-inner\">\n\t\t\t\t<div class=\"elementor-element elementor-element-3c8b6b5 elementor-widget elementor-widget-spacer\" data-id=\"3c8b6b5\" data-element_type=\"widget\" data-widget_type=\"spacer.default\">\n\t\t\t\t<div class=\"elementor-widget-container\">\n\t\t\t<style>\/*! elementor - v3.19.0 - 28-02-2024 *\/\n.elementor-column .elementor-spacer-inner{height:var(--spacer-size)}.e-con{--container-widget-width:100%}.e-con-inner>.elementor-widget-spacer,.e-con>.elementor-widget-spacer{width:var(--container-widget-width,var(--spacer-size));--align-self:var(--container-widget-align-self,initial);--flex-shrink:0}.e-con-inner>.elementor-widget-spacer>.elementor-widget-container,.e-con>.elementor-widget-spacer>.elementor-widget-container{height:100%;width:100%}.e-con-inner>.elementor-widget-spacer>.elementor-widget-container>.elementor-spacer,.e-con>.elementor-widget-spacer>.elementor-widget-container>.elementor-spacer{height:100%}.e-con-inner>.elementor-widget-spacer>.elementor-widget-container>.elementor-spacer>.elementor-spacer-inner,.e-con>.elementor-widget-spacer>.elementor-widget-container>.elementor-spacer>.elementor-spacer-inner{height:var(--container-widget-height,var(--spacer-size))}.e-con-inner>.elementor-widget-spacer.elementor-widget-empty,.e-con>.elementor-widget-spacer.elementor-widget-empty{position:relative;min-height:22px;min-width:22px}.e-con-inner>.elementor-widget-spacer.elementor-widget-empty .elementor-widget-empty-icon,.e-con>.elementor-widget-spacer.elementor-widget-empty .elementor-widget-empty-icon{position:absolute;top:0;bottom:0;left:0;right:0;margin:auto;padding:0;width:22px;height:22px}<\/style>\t\t<div class=\"elementor-spacer\">\n\t\t\t<div class=\"elementor-spacer-inner\"><\/div>\n\t\t<\/div>\n\t\t\t\t<\/div>\n\t\t\t\t<\/div>\n\t\t\t\t<div class=\"elementor-element elementor-element-9a89ade elementor-align-center elementor-widget elementor-widget-breadcrumbs\" data-id=\"9a89ade\" data-element_type=\"widget\" data-widget_type=\"breadcrumbs.default\">\n\t\t\t\t<div class=\"elementor-widget-container\">\n\t\t\t<link rel=\"stylesheet\" href=\"https:\/\/blog.runtogether.vn\/wp-content\/plugins\/elementor-pro\/assets\/css\/widget-theme-elements.min.css\"><div id=\"breadcrumbs\"><span><span><a href=\"https:\/\/blog.runtogether.vn\/en\/\">Trang ch\u1ee7<\/a><\/span><\/span><\/div>\t\t<\/div>\n\t\t\t\t<\/div>\n\t\t\t\t<div class=\"elementor-element elementor-element-a9a0c3c elementor-widget elementor-widget-spacer\" data-id=\"a9a0c3c\" data-element_type=\"widget\" data-widget_type=\"spacer.default\">\n\t\t\t\t<div class=\"elementor-widget-container\">\n\t\t\t\t\t<div class=\"elementor-spacer\">\n\t\t\t<div class=\"elementor-spacer-inner\"><\/div>\n\t\t<\/div>\n\t\t\t\t<\/div>\n\t\t\t\t<\/div>\n\t\t\t\t\t<\/div>\n\t\t\t\t<\/div>\n\t\t<div class=\"elementor-element elementor-element-912c125 e-flex e-con-boxed e-con e-parent\" data-id=\"912c125\" data-element_type=\"container\" data-settings=\"{&quot;content_width&quot;:&quot;boxed&quot;}\" data-core-v316-plus=\"true\">\n\t\t\t\t\t<div class=\"e-con-inner\">\n\t\t\t\t<div class=\"elementor-element elementor-element-f1f814d elementor-widget elementor-widget-heading\" data-id=\"f1f814d\" data-element_type=\"widget\" data-widget_type=\"heading.default\">\n\t\t\t\t<div class=\"elementor-widget-container\">\n\t\t\t<style>\/*! elementor - v3.19.0 - 28-02-2024 *\/\n.elementor-heading-title{padding:0;margin:0;line-height:1}.elementor-widget-heading .elementor-heading-title[class*=elementor-size-]>a{color:inherit;font-size:inherit;line-height:inherit}.elementor-widget-heading .elementor-heading-title.elementor-size-small{font-size:15px}.elementor-widget-heading .elementor-heading-title.elementor-size-medium{font-size:19px}.elementor-widget-heading .elementor-heading-title.elementor-size-large{font-size:29px}.elementor-widget-heading .elementor-heading-title.elementor-size-xl{font-size:39px}.elementor-widget-heading .elementor-heading-title.elementor-size-xxl{font-size:59px}<\/style><h2 class=\"elementor-heading-title elementor-size-default\">Ch\u00ednh s\u00e1ch \u0111\u1ed5i tr\u1ea3<\/h2>\t\t<\/div>\n\t\t\t\t<\/div>\n\t\t<div class=\"elementor-element elementor-element-9b0b5e6 e-flex e-con-boxed e-con e-child\" data-id=\"9b0b5e6\" data-element_type=\"container\" data-settings=\"{&quot;content_width&quot;:&quot;boxed&quot;}\">\n\t\t\t\t\t<div class=\"e-con-inner\">\n\t\t\t\t<div class=\"elementor-element elementor-element-36fc472 elementor-widget__width-inherit elementor-widget elementor-widget-text-editor\" data-id=\"36fc472\" data-element_type=\"widget\" data-widget_type=\"text-editor.default\">\n\t\t\t\t<div class=\"elementor-widget-container\">\n\t\t\t<style>\/*! elementor - v3.19.0 - 28-02-2024 *\/\n.elementor-widget-text-editor.elementor-drop-cap-view-stacked .elementor-drop-cap{background-color:#69727d;color:#fff}.elementor-widget-text-editor.elementor-drop-cap-view-framed .elementor-drop-cap{color:#69727d;border:3px solid;background-color:transparent}.elementor-widget-text-editor:not(.elementor-drop-cap-view-default) .elementor-drop-cap{margin-top:8px}.elementor-widget-text-editor:not(.elementor-drop-cap-view-default) .elementor-drop-cap-letter{width:1em;height:1em}.elementor-widget-text-editor .elementor-drop-cap{float:left;text-align:center;line-height:1;font-size:50px}.elementor-widget-text-editor .elementor-drop-cap-letter{display:inline-block}<\/style>\t\t\t\t<h5><strong><img decoding=\"async\" class=\"alignnone wp-image-327\" src=\"https:\/\/blog.runtogether.vn\/wp-content\/uploads\/2024\/03\/1f45f.webp\" alt=\"\" width=\"20\" height=\"20\" \/> CH\u00cdNH S\u00c1CH \u0110\u1ed4I H\u00c0NG &#8211; GI\u00c0Y C\u00d4NG NGH\u1ec6 TH\u1ec2 THAO RUN TOGETHER <img decoding=\"async\" class=\"alignnone wp-image-327\" src=\"https:\/\/blog.runtogether.vn\/wp-content\/uploads\/2024\/03\/1f45f.webp\" alt=\"\" width=\"20\" height=\"20\" \/><\/strong><\/h5>\t\t\t\t\t\t<\/div>\n\t\t\t\t<\/div>\n\t\t\t\t<div class=\"elementor-element elementor-element-1b18f50 elementor-widget__width-inherit elementor-widget-tablet__width-inherit elementor-widget-mobile__width-inherit elementor-widget elementor-widget-text-editor\" data-id=\"1b18f50\" data-element_type=\"widget\" data-widget_type=\"text-editor.default\">\n\t\t\t\t<div class=\"elementor-widget-container\">\n\t\t\t\t\t\t\t<p><em><img decoding=\"async\" class=\"alignnone wp-image-328\" src=\"https:\/\/blog.runtogether.vn\/wp-content\/uploads\/2024\/03\/1f449.webp\" alt=\"\" width=\"21\" height=\"21\" \/><\/em> \u0110\u1ec3 mang \u0111\u1ebfn s\u1ef1 thu\u1eadn ti\u1ec7n v\u00e0 tr\u1ea3i nghi\u1ec7m t\u1ed1t nh\u1ea5t cho kh\u00e1ch h\u00e0ng, Run Together Vi\u1ec7t Nam \u00e1p d\u1ee5ng ch\u00ednh s\u00e1ch \u0111\u1ed5i h\u00e0ng \u00e1p d\u1ee5ng cho gi\u00e0y th\u1ec3 thao Run Together. Ch\u00fang t\u00f4i lu\u00f4n mong mu\u1ed1n mang l\u1ea1i cho kh\u00e1ch h\u00e0ng nh\u1eefng s\u1ea3n ph\u1ea9m v\u00e0 ch\u1ea5t l\u01b0\u1ee3ng ph\u1ee5c v\u1ee5 t\u1ed1t nh\u1ea5t.<\/p>\t\t\t\t\t\t<\/div>\n\t\t\t\t<\/div>\n\t\t\t\t<div class=\"elementor-element elementor-element-45c7a86 elementor-widget elementor-widget-image\" data-id=\"45c7a86\" data-element_type=\"widget\" data-widget_type=\"image.default\">\n\t\t\t\t<div class=\"elementor-widget-container\">\n\t\t\t<style>\/*! elementor - v3.19.0 - 28-02-2024 *\/\n.elementor-widget-image{text-align:center}.elementor-widget-image a{display:inline-block}.elementor-widget-image a img[src$=\".svg\"]{width:48px}.elementor-widget-image img{vertical-align:middle;display:inline-block}<\/style>\t\t\t\t\t\t\t\t\t\t<img fetchpriority=\"high\" decoding=\"async\" width=\"821\" height=\"1500\" src=\"https:\/\/blog.runtogether.vn\/wp-content\/uploads\/2024\/03\/chinh-sach-doi-tra.png\" class=\"attachment-full size-full wp-image-298\" alt=\"\" srcset=\"https:\/\/blog.runtogether.vn\/wp-content\/uploads\/2024\/03\/chinh-sach-doi-tra.png 821w, https:\/\/blog.runtogether.vn\/wp-content\/uploads\/2024\/03\/chinh-sach-doi-tra-164x300.png 164w, https:\/\/blog.runtogether.vn\/wp-content\/uploads\/2024\/03\/chinh-sach-doi-tra-560x1024.png 560w, https:\/\/blog.runtogether.vn\/wp-content\/uploads\/2024\/03\/chinh-sach-doi-tra-768x1403.png 768w\" sizes=\"(max-width: 821px) 100vw, 821px\" \/>\t\t\t\t\t\t\t\t\t\t\t\t\t<\/div>\n\t\t\t\t<\/div>\n\t\t\t\t<div class=\"elementor-element elementor-element-9501222 elementor-widget elementor-widget-spacer\" data-id=\"9501222\" data-element_type=\"widget\" data-widget_type=\"spacer.default\">\n\t\t\t\t<div class=\"elementor-widget-container\">\n\t\t\t\t\t<div class=\"elementor-spacer\">\n\t\t\t<div class=\"elementor-spacer-inner\"><\/div>\n\t\t<\/div>\n\t\t\t\t<\/div>\n\t\t\t\t<\/div>\n\t\t\t\t<div class=\"elementor-element elementor-element-359c29b elementor-widget__width-inherit elementor-widget-tablet__width-inherit elementor-widget-mobile__width-auto elementor-widget elementor-widget-text-editor\" data-id=\"359c29b\" data-element_type=\"widget\" data-widget_type=\"text-editor.default\">\n\t\t\t\t<div class=\"elementor-widget-container\">\n\t\t\t\t\t\t\t<p><strong>1. \u0110\u1ed5i tr\u1ea3 h\u00e0ng khi s\u1ea3n ph\u1ea9m l\u1ed7i\u00a0<\/strong><\/p><ul><li>Ki\u1ec3m tra \u0111i\u1ec1u ki\u1ec7n ho\u00e0n tr\u1ea3 h\u00e0ng b\u00ean d\u01b0\u1edbi.<\/li><li>\u0110\u00f3ng g\u00f3i s\u1ea3n ph\u1ea9m v\u00e0 t\u1ea5t c\u1ea3 ph\u1ee5 ki\u1ec7m k\u00e8m theo v\u1ec1 c\u1eeda h\u00e0ng Run Together nh\u01b0 h\u01b0\u1edbng d\u1eabn.<\/li><li>Nh\u1eadn s\u1ea3n ph\u1ea9m m\u1edbi.<\/li><\/ul><p><strong>\u0110i\u1ec1u ki\u1ec7n:<\/strong> Kh\u00e1ch h\u00e0ng \u0111\u01b0\u1ee3c \u0111\u1ed5i s\u1ea3n ph\u1ea9m 1 l\u1ea7n duy nh\u1ea5t trong 7 &#8211; 14 ng\u00e0y k\u1ec3 t\u1eeb ng\u00e0y nh\u1eadn h\u00e0ng khi s\u1ea3n ph\u1ea9m th\u1ecfa nh\u1eefng \u0111i\u1ec1u ki\u1ec7n sau:<\/p><ul><li>Khi Run Together giao nh\u1ea7m m\u00e0u, nh\u1ea7m k\u00edch c\u1ee1, nh\u1ea7m s\u1ea3n ph\u1ea9m ho\u1eb7c s\u1ea3n ph\u1ea9m b\u1ecb h\u01b0 h\u1ecfng do nh\u00e0 s\u1ea3n xu\u1ea5t. Kh\u00e1ch h\u00e0ng g\u1eedi c\u00e1c h\u00ecnh \u1ea3nh s\u1ea3n ph\u1ea9m nh\u1eadn \u0111\u01b0\u1ee3c k\u00e8m m\u00e3 \u0111\u01a1n h\u00e0ng \u0111\u1ebfn Fanpage ho\u1eb7c\u00a0Zalo OA C\u00f4ng Ngh\u1ec7 Th\u1ec3 Thao Run Together: <span style=\"color: #99cc00;\"><a class=\"custom-link\" style=\"color: #99cc00;\" href=\"https:\/\/zalo.me\/3103810090902948540\" target=\"_blank\" rel=\"noopener nofollow\" data-ft=\"{\" data-lynx-mode=\"async\">https:\/\/zalo.me\/3103810090902948540<\/a><a class=\"custom-link-small\" style=\"color: #99cc00;\" href=\"https:\/\/zalo.me\/3103810090902948540\" target=\"_blank\" rel=\"noopener nofollow\" data-ft=\"{\" data-lynx-mode=\"async\">click here<\/a><\/span> \u0111\u1ec3 \u0111\u01b0\u1ee3c b\u1ed9 ph\u1eadn t\u01b0 v\u1ea5n h\u1ed7 tr\u1ee3.<\/li><\/ul><ul><li>S\u1ea3n ph\u1ea9m c\u1ea7n \u0111\u1ed5i c\u00f2n m\u1edbi 100% ch\u01b0a qua s\u1eed d\u1ee5ng ho\u1eb7c gi\u1eb7t t\u1ea9y, nguy\u00ean phi\u1ebfu b\u1ea3o h\u00e0nh, tem nh\u00e3n s\u1ea3n ph\u1ea9m, kh\u00f4ng b\u1ecb d\u01a1 b\u1ea9n, tr\u1ea7y x\u01b0\u1edbc, \u0111\u1ea7y \u0111\u1ee7 bao b\u00ec, t\u00fai h\u1ed9p (n\u1ebfu c\u00f3).<\/li><li>Tr\u1eeb tr\u01b0\u1eddng h\u1ee3p \u0111\u01b0\u1ee3c quy\u1ec1n \u0111\u1ed5i h\u00e0ng nh\u01b0 tr\u00ean, Run Together kh\u00f4ng nh\u1eadn x\u1eed l\u00fd c\u00e1c v\u1ea5n \u0111\u1ec1 kh\u00e1c.<\/li><\/ul><p><strong>L\u01b0u \u00fd: \u00a0 \u00a0<\/strong><\/p><ul><li>Kh\u00f4ng \u00e1p d\u1ee5ng vi\u1ec7c tr\u1ea3 h\u00e0ng ho\u00e0n ti\u1ec1n trong b\u1ea5t c\u1ee9 tr\u01b0\u1eddng h\u1ee3p n\u00e0o<\/li><li>Tr\u01b0\u1eddng h\u1ee3p s\u1ea3n ph\u1ea9m l\u1ed7i c\u1ea7n \u0111\u1ed5i, khi g\u1eedi v\u1ec1 \u0111\u1ed5i nh\u01b0ng b\u1ecb h\u1ebft h\u00e0ng, kh\u00e1ch h\u00e0ng c\u00f3 th\u1ec3 \u0111\u1ed5i sang s\u1ea3n ph\u1ea9m kh\u00e1c c\u00f3 gi\u00e1 tr\u1ecb l\u1edbn h\u01a1n ho\u1eb7c b\u1eb1ng s\u1ea3n ph\u1ea9m tr\u01b0\u1edbc \u0111\u00f3 (kh\u00e1ch h\u00e0ng s\u1ebd b\u00f9 ti\u1ec1n ch\u00eanh l\u1ec7ch n\u1ebfu gi\u00e1 tr\u1ecb cao h\u01a1n v\u00e0 s\u1ebd kh\u00f4ng \u0111\u01b0\u1ee3c ho\u00e0n l\u1ea1i ti\u1ec1n ch\u00eanh l\u1ec7ch n\u1ebfu gi\u00e1 tr\u1ecb th\u1ea5p h\u01a1n).<\/li><\/ul><p><strong>2. Chi ph\u00ed v\u1eadn chuy\u1ec3n cho vi\u1ec7c \u0111\u1ed5i k\u00edch c\u1ee1 v\u00e0 \u0111\u1ed5i h\u00e0ng l\u1ed7i<\/strong><\/p><ul><li>Tr\u01b0\u1eddng h\u1ee3p l\u1ed7i t\u1eeb Run Together giao sai th\u00f4ng tin s\u1ea3n ph\u1ea9m (kh\u00f4ng \u0111\u00fang k\u00edch c\u1ee1, kh\u00f4ng \u0111\u00fang s\u1ea3n ph\u1ea9m), h\u01b0 h\u1ecfng trong qu\u00e1 tr\u00ecnh v\u1eadn chuy\u1ec3n ho\u1eb7c t\u1eeb nh\u00e0 s\u1ea3n xu\u1ea5t kh\u00e1ch h\u00e0ng \u0111\u01b0\u1ee3c mi\u1ec5n ph\u00ed ho\u00e0n to\u00e0n chi ph\u00ed v\u1eadn chuy\u1ec3n \u0111\u1ed5i h\u00e0ng.<\/li><li>Tr\u01b0\u1eddng h\u1ee3p l\u1ed7i do kh\u00e1ch h\u00e0ng trong vi\u1ec7c \u0111\u1eb7t sai \u0111\u01a1n h\u00e0ng, Run Together \u0111\u00e3 giao \u0111\u00fang s\u1ea3n ph\u1ea9m theo th\u00f4ng tin tr\u00ean \u0111\u01a1n h\u00e0ng \u0111\u00e3 \u0111\u1eb7t, chi ph\u00ed v\u1eadn chuy\u1ec3n hai chi\u1ec1u khi g\u1eedi \u0111\u1ed5i s\u1ebd do kh\u00e1ch h\u00e0ng thanh to\u00e1n.<\/li><\/ul><p><strong>3. H\u00ecnh th\u1ee9c \u0111\u1ed5i s\u1ea3n ph\u1ea9m:<\/strong><\/p><ul><li>Qu\u00fd kh\u00e1ch g\u1eedi h\u00e0ng \u0111\u1ed5i tr\u1ea3 v\u1ec1 \u0111\u1ecba ch\u1ec9 81 Nguy\u1ec5n Hi\u1ec1n, KDC 91B, ph\u01b0\u1eddng An Kh\u00e1nh, qu\u1eadn Ninh Ki\u1ec1u, th\u00e0nh ph\u1ed1 C\u1ea7n Th\u01a1;\u00a0S\u0110T: 056.650.8889<\/li><li>TH\u00d4NG TIN D\u00c1N B\u00caN NGO\u00c0I H\u1ed8P GHI M\u00c3 \u0110\u01a0N H\u00c0NG<\/li><li>Qu\u00fd kh\u00e1ch vui l\u00f2ng ch\u1ecdn cho ng\u01b0\u1eddi nh\u1eadn xem h\u00e0ng tr\u01b0\u1edbc.<\/li><\/ul><p><strong>4. Th\u1eddi gian x\u1eed l\u00fd<\/strong><\/p><ul><li>Sau khi nh\u1eadn \u0111\u01b0\u1ee3c s\u1ea3n ph\u1ea9m g\u1eedi v\u1ec1, Run Together s\u1ebd ti\u1ebfn h\u00e0nh ki\u1ec3m tra v\u00e0 x\u1eed l\u00fd \u0111\u1ed5i tr\u1ea3 trong v\u00f2ng 7 &#8211; 14 ng\u00e0y l\u00e0m vi\u1ec7c.<\/li><\/ul>\t\t\t\t\t\t<\/div>\n\t\t\t\t<\/div>\n\t\t\t\t<div class=\"elementor-element elementor-element-6f0d09c elementor-widget elementor-widget-spacer\" data-id=\"6f0d09c\" data-element_type=\"widget\" data-widget_type=\"spacer.default\">\n\t\t\t\t<div class=\"elementor-widget-container\">\n\t\t\t\t\t<div class=\"elementor-spacer\">\n\t\t\t<div class=\"elementor-spacer-inner\"><\/div>\n\t\t<\/div>\n\t\t\t\t<\/div>\n\t\t\t\t<\/div>\n\t\t\t\t\t<\/div>\n\t\t\t\t<\/div>\n\t\t\t\t\t<\/div>\n\t\t\t\t<\/div>\n\t\t\t\t<\/div>","protected":false},"excerpt":{"rendered":"<p>Ch\u00ednh s\u00e1ch \u0111\u1ed5i tr\u1ea3 CH\u00cdNH S\u00c1CH \u0110\u1ed4I H\u00c0NG &#8211; GI\u00c0Y C\u00d4NG NGH\u1ec6 TH\u1ec2 THAO RUN TOGETHER \u0110\u1ec3 mang \u0111\u1ebfn s\u1ef1 thu\u1eadn ti\u1ec7n v\u00e0 tr\u1ea3i nghi\u1ec7m t\u1ed1t nh\u1ea5t cho kh\u00e1ch h\u00e0ng, Run Together Vi\u1ec7t Nam \u00e1p d\u1ee5ng ch\u00ednh s\u00e1ch \u0111\u1ed5i h\u00e0ng \u00e1p d\u1ee5ng cho gi\u00e0y th\u1ec3 thao Run Together. Ch\u00fang t\u00f4i lu\u00f4n mong mu\u1ed1n mang l\u1ea1i [&hellip;]<\/p>","protected":false},"author":3,"featured_media":0,"parent":0,"menu_order":0,"comment_status":"closed","ping_status":"closed","template":"","meta":{"footnotes":""},"class_list":["post-289","page","type-page","status-publish","hentry"],"yoast_head":"<!-- This site is optimized with the Yoast SEO plugin v24.2 - https:\/\/yoast.com\/wordpress\/plugins\/seo\/ -->\n<title>Ch\u00ednh s\u00e1ch \u0111\u1ed5i tr\u1ea3 - Run Together Shop - Blog Runtogether<\/title>\n<meta name=\"robots\" content=\"index, follow, max-snippet:-1, max-image-preview:large, max-video-preview:-1\" \/>\n<link rel=\"canonical\" href=\"https:\/\/blog.runtogether.vn\/en\/chinh-sach-doi-tra\/\" \/>\n<meta property=\"og:locale\" content=\"en_US\" \/>\n<meta property=\"og:type\" content=\"article\" \/>\n<meta property=\"og:title\" content=\"Ch\u00ednh s\u00e1ch \u0111\u1ed5i tr\u1ea3 - Run Together Shop - Blog Runtogether\" \/>\n<meta property=\"og:description\" content=\"Ch\u00ednh s\u00e1ch \u0111\u1ed5i tr\u1ea3 CH\u00cdNH S\u00c1CH \u0110\u1ed4I H\u00c0NG &#8211; GI\u00c0Y C\u00d4NG NGH\u1ec6 TH\u1ec2 THAO RUN TOGETHER \u0110\u1ec3 mang \u0111\u1ebfn s\u1ef1 thu\u1eadn ti\u1ec7n v\u00e0 tr\u1ea3i nghi\u1ec7m t\u1ed1t nh\u1ea5t cho kh\u00e1ch h\u00e0ng, Run Together Vi\u1ec7t Nam \u00e1p d\u1ee5ng ch\u00ednh s\u00e1ch \u0111\u1ed5i h\u00e0ng \u00e1p d\u1ee5ng cho gi\u00e0y th\u1ec3 thao Run Together. Ch\u00fang t\u00f4i lu\u00f4n mong mu\u1ed1n mang l\u1ea1i [&hellip;]\" \/>\n<meta property=\"og:url\" content=\"https:\/\/blog.runtogether.vn\/en\/chinh-sach-doi-tra\/\" \/>\n<meta property=\"og:site_name\" content=\"Blog Runtogether\" \/>\n<meta property=\"article:modified_time\" content=\"2024-03-30T02:45:04+00:00\" \/>\n<meta property=\"og:image\" content=\"https:\/\/blog.runtogether.vn\/wp-content\/uploads\/2024\/03\/1f45f.webp\" \/>\n<meta name=\"twitter:card\" content=\"summary_large_image\" \/>\n<meta name=\"twitter:label1\" content=\"Est. reading time\" \/>\n\t<meta name=\"twitter:data1\" content=\"4 minutes\" \/>\n<script type=\"application\/ld+json\" class=\"yoast-schema-graph\">{\"@context\":\"https:\/\/schema.org\",\"@graph\":[{\"@type\":\"WebPage\",\"@id\":\"https:\/\/blog.runtogether.vn\/chinh-sach-doi-tra\/\",\"url\":\"https:\/\/blog.runtogether.vn\/chinh-sach-doi-tra\/\",\"name\":\"Ch\u00ednh s\u00e1ch \u0111\u1ed5i tr\u1ea3 - Run Together Shop - Blog Runtogether\",\"isPartOf\":{\"@id\":\"https:\/\/blog.runtogether.vn\/#website\"},\"primaryImageOfPage\":{\"@id\":\"https:\/\/blog.runtogether.vn\/chinh-sach-doi-tra\/#primaryimage\"},\"image\":{\"@id\":\"https:\/\/blog.runtogether.vn\/chinh-sach-doi-tra\/#primaryimage\"},\"thumbnailUrl\":\"https:\/\/blog.runtogether.vn\/wp-content\/uploads\/2024\/03\/1f45f.webp\",\"datePublished\":\"2024-03-27T07:21:51+00:00\",\"dateModified\":\"2024-03-30T02:45:04+00:00\",\"breadcrumb\":{\"@id\":\"https:\/\/blog.runtogether.vn\/chinh-sach-doi-tra\/#breadcrumb\"},\"inLanguage\":\"en-US\",\"potentialAction\":[{\"@type\":\"ReadAction\",\"target\":[\"https:\/\/blog.runtogether.vn\/chinh-sach-doi-tra\/\"]}]},{\"@type\":\"ImageObject\",\"inLanguage\":\"en-US\",\"@id\":\"https:\/\/blog.runtogether.vn\/chinh-sach-doi-tra\/#primaryimage\",\"url\":\"https:\/\/blog.runtogether.vn\/wp-content\/uploads\/2024\/03\/1f45f.webp\",\"contentUrl\":\"https:\/\/blog.runtogether.vn\/wp-content\/uploads\/2024\/03\/1f45f.webp\"},{\"@type\":\"BreadcrumbList\",\"@id\":\"https:\/\/blog.runtogether.vn\/chinh-sach-doi-tra\/#breadcrumb\",\"itemListElement\":[{\"@type\":\"ListItem\",\"position\":1,\"name\":\"Trang ch\u1ee7\",\"item\":\"https:\/\/blog.runtogether.vn\/\"},{\"@type\":\"ListItem\",\"position\":2,\"name\":\"Ch\u00ednh s\u00e1ch \u0111\u1ed5i tr\u1ea3 &#8211; Run Together Shop\"}]},{\"@type\":\"WebSite\",\"@id\":\"https:\/\/blog.runtogether.vn\/#website\",\"url\":\"https:\/\/blog.runtogether.vn\/\",\"name\":\"Blog Runtogether\",\"description\":\"\",\"publisher\":{\"@id\":\"https:\/\/blog.runtogether.vn\/#organization\"},\"potentialAction\":[{\"@type\":\"SearchAction\",\"target\":{\"@type\":\"EntryPoint\",\"urlTemplate\":\"https:\/\/blog.runtogether.vn\/?s={search_term_string}\"},\"query-input\":{\"@type\":\"PropertyValueSpecification\",\"valueRequired\":true,\"valueName\":\"search_term_string\"}}],\"inLanguage\":\"en-US\"},{\"@type\":\"Organization\",\"@id\":\"https:\/\/blog.runtogether.vn\/#organization\",\"name\":\"Blog Runtogether\",\"url\":\"https:\/\/blog.runtogether.vn\/\",\"logo\":{\"@type\":\"ImageObject\",\"inLanguage\":\"en-US\",\"@id\":\"https:\/\/blog.runtogether.vn\/#\/schema\/logo\/image\/\",\"url\":\"https:\/\/blog.runtogether.vn\/wp-content\/uploads\/2024\/03\/300x300.png\",\"contentUrl\":\"https:\/\/blog.runtogether.vn\/wp-content\/uploads\/2024\/03\/300x300.png\",\"width\":300,\"height\":300,\"caption\":\"Blog Runtogether\"},\"image\":{\"@id\":\"https:\/\/blog.runtogether.vn\/#\/schema\/logo\/image\/\"}}]}<\/script>\n<!-- \/ Yoast SEO plugin. -->","yoast_head_json":{"title":"Ch\u00ednh s\u00e1ch \u0111\u1ed5i tr\u1ea3 - Run Together Shop - Blog Runtogether","robots":{"index":"index","follow":"follow","max-snippet":"max-snippet:-1","max-image-preview":"max-image-preview:large","max-video-preview":"max-video-preview:-1"},"canonical":"https:\/\/blog.runtogether.vn\/en\/chinh-sach-doi-tra\/","og_locale":"en_US","og_type":"article","og_title":"Ch\u00ednh s\u00e1ch \u0111\u1ed5i tr\u1ea3 - Run Together Shop - Blog Runtogether","og_description":"Ch\u00ednh s\u00e1ch \u0111\u1ed5i tr\u1ea3 CH\u00cdNH S\u00c1CH \u0110\u1ed4I H\u00c0NG &#8211; GI\u00c0Y C\u00d4NG NGH\u1ec6 TH\u1ec2 THAO RUN TOGETHER \u0110\u1ec3 mang \u0111\u1ebfn s\u1ef1 thu\u1eadn ti\u1ec7n v\u00e0 tr\u1ea3i nghi\u1ec7m t\u1ed1t nh\u1ea5t cho kh\u00e1ch h\u00e0ng, Run Together Vi\u1ec7t Nam \u00e1p d\u1ee5ng ch\u00ednh s\u00e1ch \u0111\u1ed5i h\u00e0ng \u00e1p d\u1ee5ng cho gi\u00e0y th\u1ec3 thao Run Together. Ch\u00fang t\u00f4i lu\u00f4n mong mu\u1ed1n mang l\u1ea1i [&hellip;]","og_url":"https:\/\/blog.runtogether.vn\/en\/chinh-sach-doi-tra\/","og_site_name":"Blog Runtogether","article_modified_time":"2024-03-30T02:45:04+00:00","og_image":[{"url":"https:\/\/blog.runtogether.vn\/wp-content\/uploads\/2024\/03\/1f45f.webp","type":"","width":"","height":""}],"twitter_card":"summary_large_image","twitter_misc":{"Est. reading time":"4 minutes"},"schema":{"@context":"https:\/\/schema.org","@graph":[{"@type":"WebPage","@id":"https:\/\/blog.runtogether.vn\/chinh-sach-doi-tra\/","url":"https:\/\/blog.runtogether.vn\/chinh-sach-doi-tra\/","name":"Ch\u00ednh s\u00e1ch \u0111\u1ed5i tr\u1ea3 - Run Together Shop - Blog Runtogether","isPartOf":{"@id":"https:\/\/blog.runtogether.vn\/#website"},"primaryImageOfPage":{"@id":"https:\/\/blog.runtogether.vn\/chinh-sach-doi-tra\/#primaryimage"},"image":{"@id":"https:\/\/blog.runtogether.vn\/chinh-sach-doi-tra\/#primaryimage"},"thumbnailUrl":"https:\/\/blog.runtogether.vn\/wp-content\/uploads\/2024\/03\/1f45f.webp","datePublished":"2024-03-27T07:21:51+00:00","dateModified":"2024-03-30T02:45:04+00:00","breadcrumb":{"@id":"https:\/\/blog.runtogether.vn\/chinh-sach-doi-tra\/#breadcrumb"},"inLanguage":"en-US","potentialAction":[{"@type":"ReadAction","target":["https:\/\/blog.runtogether.vn\/chinh-sach-doi-tra\/"]}]},{"@type":"ImageObject","inLanguage":"en-US","@id":"https:\/\/blog.runtogether.vn\/chinh-sach-doi-tra\/#primaryimage","url":"https:\/\/blog.runtogether.vn\/wp-content\/uploads\/2024\/03\/1f45f.webp","contentUrl":"https:\/\/blog.runtogether.vn\/wp-content\/uploads\/2024\/03\/1f45f.webp"},{"@type":"BreadcrumbList","@id":"https:\/\/blog.runtogether.vn\/chinh-sach-doi-tra\/#breadcrumb","itemListElement":[{"@type":"ListItem","position":1,"name":"Trang ch\u1ee7","item":"https:\/\/blog.runtogether.vn\/"},{"@type":"ListItem","position":2,"name":"Ch\u00ednh s\u00e1ch \u0111\u1ed5i tr\u1ea3 &#8211; Run Together Shop"}]},{"@type":"WebSite","@id":"https:\/\/blog.runtogether.vn\/#website","url":"https:\/\/blog.runtogether.vn\/","name":"Blog Runtogether","description":"","publisher":{"@id":"https:\/\/blog.runtogether.vn\/#organization"},"potentialAction":[{"@type":"SearchAction","target":{"@type":"EntryPoint","urlTemplate":"https:\/\/blog.runtogether.vn\/?s={search_term_string}"},"query-input":{"@type":"PropertyValueSpecification","valueRequired":true,"valueName":"search_term_string"}}],"inLanguage":"en-US"},{"@type":"Organization","@id":"https:\/\/blog.runtogether.vn\/#organization","name":"Blog Runtogether","url":"https:\/\/blog.runtogether.vn\/","logo":{"@type":"ImageObject","inLanguage":"en-US","@id":"https:\/\/blog.runtogether.vn\/#\/schema\/logo\/image\/","url":"https:\/\/blog.runtogether.vn\/wp-content\/uploads\/2024\/03\/300x300.png","contentUrl":"https:\/\/blog.runtogether.vn\/wp-content\/uploads\/2024\/03\/300x300.png","width":300,"height":300,"caption":"Blog Runtogether"},"image":{"@id":"https:\/\/blog.runtogether.vn\/#\/schema\/logo\/image\/"}}]}},"_links":{"self":[{"href":"https:\/\/blog.runtogether.vn\/en\/wp-json\/wp\/v2\/pages\/289","targetHints":{"allow":["GET"]}}],"collection":[{"href":"https:\/\/blog.runtogether.vn\/en\/wp-json\/wp\/v2\/pages"}],"about":[{"href":"https:\/\/blog.runtogether.vn\/en\/wp-json\/wp\/v2\/types\/page"}],"author":[{"embeddable":true,"href":"https:\/\/blog.runtogether.vn\/en\/wp-json\/wp\/v2\/users\/3"}],"replies":[{"embeddable":true,"href":"https:\/\/blog.runtogether.vn\/en\/wp-json\/wp\/v2\/comments?post=289"}],"version-history":[{"count":0,"href":"https:\/\/blog.runtogether.vn\/en\/wp-json\/wp\/v2\/pages\/289\/revisions"}],"wp:attachment":[{"href":"https:\/\/blog.runtogether.vn\/en\/wp-json\/wp\/v2\/media?parent=289"}],"curies":[{"name":"wp","href":"https:\/\/api.w.org\/{rel}","templated":true}]}}